{"id":29,"date":"2021-12-10T07:31:23","date_gmt":"2021-12-10T07:31:23","guid":{"rendered":"https:\/\/emotionguitars.com\/?page_id=29"},"modified":"2022-01-03T10:07:37","modified_gmt":"2022-01-03T03:07:37","slug":"lien-he","status":"publish","type":"page","link":"https:\/\/emotionguitars.com\/en\/lien-he\/","title":{"rendered":"Contact"},"content":{"rendered":"<div class=\"row\"  id=\"row-202574947\">\n\n\n\t<div id=\"col-1163502578\" class=\"col medium-4 small-12 large-4\"  >\n\t\t\t\t<div class=\"col-inner\"  >\n\t\t\t\n\t\t\t\n\n\t<section class=\"section\" id=\"section_1747478928\">\n\t\t<div class=\"bg section-bg fill bg-fill bg-loaded\" >\n\n\t\t\t\n\t\t\t\n\t\t\t\n\n\t\t<\/div>\n\n\t\t<div class=\"section-content relative\">\n\t\t\t\n\n\t<div class=\"img has-hover x md-x lg-x y md-y lg-y\" id=\"image_1364757775\">\n\t\t\t\t\t\t\t\t<div class=\"img-inner image-cover dark\" style=\"padding-top:287%;\">\n\t\t\t<img loading=\"lazy\" decoding=\"async\" width=\"764\" height=\"777\" src=\"https:\/\/emotionguitars.com\/wp-content\/uploads\/2022\/01\/daco-237004.png\" class=\"attachment-original size-original\" alt=\"\" srcset=\"https:\/\/emotionguitars.com\/wp-content\/uploads\/2022\/01\/daco-237004.png 764w, https:\/\/emotionguitars.com\/wp-content\/uploads\/2022\/01\/daco-237004-295x300.png 295w, https:\/\/emotionguitars.com\/wp-content\/uploads\/2022\/01\/daco-237004-600x610.png 600w\" sizes=\"auto, (max-width: 764px) 100vw, 764px\" \/>\t\t\t\t\t\t\n\t\t\t\t\t<\/div>\n\t\t\t\t\t\t\t\t\n<style>\n#image_1364757775 {\n  width: 100%;\n}\n<\/style>\n\t<\/div>\n\t\n\n\n\t\t<\/div>\n\n\t\t\n<style>\n#section_1747478928 {\n  padding-top: 30px;\n  padding-bottom: 30px;\n}\n#section_1747478928 .section-bg.bg-loaded {\n  background-image: url(https:\/\/emotionguitars.com\/wp-content\/uploads\/2022\/01\/unnamed-1-1-e1609421829643.png);\n}\n<\/style>\n\t<\/section>\n\t\n\n\t\t<\/div>\n\t\t\t\t\t<\/div>\n\n\t\n\n\t<div id=\"col-1399024904\" class=\"col medium-8 small-12 large-8\"  >\n\t\t\t\t<div class=\"col-inner\"  >\n\t\t\t\n\t\t\t\n\n<h2>LI\u00caN H\u1ec6 V\u1edaI CH\u00daNG T\u00d4I:<\/h2>\n<h5>GUITAR V\u0168 HI\u1ec2N<\/h5>\n<p>Li\u00ean h\u1ec7: 0917108026<\/p>\n\n\t\t<div class=\"icon-box featured-box icon-box-left text-left\"  >\n\t\t\t\t\t<div class=\"icon-box-img\" style=\"width: 30px\">\n\t\t\t\t<div class=\"icon\">\n\t\t\t\t\t<div class=\"icon-inner\" >\n\t\t\t\t\t\t<img loading=\"lazy\" decoding=\"async\" width=\"29\" height=\"29\" src=\"https:\/\/emotionguitars.com\/wp-content\/uploads\/2022\/01\/icon-caydan.jpg\" class=\"attachment-medium size-medium\" alt=\"\" \/>\t\t\t\t\t<\/div>\n\t\t\t\t<\/div>\n\t\t\t<\/div>\n\t\t\t\t<div class=\"icon-box-text last-reset\">\n\t\t\t\t\t\t\t\t\t\n\n<p><strong>C\u01a1 S\u1edf 1:<\/strong><br \/>34 Trung Li\u1ec7t, Th\u00e1i H\u00e0, \u0110\u1ed1ng \u0110a, HN<\/p>\n\n\t\t<\/div>\n\t<\/div>\n\t\n\t\n\t<div id=\"gap-1934357994\" class=\"gap-element clearfix\" style=\"display:block; height:auto;\">\n\t\t\n<style>\n#gap-1934357994 {\n  padding-top: 20px;\n}\n<\/style>\n\t<\/div>\n\t\n\n\n\t\t<div class=\"icon-box featured-box icon-box-left text-left\"  >\n\t\t\t\t\t<div class=\"icon-box-img\" style=\"width: 30px\">\n\t\t\t\t<div class=\"icon\">\n\t\t\t\t\t<div class=\"icon-inner\" >\n\t\t\t\t\t\t<img loading=\"lazy\" decoding=\"async\" width=\"29\" height=\"29\" src=\"https:\/\/emotionguitars.com\/wp-content\/uploads\/2022\/01\/icon-caydan.jpg\" class=\"attachment-medium size-medium\" alt=\"\" \/>\t\t\t\t\t<\/div>\n\t\t\t\t<\/div>\n\t\t\t<\/div>\n\t\t\t\t<div class=\"icon-box-text last-reset\">\n\t\t\t\t\t\t\t\t\t\n\n<p><strong>C\u01a1 S\u1edf 2:<\/strong><br \/>Ph\u00f2ng 212B1 ( \u0111\u1ed1i di\u1ec7n 53 T\u00f4 Hi\u1ec7u), Ngh\u0129a T\u00e2n, C\u1ea7u Gi\u1ea5y<\/p>\n\n\t\t<\/div>\n\t<\/div>\n\t\n\t\n\t<div id=\"gap-241121974\" class=\"gap-element clearfix\" style=\"display:block; height:auto;\">\n\t\t\n<style>\n#gap-241121974 {\n  padding-top: 20px;\n}\n<\/style>\n\t<\/div>\n\t\n\n\n\t\t<div class=\"icon-box featured-box icon-box-left text-left\"  >\n\t\t\t\t\t<div class=\"icon-box-img\" style=\"width: 30px\">\n\t\t\t\t<div class=\"icon\">\n\t\t\t\t\t<div class=\"icon-inner\" >\n\t\t\t\t\t\t<img loading=\"lazy\" decoding=\"async\" width=\"29\" height=\"29\" src=\"https:\/\/emotionguitars.com\/wp-content\/uploads\/2022\/01\/icon-caydan.jpg\" class=\"attachment-medium size-medium\" alt=\"\" \/>\t\t\t\t\t<\/div>\n\t\t\t\t<\/div>\n\t\t\t<\/div>\n\t\t\t\t<div class=\"icon-box-text last-reset\">\n\t\t\t\t\t\t\t\t\t\n\n<p><strong>C\u01a1 S\u1edf 3:<\/strong><br \/>S\u1ed1 25, ng\u00f5 5, Tr\u01b0\u1eddng Chinh ( g\u1ea7n ng\u00e3 t\u01b0 V\u1ecdng)<\/p>\n\n\t\t<\/div>\n\t<\/div>\n\t\n\t\n\t<div id=\"gap-1373113111\" class=\"gap-element clearfix\" style=\"display:block; height:auto;\">\n\t\t\n<style>\n#gap-1373113111 {\n  padding-top: 60px;\n}\n<\/style>\n\t<\/div>\n\t\n\n\n\t\t<div class=\"icon-box featured-box icon-box-left text-left\"  >\n\t\t\t\t\t<div class=\"icon-box-img\" style=\"width: 30px\">\n\t\t\t\t<div class=\"icon\">\n\t\t\t\t\t<div class=\"icon-inner\" >\n\t\t\t\t\t\t<img loading=\"lazy\" decoding=\"async\" width=\"24\" height=\"23\" src=\"https:\/\/emotionguitars.com\/wp-content\/uploads\/2022\/01\/icon-fb.jpg\" class=\"attachment-medium size-medium\" alt=\"\" \/>\t\t\t\t\t<\/div>\n\t\t\t\t<\/div>\n\t\t\t<\/div>\n\t\t\t\t<div class=\"icon-box-text last-reset\">\n\t\t\t\t\t\t\t\t\t\n\n<h3><b>FACEBOOK<\/b><\/h3>\n\n\t\t<\/div>\n\t<\/div>\n\t\n\t\n\t<div id=\"gap-1150637543\" class=\"gap-element clearfix\" style=\"display:block; height:auto;\">\n\t\t\n<style>\n#gap-1150637543 {\n  padding-top: 20px;\n}\n<\/style>\n\t<\/div>\n\t\n\n<p><span style=\"font-size: 100%;\">https:\/\/www.facebook.com\/GuitarVuHien\/<\/span><br \/><span style=\"font-size: 100%;\">https:\/\/www.facebook.com\/hientango<\/span><\/p>\n\n\t\t<div class=\"icon-box featured-box icon-box-left text-left\"  >\n\t\t\t\t\t<div class=\"icon-box-img\" style=\"width: 26px\">\n\t\t\t\t<div class=\"icon\">\n\t\t\t\t\t<div class=\"icon-inner\" >\n\t\t\t\t\t\t<img loading=\"lazy\" decoding=\"async\" width=\"31\" height=\"24\" src=\"https:\/\/emotionguitars.com\/wp-content\/uploads\/2022\/01\/icon-youtube.jpg\" class=\"attachment-medium size-medium\" alt=\"\" \/>\t\t\t\t\t<\/div>\n\t\t\t\t<\/div>\n\t\t\t<\/div>\n\t\t\t\t<div class=\"icon-box-text last-reset\">\n\t\t\t\t\t\t\t\t\t\n\n<h3><b>YOUTUBE<\/b><\/h3>\n\n\t\t<\/div>\n\t<\/div>\n\t\n\t\n\t<div id=\"gap-771766351\" class=\"gap-element clearfix\" style=\"display:block; height:auto;\">\n\t\t\n<style>\n#gap-771766351 {\n  padding-top: 20px;\n}\n<\/style>\n\t<\/div>\n\t\n\n<p>https:\/\/www.youtube.com\/user\/Vuhienguitar<\/p>\n\n\t\t<div class=\"icon-box featured-box icon-box-left text-left\"  >\n\t\t\t\t\t<div class=\"icon-box-img\" style=\"width: 25px\">\n\t\t\t\t<div class=\"icon\">\n\t\t\t\t\t<div class=\"icon-inner\" >\n\t\t\t\t\t\t<img loading=\"lazy\" decoding=\"async\" width=\"31\" height=\"24\" src=\"https:\/\/emotionguitars.com\/wp-content\/uploads\/2022\/01\/icon-youtube.jpg\" class=\"attachment-medium size-medium\" alt=\"\" \/>\t\t\t\t\t<\/div>\n\t\t\t\t<\/div>\n\t\t\t<\/div>\n\t\t\t\t<div class=\"icon-box-text last-reset\">\n\t\t\t\t\t\t\t\t\t\n\n<h3><b>EMAIL<\/b><\/h3>\n\n\t\t<\/div>\n\t<\/div>\n\t\n\t\n\t<div id=\"gap-364474678\" class=\"gap-element clearfix\" style=\"display:block; height:auto;\">\n\t\t\n<style>\n#gap-364474678 {\n  padding-top: 20px;\n}\n<\/style>\n\t<\/div>\n\t\n\n<p>hientango@gmail.com<\/p>\n\n\t\t<\/div>\n\t\t\t\t\n<style>\n#col-1399024904 > .col-inner {\n  padding: 60px 0px 0px 0px;\n}\n<\/style>\n\t<\/div>\n\n\t\n\n<\/div>","protected":false},"excerpt":{"rendered":"","protected":false},"author":2,"featured_media":0,"parent":0,"menu_order":0,"comment_status":"closed","ping_status":"closed","template":"","meta":{"footnotes":""},"class_list":["post-29","page","type-page","status-publish","hentry"],"_links":{"self":[{"href":"https:\/\/emotionguitars.com\/en\/wp-json\/wp\/v2\/pages\/29","targetHints":{"allow":["GET"]}}],"collection":[{"href":"https:\/\/emotionguitars.com\/en\/wp-json\/wp\/v2\/pages"}],"about":[{"href":"https:\/\/emotionguitars.com\/en\/wp-json\/wp\/v2\/types\/page"}],"author":[{"embeddable":true,"href":"https:\/\/emotionguitars.com\/en\/wp-json\/wp\/v2\/users\/2"}],"replies":[{"embeddable":true,"href":"https:\/\/emotionguitars.com\/en\/wp-json\/wp\/v2\/comments?post=29"}],"version-history":[{"count":0,"href":"https:\/\/emotionguitars.com\/en\/wp-json\/wp\/v2\/pages\/29\/revisions"}],"wp:attachment":[{"href":"https:\/\/emotionguitars.com\/en\/wp-json\/wp\/v2\/media?parent=29"}],"curies":[{"name":"wp","href":"https:\/\/api.w.org\/{rel}","templated":true}]}}