{"id":1684,"date":"2022-02-15T17:02:36","date_gmt":"2022-02-15T10:02:36","guid":{"rendered":"https:\/\/emotionguitars.com\/?post_type=product&#038;p=1684"},"modified":"2025-05-16T06:27:38","modified_gmt":"2025-05-15T23:27:38","slug":"hannabach-600","status":"publish","type":"product","link":"https:\/\/emotionguitars.com\/en\/product\/hannabach-600\/","title":{"rendered":"D\u00e2y \u0111\u00e0n Hannabach 600"},"content":{"rendered":"<p><iframe loading=\"lazy\" title=\"Gi\u1edbi thi\u1ec7u d\u00e2y Hannabach 600mt | S\u1ef1 trung t\u00ednh h\u00e0i h\u00f2a\" width=\"1020\" height=\"574\" src=\"https:\/\/www.youtube.com\/embed\/JCB7_xy_GlY?feature=oembed\" frameborder=\"0\" allow=\"accelerometer; autoplay; clipboard-write; encrypted-media; gyroscope; picture-in-picture\" allowfullscreen><\/iframe><\/p>","protected":false},"excerpt":{"rendered":"","protected":false},"featured_media":1685,"template":"","meta":[],"product_cat":[19,39],"product_tag":[344,324,348,345,346,347],"class_list":["post-1684","product","type-product","status-publish","has-post-thumbnail","hentry","product_cat-day-dan-guitar","product_cat-hannabach","product_tag-day-dan-chinh-hang","product_tag-day-dan-tot","product_tag-day-nilon-chinh-hang","product_tag-hannabach-600","product_tag-hannabach-string","product_tag-mua-day-guitar-chinh-hang"],"_links":{"self":[{"href":"https:\/\/emotionguitars.com\/en\/wp-json\/wp\/v2\/product\/1684","targetHints":{"allow":["GET"]}}],"collection":[{"href":"https:\/\/emotionguitars.com\/en\/wp-json\/wp\/v2\/product"}],"about":[{"href":"https:\/\/emotionguitars.com\/en\/wp-json\/wp\/v2\/types\/product"}],"wp:featuredmedia":[{"embeddable":true,"href":"https:\/\/emotionguitars.com\/en\/wp-json\/wp\/v2\/media\/1685"}],"wp:attachment":[{"href":"https:\/\/emotionguitars.com\/en\/wp-json\/wp\/v2\/media?parent=1684"}],"wp:term":[{"taxonomy":"product_cat","embeddable":true,"href":"https:\/\/emotionguitars.com\/en\/wp-json\/wp\/v2\/product_cat?post=1684"},{"taxonomy":"product_tag","embeddable":true,"href":"https:\/\/emotionguitars.com\/en\/wp-json\/wp\/v2\/product_tag?post=1684"}],"curies":[{"name":"wp","href":"https:\/\/api.w.org\/{rel}","templated":true}]}}