{"id":1686,"date":"2022-02-15T17:03:45","date_gmt":"2022-02-15T10:03:45","guid":{"rendered":"https:\/\/emotionguitars.com\/?post_type=product&#038;p=1686"},"modified":"2025-05-16T06:27:47","modified_gmt":"2025-05-15T23:27:47","slug":"hannabach-725-goldin","status":"publish","type":"product","link":"https:\/\/emotionguitars.com\/en\/product\/hannabach-725-goldin\/","title":{"rendered":"D\u00e2y \u0111\u00e0n Hannabach 725 Goldin"},"content":{"rendered":"<div class=\"kvgmc6g5 cxmmr5t8 oygrvhab hcukyx3x c1et5uql ii04i59q\">\n<div dir=\"auto\">Hannabach Goldin 725 &#8211; M\u00e0u \u00e2m \u0111\u01b0\u1ee3m bu\u1ed3n<\/div>\n<\/div>\n<div class=\"cxmmr5t8 oygrvhab hcukyx3x c1et5uql o9v6fnle ii04i59q\">\n<div dir=\"auto\">Series Goldin 725 g\u1ed3m c\u00e1c d\u00e2y treble (d\u00e2y thanh) l\u00e0m t\u1eeb s\u1ee3i cacbon tinh ch\u1ebf m\u00e0u v\u00e0ng v\u00e0 d\u00e2y bass (d\u00e2y tr\u1ea7m) b\u1ec1 m\u1eb7t r\u00e1p l\u00e0m b\u1eb1ng h\u1ee3p kim m\u00e0u v\u00e0ng.<\/div>\n<div dir=\"auto\">D\u00e2y treble l\u00e0m t\u1eeb s\u1ee3i si\u00eau kim lo\u1ea1i cacbon \u0111em \u0111\u1ebfn ch\u1ea5t l\u01b0\u1ee3ng \u00e2m thanh ti\u1ebfng \u1ea5m v\u00e0 m\u1ec1m m\u1ea1i h\u01a1n h\u1eb3n c\u00e1c d\u00e2y \u0111\u00e0n l\u00e0m t\u1eeb s\u1ee3i cacbon th\u00f4ng th\u01b0\u1eddng kh\u00e1c.<\/div>\n<\/div>\n<div class=\"cxmmr5t8 oygrvhab hcukyx3x c1et5uql o9v6fnle ii04i59q\">\n<div dir=\"auto\">D\u00e2y bass ( d\u00e2y tr\u1ea7m) \u0111\u01b0\u1ee3c l\u00e0m b\u1eb1ng h\u1ee3p kim m\u00e0u v\u00e0ng c\u00f3 t\u00ean g\u1ecdi \u201cGoldin\u201d, ho\u00e0n to\u00e0n kh\u00f4ng ch\u1ee9a niken v\u00e0 catmi. D\u00e2y bass cho \u00e2m thanh n\u1ed5i b\u1eadt v\u00e0 r\u00f5 r\u00e0ng. R\u1ea5t nhi\u1ec1u ngh\u1ec7 s\u0129 guitar chuy\u00ean nghi\u1ec7p \u0111\u00e1nh gi\u00e1 \u0111\u00e2y l\u00e0 m\u1ed9t trong nh\u1eefng lo\u1ea1i d\u00e2y t\u1ed1t nh\u1ea5t d\u00e0nh cho \u0111\u00e0n guitar c\u1ed5 \u0111i\u1ec3n.<\/div>\n<div dir=\"auto\">B\u1ed9 d\u00e2y n\u00e0y c\u00f3 lo\u1ea1i c\u1ee9ng v\u1eeba cho c\u1ea3 d\u00e2y bass v\u00e0 treble, ho\u1eb7c ch\u1ec9 cho d\u00e2y bass\/treble, ho\u1eb7c cho t\u1eebng d\u00e2y l\u1ebb.<\/div>\n<div dir=\"auto\">S\u1eed d\u1ee5ng cho c\u00e1c \u0111\u00e0n c\u00f3 \u0111\u1ed9 d\u00e0i d\u00e2y kho\u1ea3ng 65 cm hay 25.5 inch.<\/div>\n<\/div>\n<div class=\"cxmmr5t8 oygrvhab hcukyx3x c1et5uql o9v6fnle ii04i59q\">\n<div dir=\"auto\">D\u00e2y treble: si\u00eau h\u1ee3p kim c\u00e1c bon, d\u00e2y tr\u01a1n<\/div>\n<div dir=\"auto\">D\u00e2y bass: h\u1ee3p kim m\u00e0u v\u00e0ng, b\u1ec1 m\u1eb7t r\u00e1p m\u1ea1 v\u00e0ng.<\/div>\n<div dir=\"auto\"><a class=\"oajrlxb2 g5ia77u1 qu0x051f esr5mh6w e9989ue4 r7d6kgcz rq0escxv nhd2j8a9 nc684nl6 p7hjln8o kvgmc6g5 cxmmr5t8 oygrvhab hcukyx3x jb3vyjys rz4wbd8a qt6c0cv9 a8nywdso i1ao9s8h esuyzwwr f1sip0of lzcic4wl gpro0wi8 py34i1dx\" tabindex=\"0\" role=\"link\" href=\"https:\/\/l.facebook.com\/l.php?u=https%3A%2F%2Fyoutu.be%2F9bXAVm7NZs8%3Ffbclid%3DIwAR2ZeFpBJ0ZdxUnmPlZwDFDpD4I8UHxTyQfrDx8bHdtMzylHZsNH1FPEaFs&amp;h=AT3adR0HUTxA0BrFX-F59aCKWTo2zmFW3DvWNL9DVgCZBY0fz78oZ1sJlHgXzuM6mag5ud4rSN7mwRf7hdQoUZ93NFvsDwf1-a7qAggtF0BF6kcTRLLH2ekUzibUwNb0NwyERGIhRK-GfSPSMawh&amp;__tn__=-UK-R&amp;c[0]=AT007OzaeGvZU9pkliDfIDsTq2UwYJX6YE--DHfsEMWef4-cU_amaAfB0J0INYNQ6I0A1KJwtTEqGXkwTPMuacHhO1vms7KfBq3CzL1cqEiJl3qfDcq0_kQBQm--Wo2wn0G2UEI4NHC1s_PiWT78YWdUfdbJ8mnoOX-pBi-FLgJjLRChYUAC7wO_7ZbuYId0Uz2a0-Q\" target=\"_blank\" rel=\"nofollow noopener\">https:\/\/youtu.be\/9bXAVm7NZs8<\/a><\/div>\n<\/div>","protected":false},"excerpt":{"rendered":"<p>Hannabach Goldin 725 &#8211; M\u00e0u \u00e2m \u0111\u01b0\u1ee3m bu\u1ed3n Series Goldin 725 g\u1ed3m c\u00e1c d\u00e2y treble (d\u00e2y thanh) l\u00e0m t\u1eeb s\u1ee3i cacbon tinh ch\u1ebf m\u00e0u v\u00e0ng v\u00e0 d\u00e2y bass (d\u00e2y tr\u1ea7m) b\u1ec1 m\u1eb7t r\u00e1p l\u00e0m b\u1eb1ng h\u1ee3p kim m\u00e0u v\u00e0ng. D\u00e2y treble l\u00e0m t\u1eeb s\u1ee3i si\u00eau kim lo\u1ea1i cacbon \u0111em \u0111\u1ebfn ch\u1ea5t l\u01b0\u1ee3ng \u00e2m thanh ti\u1ebfng&#8230;<\/p>","protected":false},"featured_media":1687,"template":"","meta":[],"product_cat":[19,39],"product_tag":[327,324,325,127,328,329,125,326],"class_list":["post-1686","product","type-product","status-publish","has-post-thumbnail","hentry","product_cat-day-dan-guitar","product_cat-hannabach","product_tag-ban-day-dan-chinh-hang","product_tag-day-dan-tot","product_tag-godlin-hannabach","product_tag-goldin-hannabach","product_tag-hannabach","product_tag-hannabach-725","product_tag-hannabach-goldin","product_tag-hannabch-strings"],"_links":{"self":[{"href":"https:\/\/emotionguitars.com\/en\/wp-json\/wp\/v2\/product\/1686","targetHints":{"allow":["GET"]}}],"collection":[{"href":"https:\/\/emotionguitars.com\/en\/wp-json\/wp\/v2\/product"}],"about":[{"href":"https:\/\/emotionguitars.com\/en\/wp-json\/wp\/v2\/types\/product"}],"wp:featuredmedia":[{"embeddable":true,"href":"https:\/\/emotionguitars.com\/en\/wp-json\/wp\/v2\/media\/1687"}],"wp:attachment":[{"href":"https:\/\/emotionguitars.com\/en\/wp-json\/wp\/v2\/media?parent=1686"}],"wp:term":[{"taxonomy":"product_cat","embeddable":true,"href":"https:\/\/emotionguitars.com\/en\/wp-json\/wp\/v2\/product_cat?post=1686"},{"taxonomy":"product_tag","embeddable":true,"href":"https:\/\/emotionguitars.com\/en\/wp-json\/wp\/v2\/product_tag?post=1686"}],"curies":[{"name":"wp","href":"https:\/\/api.w.org\/{rel}","templated":true}]}}