{"id":1688,"date":"2022-02-15T17:04:48","date_gmt":"2022-02-15T10:04:48","guid":{"rendered":"https:\/\/emotionguitars.com\/?post_type=product&#038;p=1688"},"modified":"2025-05-16T06:27:57","modified_gmt":"2025-05-15T23:27:57","slug":"hannabach-950-titanyl","status":"publish","type":"product","link":"https:\/\/emotionguitars.com\/en\/product\/hannabach-950-titanyl\/","title":{"rendered":"D\u00e2y \u0111\u00e0n Hannabach 950 Titanyl"},"content":{"rendered":"<p>C\u00e1c d\u00e2y treble c\u1ee7a Titanyl \u0111\u01b0\u1ee3c l\u00e0m b\u1eb1ng h\u1ed7n h\u1ee3p polyamide mang l\u1ea1i cho d\u00e2y \u00e2m thanh \u0111\u1eb7c bi\u1ec7t s\u00e1ng v\u00e0 r\u00f5 r\u00e0ng v\u1edbi \u0111\u1ed9 s\u00e1ng tuy\u1ec7t v\u1eddi.<\/p>\n<p>C\u00e1c d\u00e2y bass \u0111\u01b0\u1ee3c qu\u1ea5n b\u1eb1ng d\u00e2y b\u1ea1c tu\u1ed5i th\u1ecd cao mang \u0111\u1ebfn \u00e2m thanh \u0111\u1ea7y \u0111\u1ee7 v\u00e0 s\u00f3ng h\u00e0i r\u00f5 r\u00e0ng. Nh\u1eefng b\u1ed9 d\u00e2y n\u00e0y l\u00e0 m\u1ed9t ph\u1ea7n trong qu\u00e1 tr\u00ecnh ph\u00e1t tri\u1ec3n l\u00e2u d\u00e0i c\u1ee7a Werner Hannabach v\u00e0 h\u01b0\u1edbng \u0111\u1ebfn nh\u1eefng ngh\u1ec7 s\u0129 guitar y\u00eau c\u1ea7u nh\u1eefng ti\u00eau chu\u1ea9n cao nh\u1ea5t.<\/p>\n<p>C\u00f3 s\u1eb5n ba \u0111\u1ed9 c\u0103ng nh\u01b0 m\u1ed9t b\u1ed9 ho\u00e0n ch\u1ec9nh, b\u1ed9 \u00e2m tr\u1ea7m ho\u1eb7c \u00e2m b\u1ed5ng, c\u0169ng nh\u01b0 c\u00e1c d\u00e2y \u0111\u01a1n.<\/p>","protected":false},"excerpt":{"rendered":"<p>C\u00e1c d\u00e2y treble c\u1ee7a Titanyl \u0111\u01b0\u1ee3c l\u00e0m b\u1eb1ng h\u1ed7n h\u1ee3p polyamide mang l\u1ea1i cho d\u00e2y \u00e2m thanh \u0111\u1eb7c bi\u1ec7t s\u00e1ng v\u00e0 r\u00f5 r\u00e0ng v\u1edbi \u0111\u1ed9 s\u00e1ng tuy\u1ec7t v\u1eddi. C\u00e1c d\u00e2y bass \u0111\u01b0\u1ee3c qu\u1ea5n b\u1eb1ng d\u00e2y b\u1ea1c tu\u1ed5i th\u1ecd cao mang \u0111\u1ebfn \u00e2m thanh \u0111\u1ea7y \u0111\u1ee7 v\u00e0 s\u00f3ng h\u00e0i r\u00f5 r\u00e0ng. Nh\u1eefng b\u1ed9 d\u00e2y n\u00e0y l\u00e0&#8230;<\/p>","protected":false},"featured_media":1689,"template":"","meta":[],"product_cat":[19,39],"product_tag":[334,332,333,335],"class_list":["post-1688","product","type-product","status-publish","has-post-thumbnail","hentry","product_cat-day-dan-guitar","product_cat-hannabach","product_tag-day-da-guitar-titanyl","product_tag-day-dan-nilon","product_tag-day-titanyl","product_tag-hannabach-titanyl"],"_links":{"self":[{"href":"https:\/\/emotionguitars.com\/en\/wp-json\/wp\/v2\/product\/1688","targetHints":{"allow":["GET"]}}],"collection":[{"href":"https:\/\/emotionguitars.com\/en\/wp-json\/wp\/v2\/product"}],"about":[{"href":"https:\/\/emotionguitars.com\/en\/wp-json\/wp\/v2\/types\/product"}],"wp:featuredmedia":[{"embeddable":true,"href":"https:\/\/emotionguitars.com\/en\/wp-json\/wp\/v2\/media\/1689"}],"wp:attachment":[{"href":"https:\/\/emotionguitars.com\/en\/wp-json\/wp\/v2\/media?parent=1688"}],"wp:term":[{"taxonomy":"product_cat","embeddable":true,"href":"https:\/\/emotionguitars.com\/en\/wp-json\/wp\/v2\/product_cat?post=1688"},{"taxonomy":"product_tag","embeddable":true,"href":"https:\/\/emotionguitars.com\/en\/wp-json\/wp\/v2\/product_tag?post=1688"}],"curies":[{"name":"wp","href":"https:\/\/api.w.org\/{rel}","templated":true}]}}