{"id":1690,"date":"2022-02-15T17:05:45","date_gmt":"2022-02-15T10:05:45","guid":{"rendered":"https:\/\/emotionguitars.com\/?post_type=product&#038;p=1690"},"modified":"2025-05-16T06:28:06","modified_gmt":"2025-05-15T23:28:06","slug":"hannabach-pro-mix","status":"publish","type":"product","link":"https:\/\/emotionguitars.com\/en\/product\/hannabach-pro-mix\/","title":{"rendered":"D\u00e2y \u0111\u00e0n Hannabach Pro Mix"},"content":{"rendered":"<div dir=\"auto\">D\u00e2y Pro Mix l\u00e0 lo\u1ea1i d\u00e2y Hannabach \u0111\u1eb7t l\u00e0m ri\u00eang \u0111\u1ed9c quy\u1ec1n cho Emotion Guitar, sau 7 th\u00e1ng th\u1eed nghi\u1ec7m, d\u00e2y \u0111\u00e3 \u0111\u01b0\u1ee3c t\u1ed1i \u01b0u nh\u1ea5t v\u1edbi s\u1ef1 k\u1ebft h\u1ee3p nh\u01b0 sau:<\/div>\n<div dir=\"auto\">&#8211; D\u00e2y 1 v\u00e0 2: s\u1eed d\u1ee5ng d\u00e2y 815 Nylon d\u1ea1ng tinh khi\u1ebft nh\u1ea5t, t\u1ed1i \u01b0u h\u01a1n v\u1ec1 s\u1ee9c b\u1eadt v\u00e0 \u0111\u1ed9 n\u00e9t. \u0110\u00e2y l\u00e0 n\u00e9t ch\u1ea5m ph\u00e1 tuy\u1ec7t v\u1eddi!<\/div>\n<div dir=\"auto\">&#8211; D\u00e2y 3: 815 Carbon \u0111\u1ec3 t\u1ea1o \u0111\u1ed9 m\u1ea1nh c\u1ee7a d\u00e2y s\u1ed1 3 v\u1ed1n nh\u01b0\u1ee3c \u0111i\u1ec3m chung l\u00e0 h\u01a1i c\u00e2m h\u01a1n c\u00e1c d\u00e2y c\u00f2n l\u1ea1i.<\/div>\n<div dir=\"auto\">&#8211; D\u00e2y 4,5,6: s\u1eed d\u1ee5ng ch\u1ea5t li\u1ec7u c\u1ee7a model Titany n\u1ed5i ti\u1ebfng, cho ra ch\u1ea5t \u00e2m r\u1ea5t ch\u1eafc, \u0111\u1ea7m v\u00e0 kh\u00f4ng b\u1ecb nh\u00f2a, c\u00f3 s\u1ee9c n\u1eb7ng v\u1edbi 1 gi\u1ea3i t\u1ea7n r\u1ed9ng.<\/div>","protected":false},"excerpt":{"rendered":"<p>D\u00e2y Pro Mix l\u00e0 lo\u1ea1i d\u00e2y Hannabach \u0111\u1eb7t l\u00e0m ri\u00eang \u0111\u1ed9c quy\u1ec1n cho Emotion Guitar, sau 7 th\u00e1ng th\u1eed nghi\u1ec7m, d\u00e2y \u0111\u00e3 \u0111\u01b0\u1ee3c t\u1ed1i \u01b0u nh\u1ea5t v\u1edbi s\u1ef1 k\u1ebft h\u1ee3p nh\u01b0 sau: &#8211; D\u00e2y 1 v\u00e0 2: s\u1eed d\u1ee5ng d\u00e2y 815 Nylon d\u1ea1ng tinh khi\u1ebft nh\u1ea5t, t\u1ed1i \u01b0u h\u01a1n v\u1ec1 s\u1ee9c b\u1eadt v\u00e0 \u0111\u1ed9 n\u00e9t&#8230;.<\/p>","protected":false},"featured_media":1725,"template":"","meta":[],"product_cat":[19,39],"product_tag":[349,352,331,350,351],"class_list":["post-1690","product","type-product","status-publish","has-post-thumbnail","hentry","product_cat-day-dan-guitar","product_cat-hannabach","product_tag-day-dan-guitar-tai-ha-noi","product_tag-day-ghita-tot","product_tag-day-guitar-chinh-hang","product_tag-hannabach-pro-mix","product_tag-hannabach-promix"],"_links":{"self":[{"href":"https:\/\/emotionguitars.com\/en\/wp-json\/wp\/v2\/product\/1690","targetHints":{"allow":["GET"]}}],"collection":[{"href":"https:\/\/emotionguitars.com\/en\/wp-json\/wp\/v2\/product"}],"about":[{"href":"https:\/\/emotionguitars.com\/en\/wp-json\/wp\/v2\/types\/product"}],"wp:featuredmedia":[{"embeddable":true,"href":"https:\/\/emotionguitars.com\/en\/wp-json\/wp\/v2\/media\/1725"}],"wp:attachment":[{"href":"https:\/\/emotionguitars.com\/en\/wp-json\/wp\/v2\/media?parent=1690"}],"wp:term":[{"taxonomy":"product_cat","embeddable":true,"href":"https:\/\/emotionguitars.com\/en\/wp-json\/wp\/v2\/product_cat?post=1690"},{"taxonomy":"product_tag","embeddable":true,"href":"https:\/\/emotionguitars.com\/en\/wp-json\/wp\/v2\/product_tag?post=1690"}],"curies":[{"name":"wp","href":"https:\/\/api.w.org\/{rel}","templated":true}]}}