{"id":1692,"date":"2022-02-15T17:06:53","date_gmt":"2022-02-15T10:06:53","guid":{"rendered":"https:\/\/emotionguitars.com\/?post_type=product&#038;p=1692"},"modified":"2025-05-16T06:28:16","modified_gmt":"2025-05-15T23:28:16","slug":"hannabach-silver-200","status":"publish","type":"product","link":"https:\/\/emotionguitars.com\/en\/product\/hannabach-silver-200\/","title":{"rendered":"D\u00e2y \u0111\u00e0n Hannabach Silver 200"},"content":{"rendered":"<p>Hannabach Silver 200 c\u00f3 ch\u1ea5t \u00e2m r\u1ea5t m\u01b0\u1ee3t m\u00e0, \u01b0\u1edbt \u00e1t v\u00e0 s\u00e1ng. D\u00e2y \u0111\u00e0n n\u00e0y cung c\u1ea5p c\u00e1c \u00e2m tr\u1ea7m \u0111\u01b0\u1ee3c m\u1ea1 b\u1eb1ng b\u1ea1c c\u00f3 \u0111\u1ed9 b\u1ec1n cao v\u00e0 \u0111\u01b0\u1ee3c ph\u1ee7 ch\u1ed1ng \u0103n m\u00f2n, c\u00e1c \u0111\u1ea7u d\u00e2y \u0111\u01b0\u1ee3c gia c\u1ed1 l\u1ea1i \u0111\u1ec3 c\u00f3 tu\u1ed5i th\u1ecd cao h\u01a1n. S\u1ea3n ph\u1ea9m ch\u1ea5t l\u01b0\u1ee3ng cao n\u00e0y d\u00e0nh cho nh\u1eefng ng\u01b0\u1eddi ch\u01a1i c\u00f3 ti\u00eau chu\u1ea9n cao nh\u1ea5t v\u1ec1 t\u00ednh s\u00e1ng t\u1ea1o v\u00e0 s\u1ef1 ki\u00ean tr\u00ec. C\u00f3 s\u1eb5n hai c\u01b0\u1eddng \u0111\u1ed9 nh\u01b0 b\u1ed9 \u00e2m tr\u1ea7m ho\u1eb7c \u00e2m b\u1ed5ng ho\u00e0n ch\u1ec9nh c\u0169ng nh\u01b0 d\u00e2y \u0111\u01a1n.<\/p>\n<ul>\n<li>Guitarist Marco Lohre: Trong g\u1ea7n 20 n\u0103m, ch\u00fang t\u00f4i ch\u1ec9 ch\u01a1i Hannabach Silver 200 d\u00e2y (MHT). \u0110\u01b0\u1eddng k\u00ednh t\u01b0\u01a1ng \u0111\u1ed1i l\u1edbn c\u1ee7a d\u00e2y treble mang l\u1ea1i cho \u00e2m thanh m\u1ed9t \u0111\u1ed9 \u1ea5m kh\u00f4ng th\u1ec3 so s\u00e1nh \u0111\u01b0\u1ee3c m\u00e0 kh\u00f4ng l\u00e0m m\u1ea5t ph\u1ea3n \u1ee9ng nhanh. C\u00e1c \u00e2m tr\u1ea7m c\u00f3 \u0111\u1ed9 s\u00e1ng m\u1ea1nh m\u1ebd tuy\u1ec7t v\u1eddi. Nh\u1eefng d\u00e2y ch\u1ea5t l\u01b0\u1ee3ng cao n\u00e0y \u0111\u1ea3m b\u1ea3o ng\u1eef \u0111i\u1ec7u ch\u00ednh x\u00e1c v\u00e0 tu\u1ed5i th\u1ecd l\u00e2u d\u00e0i. S\u1ef1 \u1ea5m \u00e1p v\u00e0 s\u00e1ng ch\u00f3i ch\u01b0a t\u1eebng c\u00f3 c\u1ee7a nh\u1eefng s\u1ee3i d\u00e2y n\u00e0y l\u00e0 duy nh\u1ea5t. S\u1ef1 s\u00e1ng ch\u00f3i \u1ea5m \u00e1p c\u1ee7a d\u00e2y treble Silver 200 v\u00e0 \u00e2m thanh \u0111\u1ea7y \u0111\u1ee7 ch\u01b0a t\u1eebng c\u00f3 c\u1ee7a ch\u00fang c\u0169ng gi\u1ed1ng nh\u01b0 m\u1ed9t m\u00f3n qu\u00e0 d\u00e0nh cho \u0111\u00f4i tai gi\u1ed1ng nh\u01b0 \u00e2m thanh ch\u00ednh x\u00e1c, m\u00e0u b\u1ea1c c\u1ee7a \u00e2m tr\u1ea7m. &#8220;<\/li>\n<\/ul>","protected":false},"excerpt":{"rendered":"<p>Hannabach Silver 200 c\u00f3 ch\u1ea5t \u00e2m r\u1ea5t m\u01b0\u1ee3t m\u00e0, \u01b0\u1edbt \u00e1t v\u00e0 s\u00e1ng. D\u00e2y \u0111\u00e0n n\u00e0y cung c\u1ea5p c\u00e1c \u00e2m tr\u1ea7m \u0111\u01b0\u1ee3c m\u1ea1 b\u1eb1ng b\u1ea1c c\u00f3 \u0111\u1ed9 b\u1ec1n cao v\u00e0 \u0111\u01b0\u1ee3c ph\u1ee7 ch\u1ed1ng \u0103n m\u00f2n, c\u00e1c \u0111\u1ea7u d\u00e2y \u0111\u01b0\u1ee3c gia c\u1ed1 l\u1ea1i \u0111\u1ec3 c\u00f3 tu\u1ed5i th\u1ecd cao h\u01a1n. S\u1ea3n ph\u1ea9m ch\u1ea5t l\u01b0\u1ee3ng cao n\u00e0y d\u00e0nh&#8230;<\/p>","protected":false},"featured_media":1693,"template":"","meta":[],"product_cat":[19,39],"product_tag":[130,343],"class_list":["post-1692","product","type-product","status-publish","has-post-thumbnail","hentry","product_cat-day-dan-guitar","product_cat-hannabach","product_tag-day-silver-200","product_tag-hannabach-silver200"],"_links":{"self":[{"href":"https:\/\/emotionguitars.com\/en\/wp-json\/wp\/v2\/product\/1692","targetHints":{"allow":["GET"]}}],"collection":[{"href":"https:\/\/emotionguitars.com\/en\/wp-json\/wp\/v2\/product"}],"about":[{"href":"https:\/\/emotionguitars.com\/en\/wp-json\/wp\/v2\/types\/product"}],"wp:featuredmedia":[{"embeddable":true,"href":"https:\/\/emotionguitars.com\/en\/wp-json\/wp\/v2\/media\/1693"}],"wp:attachment":[{"href":"https:\/\/emotionguitars.com\/en\/wp-json\/wp\/v2\/media?parent=1692"}],"wp:term":[{"taxonomy":"product_cat","embeddable":true,"href":"https:\/\/emotionguitars.com\/en\/wp-json\/wp\/v2\/product_cat?post=1692"},{"taxonomy":"product_tag","embeddable":true,"href":"https:\/\/emotionguitars.com\/en\/wp-json\/wp\/v2\/product_tag?post=1692"}],"curies":[{"name":"wp","href":"https:\/\/api.w.org\/{rel}","templated":true}]}}