{"id":1727,"date":"2022-02-15T18:12:05","date_gmt":"2022-02-15T11:12:05","guid":{"rendered":"https:\/\/emotionguitars.com\/?post_type=product&#038;p=1727"},"modified":"2025-05-16T06:27:28","modified_gmt":"2025-05-15T23:27:28","slug":"guitarlift-suport","status":"publish","type":"product","link":"https:\/\/emotionguitars.com\/en\/product\/guitarlift-suport\/","title":{"rendered":"Guitarlift suport"},"content":{"rendered":"<p>\u0110\u00e2y l\u00e0 ph\u1ee5 ki\u1ec7n h\u1ed7 tr\u1ee3 k\u00ea \u0111\u00f9i v\u00f4 c\u00f9ng ti\u1ec7n l\u1ee3i v\u00e0 hi\u1ec7u qu\u1ea3 c\u1ee7a c\u00f4ng ty Guitarlift (\u0110\u1ee9c)<\/p>\n<p>Gi\u00fap cho ng\u01b0\u1eddi ch\u01a1i \u0111\u00e0n c\u00f3 th\u1ec3 ng\u1ed3i l\u00e2u kh\u00f4ng b\u1ecb m\u1ecfi, tay khi di chuy\u1ec3n kh\u00f4ng b\u1ecb rung, kh\u00f4ng t\u1ee9c ng\u1ef1c v\u00e0 \u0111\u1eb7c bi\u1ec7t t\u1ed1t cho ng\u01b0\u1eddi b\u1ecb \u0111au l\u01b0ng. \u00c2m thanh c\u1ee7a c\u00e2y \u0111\u00e0n c\u0169ng \u0111\u01b0\u1ee3c ph\u00e1t huy t\u1ed1i \u0111a \u00e2m l\u01b0\u1ee3ng do h\u1ea1n ch\u1ebf tri\u1ec7t \u0111\u1ec3 c\u00e1c ph\u1ea7n ti\u1ebfp x\u00fac v\u00e0o \u0111\u00e0n.<\/p>\n<p>Xin h\u00e3y tham kh\u1ea3o clip gi\u1edbi thi\u1ec7u d\u01b0\u1edbi \u0111\u00e2y.<\/p>\n<p>Emotion Guitar t\u1ef1 h\u00e0o l\u00e0 \u0111\u1ea1i di\u1ec7n \u0111\u1ed9c quy\u1ec1n cho Guitarlft t\u1eeb 2 n\u0103m nay.<\/p>\n<p><iframe loading=\"lazy\" title=\"Guitarlift\" width=\"1020\" height=\"574\" src=\"https:\/\/www.youtube.com\/embed\/ehWnm9Ac-ts?feature=oembed\" frameborder=\"0\" allow=\"accelerometer; autoplay; clipboard-write; encrypted-media; gyroscope; picture-in-picture\" allowfullscreen><\/iframe><\/p>","protected":false},"excerpt":{"rendered":"<p>\u0110\u00e2y l\u00e0 ph\u1ee5 ki\u1ec7n h\u1ed7 tr\u1ee3 k\u00ea \u0111\u00f9i v\u00f4 c\u00f9ng ti\u1ec7n l\u1ee3i v\u00e0 hi\u1ec7u qu\u1ea3 c\u1ee7a c\u00f4ng ty Guitarlift (\u0110\u1ee9c) Gi\u00fap cho ng\u01b0\u1eddi ch\u01a1i \u0111\u00e0n c\u00f3 th\u1ec3 ng\u1ed3i l\u00e2u kh\u00f4ng b\u1ecb m\u1ecfi, tay khi di chuy\u1ec3n kh\u00f4ng b\u1ecb rung, kh\u00f4ng t\u1ee9c ng\u1ef1c v\u00e0 \u0111\u1eb7c bi\u1ec7t t\u1ed1t cho ng\u01b0\u1eddi b\u1ecb \u0111au l\u01b0ng. \u00c2m thanh c\u1ee7a c\u00e2y&#8230;<\/p>","protected":false},"featured_media":1728,"template":"","meta":[],"product_cat":[19,38],"product_tag":[355,353,354],"class_list":["post-1727","product","type-product","status-publish","has-post-thumbnail","hentry","product_cat-day-dan-guitar","product_cat-suport-guitarlift","product_tag-ghe-ke-dui-guitar","product_tag-guitarlift","product_tag-suport-guitarlift"],"_links":{"self":[{"href":"https:\/\/emotionguitars.com\/en\/wp-json\/wp\/v2\/product\/1727","targetHints":{"allow":["GET"]}}],"collection":[{"href":"https:\/\/emotionguitars.com\/en\/wp-json\/wp\/v2\/product"}],"about":[{"href":"https:\/\/emotionguitars.com\/en\/wp-json\/wp\/v2\/types\/product"}],"wp:featuredmedia":[{"embeddable":true,"href":"https:\/\/emotionguitars.com\/en\/wp-json\/wp\/v2\/media\/1728"}],"wp:attachment":[{"href":"https:\/\/emotionguitars.com\/en\/wp-json\/wp\/v2\/media?parent=1727"}],"wp:term":[{"taxonomy":"product_cat","embeddable":true,"href":"https:\/\/emotionguitars.com\/en\/wp-json\/wp\/v2\/product_cat?post=1727"},{"taxonomy":"product_tag","embeddable":true,"href":"https:\/\/emotionguitars.com\/en\/wp-json\/wp\/v2\/product_tag?post=1727"}],"curies":[{"name":"wp","href":"https:\/\/api.w.org\/{rel}","templated":true}]}}