{"id":1729,"date":"2022-02-17T19:17:44","date_gmt":"2022-02-17T12:17:44","guid":{"rendered":"https:\/\/emotionguitars.com\/?post_type=product&#038;p=1729"},"modified":"2025-05-16T06:27:15","modified_gmt":"2025-05-15T23:27:15","slug":"hannabach-815","status":"publish","type":"product","link":"https:\/\/emotionguitars.com\/en\/product\/hannabach-815\/","title":{"rendered":"D\u00e2y \u0111\u00e0n Hannabach 815"},"content":{"rendered":"<p>D\u00e2y \u0111\u00e0n HANNABACH 815 &#8211; \u00c2M THANH C\u1ee6A S\u1ef0 TINH T\u1ebe<br \/>\n(B\u00e0i c\u1ea3m nh\u1eadn v\u1ec1 Hannabach 815 mang t\u00ednh ch\u1ee7 quan)<\/p>\n<p>S\u1ef1 tinh t\u1ebf lu\u00f4n \u1ea9n s\u00e2u v\u00e0 d\u00e0nh cho nh\u1eefng ng\u01b0\u1eddi \u00edt \u1ed3n \u00e0o. Cu\u1ed9c s\u1ed1ng c\u00e0ng ph\u00e1t tri\u1ec3n, xu\u1ea5t hi\u1ec7n v\u00f4 v\u00e0n th\u1ee9 ti\u1ec7n l\u1ee3i, d\u1ec5 th\u1ea5y, d\u1ec5 bi\u1ebft, d\u1ec5 d\u00f9ng&#8230; con ng\u01b0\u1eddi ta c\u0169ng l\u01b0\u1eddi \u0111\u1ecdc s\u00e1ch h\u01a1n, \u1ed3n \u00e0o h\u01a1n, h\u00e0o nho\u00e1ng h\u01a1n (trong \u0111\u00f3 c\u00f3 m\u00ecnh).<\/p>\n<p>\u2022 Th\u1eadt may, ri\u00eang trong l\u0129nh v\u1ef1c Guitar classic, m\u00ecnh v\u1eabn \u0111\u1ee7 kh\u00f4n \u0111\u1ec3 ph\u00e2n bi\u1ec7t \u0111\u01b0\u1ee3c lo\u1ea1i d\u00e2y tuy\u1ec7t v\u1eddi nh\u1ea5t (theo \u00fd ch\u1ee7 quan).<br \/>\nD\u00e2y \u0111\u00e0n Hannabach 815 c\u1ee9 th\u1ebf t\u1ed3n t\u1ea1i bi\u1ebft bao th\u1ebf h\u1ec7 c\u00f9ng v\u00f4 v\u00e0n l\u1eddi khen ch\u00ea.<\/p>\n<p>\u2022 Ch\u01b0a c\u00f3 lo\u1ea1i d\u00e2y \u0111\u00e0n n\u00e0o m\u00e0 s\u1ef1 tranh c\u00e3i v\u1ec1 n\u00f3 nhi\u1ec1u nh\u01b0 Hannabach 815. T\u1ea1i sao k\u1ef3 l\u1ea1 v\u1eady? Gi\u00e1 Hannabach 815 kh\u00f4ng h\u1ec1 r\u1ebb v\u00e0 t\u1ea1i sao \u0111\u00f3 l\u00e0 lo\u1ea1i d\u00e2y b\u00e1n ch\u1ea1y nh\u1ea5t, l\u00e0 ni\u1ec1m t\u1ef1 h\u00e0o b\u1ea5t di\u1ec7t c\u1ee7a h\u00e3ng Hannabach, \u0111\u1ebfn n\u1ed7i h\u1ea7u h\u1ebft c\u00e1c lo\u1ea1i d\u00e2y Hannabach s\u1ea3n xu\u1ea5t \u0111\u1ec1u xoay quanh t\u00ednh ch\u1ea5t v\u00e0 v\u1eadt li\u1ec7u c\u1ee7a 815.<\/p>\n<p>\u2022 D\u00e2y Carbon nh\u1eefng n\u0103m g\u1ea7n \u0111\u00e2y \u0111\u00e3 l\u00ean ng\u00f4i, kh\u00f4ng ch\u1ec9 \u1edf VN m\u00e0 c\u1ea3 n\u01b0\u1edbc ngo\u00e0i. D\u00e2y carbon ngo\u00e0i l\u00e0m cho m\u1ecdi c\u00e2y \u0111\u00e0n ph\u00e1t huy t\u1ed1i \u0111a \u00e2m l\u01b0\u1ee3ng m\u00e0 c\u00f2n l\u00e0 &#8220;C\u1ee9u c\u00e1nh&#8221; cho m\u1ed9t s\u1ed1 luthier ch\u1ec9 c\u00f3 th\u1ec3 l\u00e0m \u0111\u01b0\u1ee3c nh\u1eefng c\u00e2y \u0111\u00e0n m\u00e0 s\u1ef1 ho\u00e0n thi\u1ec7n l\u00e0 r\u1ea5t h\u1ea1n ch\u1ebf. H\u1ea7u h\u1ebft ng\u01b0\u1eddi kh\u00f4ng tinh ch\u1ec9 nh\u1eadn th\u1ea5y \u00e2m k\u00eau to (c\u00e2y \u0111\u00e0n 1 tri\u1ec7u khi g\u1eafn d\u00e2y Carbon c\u0169ng k\u00eau r\u1ea5t to) m\u00e0 ch\u01b0a ngh\u0129 \u0111\u1ebfn c\u00e1c y\u1ebfu t\u1ed1 kh\u00e1c nh\u01b0: \u0111\u1ed9 h\u00e0i h\u00f2a, \u0111\u1ed9 ng\u00e2n ng\u1eaft, m\u00e0u s\u1eafc, \u0111\u1ed9 s\u00e2u v\u00e0 quan trong nh\u1ea5t l\u00e0 c\u00e1i c\u1ea3m gi\u00e1c \u0111\u1ecdng l\u1ea1i qua t\u1eebng n\u1ed1t nh\u1ea1c.<\/p>\n<p>\u2022 N\u1ebfu ai t\u1eebng l\u00e0 t\u00edn \u0111\u1ed3 c\u1ee7a Cafe \u0111en nh\u01b0 t\u00f4i, h\u1eb3n bi\u1ebft v\u1ecb cafe ngon kh\u00f4ng ph\u1ea3i \u1edf v\u1ecb th\u01a1m n\u1ed3ng h\u1ea5p d\u1eabn m\u00e0 l\u00e0 \u1edf v\u1ecb \u0111\u01b0\u1ee3m b\u00f9i r\u1ea5t d\u1ecbu. 1 ng\u1ee5m cafe ban \u0111\u1ea7u c\u1ea3m th\u1ea5y v\u1ecb \u0111\u1eafng nhi\u1ec1u h\u01a1n v\u1ecb ng\u1ecdt c\u1ee7a \u0111\u01b0\u1eddng r\u1ed3i tan ra ch\u1ea7m ch\u1eadm trong mi\u1ec7ng. Gi\u1eefa qu\u00e1 tr\u00ecnh t\u1eadn h\u01b0\u1edfng ng\u1ee5m cafe ta th\u1ea5y v\u1ecb ng\u1ecdt r\u1ea5t d\u1ecbu c\u1ee7a \u0111\u01b0\u1eddng v\u00e0 cu\u1ed1i c\u00f9ng d\u01b0 v\u1ecb l\u1ea1i l\u00e0 v\u1ecb \u0111\u1eafng ban \u0111\u1ea7u.<\/p>\n<p>T\u01b0\u01a1ng quan c\u0169ng th\u1ebf th\u00f4i, Hannabach 815 t\u1ea1o c\u1ea3m gi\u00e1c y nh\u01b0 khi ta th\u01b0\u1edfng th\u1ee9c 1 ly cafe \u0111\u01b0\u1ee3m \u0111\u00e0.<br \/>\n\u00c2m thanh tr\u00f2n v\u00e0 c\u00f3 \u00e2m h\u00ecnh r\u00f5 r\u1ec7t hi\u1ec7n l\u00ean v\u00e0 tan ra.<br \/>\nHannabach 815 kh\u00f4ng d\u00e0nh cho nh\u1eefng \u0111\u00f4i tai d\u1ec5 d\u00e3i, \u1ed3n \u00e0o.<br \/>\nV\u1edbi nh\u1eefng c\u00e2y \u0111\u00e0n m\u1eb7t g\u1ed7 Spruce (s\u00e1ng m\u00e0u) c\u00f3 \u00e2m thanh m\u00e0 b\u1ea3n ch\u1ea5t l\u00e0 s\u00e1ng, th\u00ec Hannabach 815 l\u00e0 s\u1ef1 l\u1ef1a ch\u1ecdn h\u1ee3p l\u00fd \u0111\u1ec3 c\u00e2n b\u1eb1ng.<br \/>\nS\u1ef1 l\u1ea3 l\u01b0\u1edbt v\u00e0 d\u00e0y d\u1eb7n c\u1ee7a Hannabach 815 ph\u00f9 h\u1ee3p v\u1edbi c\u00e1c lo\u1ea1i nh\u1ea1c thu\u1ed9c th\u1eddi k\u1ef3 l\u00e3ng m\u1ea1n, nh\u1ea1c Nam M\u1ef9 ho\u1eb7c T\u00e2y Ban Nha. Ho\u00e0n to\u00e0n kh\u00f4ng ph\u00f9 h\u1ee3p v\u1edbi c\u00e1c t\u00e1c gi\u1ea3 \u0111\u01b0\u01a1ng \u0111\u1ea1i nh\u01b0 A. Piazolla, Leo Brower&#8230; do t\u00ednh ch\u1ea5t c\u1ee7a \u00e2m thanh hi\u1ec7n \u0111\u1ea1i l\u00e0: m\u1ea1nh, nhanh, ng\u00e2n v\u00e0 r\u00f5 n\u00e9t.<\/p>\n<p>\u2022 &#8220;Hannabach 815 c\u00f3 b\u00e8 bass d\u00e0y v\u00e0 s\u00e2u, b\u00e8 treble trong v\u1eaft nh\u01b0 gi\u1ecdt s\u01b0\u01a1ng mai&#8221; \u0111\u00f3 l\u00e0 nh\u1eadn x\u00e9t m\u00e0 nhi\u1ec1u ng\u01b0\u1eddi \u0111\u00e3 thu\u1ed9c l\u00f2ng c\u1ee7a anh Ta Hoang Phuong<br \/>\nHay nh\u01b0 ch\u00fa Nh\u00ea &#8211; m\u1ed9t guitar s\u1ed1 m\u00e1 H\u1ea3i Ph\u00f2ng t\u1eebng n\u00f3i: &#8220;Hannabach 815 g\u1ecdn v\u00e0 s\u1ea1ch, \u0111\u00fang l\u00e0 c\u00f3 m\u1ed9t v\u00f2m \u00e2m r\u1ea5t c\u1ee5 th\u1ec3 trong t\u1eebng n\u1ed1t nh\u1ea1c.&#8221;<\/p>\n<p>\u2022 C\u00f2n v\u1edbi t\u00f4i, s\u1ef1 l\u1ea3 l\u01b0\u1edbt, trang tr\u1ecdng v\u00e0 l\u1eafng \u0111\u1ecdng c\u1ee7a Hannabach 815 l\u00e0 bi\u1ec3u t\u01b0\u1ee3ng c\u1ee7a s\u1ef1 tinh t\u1ebf \u00fd nh\u1ecb m\u00e0 con ng\u01b0\u1eddi ta ai c\u0169ng mu\u1ed1n h\u01b0\u1edbng \u0111\u1ebfn.<br \/>\nN\u1ebfu b\u1ea1n \u0111\u00e3 t\u1eebng \u0111i qua nh\u1eefng kho\u1ea3nh kh\u1eafc ng\u1ecdt ng\u00e0o c\u1ee7a m\u1ed1i t\u00ecnh \u0111\u1ea7u e \u1ea5p, h\u00e3y m\u1ed9t l\u1ea7n th\u1eed Hannabach 815.<\/p>","protected":false},"excerpt":{"rendered":"<p>D\u00e2y \u0111\u00e0n HANNABACH 815 &#8211; \u00c2M THANH C\u1ee6A S\u1ef0 TINH T\u1ebe (B\u00e0i c\u1ea3m nh\u1eadn v\u1ec1 Hannabach 815 mang t\u00ednh ch\u1ee7 quan) S\u1ef1 tinh t\u1ebf lu\u00f4n \u1ea9n s\u00e2u v\u00e0 d\u00e0nh cho nh\u1eefng ng\u01b0\u1eddi \u00edt \u1ed3n \u00e0o. Cu\u1ed9c s\u1ed1ng c\u00e0ng ph\u00e1t tri\u1ec3n, xu\u1ea5t hi\u1ec7n v\u00f4 v\u00e0n th\u1ee9 ti\u1ec7n l\u1ee3i, d\u1ec5 th\u1ea5y, d\u1ec5 bi\u1ebft, d\u1ec5 d\u00f9ng&#8230; con ng\u01b0\u1eddi&#8230;<\/p>","protected":false},"featured_media":1730,"template":"","meta":[],"product_cat":[19,39],"product_tag":[332,137,358],"class_list":["post-1729","product","type-product","status-publish","has-post-thumbnail","hentry","product_cat-day-dan-guitar","product_cat-hannabach","product_tag-day-dan-nilon","product_tag-day-hannabach-815","product_tag-hannabach-815"],"_links":{"self":[{"href":"https:\/\/emotionguitars.com\/en\/wp-json\/wp\/v2\/product\/1729","targetHints":{"allow":["GET"]}}],"collection":[{"href":"https:\/\/emotionguitars.com\/en\/wp-json\/wp\/v2\/product"}],"about":[{"href":"https:\/\/emotionguitars.com\/en\/wp-json\/wp\/v2\/types\/product"}],"wp:featuredmedia":[{"embeddable":true,"href":"https:\/\/emotionguitars.com\/en\/wp-json\/wp\/v2\/media\/1730"}],"wp:attachment":[{"href":"https:\/\/emotionguitars.com\/en\/wp-json\/wp\/v2\/media?parent=1729"}],"wp:term":[{"taxonomy":"product_cat","embeddable":true,"href":"https:\/\/emotionguitars.com\/en\/wp-json\/wp\/v2\/product_cat?post=1729"},{"taxonomy":"product_tag","embeddable":true,"href":"https:\/\/emotionguitars.com\/en\/wp-json\/wp\/v2\/product_tag?post=1729"}],"curies":[{"name":"wp","href":"https:\/\/api.w.org\/{rel}","templated":true}]}}