{"id":1750,"date":"2022-02-18T17:55:49","date_gmt":"2022-02-18T10:55:49","guid":{"rendered":"https:\/\/emotionguitars.com\/?post_type=product&#038;p=1750"},"modified":"2025-04-17T22:34:46","modified_gmt":"2025-04-17T15:34:46","slug":"a-burguet-mod-ab","status":"publish","type":"product","link":"https:\/\/emotionguitars.com\/en\/product\/a-burguet-mod-ab\/","title":{"rendered":"A. Burguet mod AB (Excellent)"},"content":{"rendered":"<p>Guitar A.Burguet AB l\u00e0 top model c\u1ee7a h\u00e3ng \u0111\u00e0n n\u1ed5i ti\u1ebfng thu\u1ed9c tr\u01b0\u1eddng ph\u00e1i Valencia T\u00e2y Ban Nha.<br \/>\nC\u00e2y \u0111\u00e0n r\u1ea5t qu\u00fd v\u00ec \u0111\u01b0\u1ee3c ch\u00ednh ngh\u1ec7 nh\u00e2n Burguet cha l\u00e0m tr\u01b0\u1edbc khi ngh\u1ec9 h\u01b0u \u0111\u1ec3 nh\u01b0\u1eddng l\u1ea1i vi\u1ec7c l\u00e0m \u0111\u00e0n cho ng\u01b0\u1eddi con trai.<br \/>\nNgo\u1ea1i h\u00ecnh m\u1edbi \u0111\u1ebfn h\u01a1n 90%, \u00e2m thanh s\u00e2u th\u1eb3m, ng\u1ecdt ng\u00e0o \u0111\u1ea7y quy\u1ebfn r\u0169.<\/p>\n<p>&#8211; Top: Cedaz<br \/>\n&#8211; H\u00f4ng, l\u01b0ng: CSA rosewood<br \/>\n&#8211; \u0110\u1ed9 d\u00e0i v\u00e0 r\u1ed9ng c\u1ee7a c\u1ea7n: 650mm, 52mm<br \/>\n&#8211; K\u00e8m h\u1ed9p c\u1ee9ng v\u00e0 d\u00e2y Hannabach Silver 200<br \/>\n&#8211; Gi\u00e1: 110.000.000 vnd<\/p>","protected":false},"excerpt":{"rendered":"<p>Guitar A.Burguet AB l\u00e0 top model c\u1ee7a h\u00e3ng \u0111\u00e0n n\u1ed5i ti\u1ebfng thu\u1ed9c tr\u01b0\u1eddng ph\u00e1i Valencia T\u00e2y Ban Nha. C\u00e2y \u0111\u00e0n r\u1ea5t qu\u00fd v\u00ec \u0111\u01b0\u1ee3c ch\u00ednh ngh\u1ec7 nh\u00e2n Burguet cha l\u00e0m tr\u01b0\u1edbc khi ngh\u1ec9 h\u01b0u \u0111\u1ec3 nh\u01b0\u1eddng l\u1ea1i vi\u1ec7c l\u00e0m \u0111\u00e0n cho ng\u01b0\u1eddi con trai. Ngo\u1ea1i h\u00ecnh m\u1edbi \u0111\u1ebfn h\u01a1n 90%, \u00e2m thanh s\u00e2u th\u1eb3m, ng\u1ecdt&#8230;<\/p>","protected":false},"featured_media":1753,"template":"","meta":[],"product_cat":[533,20,213],"product_tag":[366,182,364,363,365,367],"class_list":["post-1750","product","type-product","status-publish","has-post-thumbnail","hentry","product_cat-luxury","product_cat-dan-guitar","product_cat-dan-cao-cap","product_tag-ban-guitar-chat-luong","product_tag-ban-guitar-tai-ha-noi","product_tag-burguet-ab","product_tag-burguet-guitar","product_tag-guitar-burguet-ab","product_tag-mua-dan-guitar-tai-ha-noi"],"_links":{"self":[{"href":"https:\/\/emotionguitars.com\/en\/wp-json\/wp\/v2\/product\/1750","targetHints":{"allow":["GET"]}}],"collection":[{"href":"https:\/\/emotionguitars.com\/en\/wp-json\/wp\/v2\/product"}],"about":[{"href":"https:\/\/emotionguitars.com\/en\/wp-json\/wp\/v2\/types\/product"}],"wp:featuredmedia":[{"embeddable":true,"href":"https:\/\/emotionguitars.com\/en\/wp-json\/wp\/v2\/media\/1753"}],"wp:attachment":[{"href":"https:\/\/emotionguitars.com\/en\/wp-json\/wp\/v2\/media?parent=1750"}],"wp:term":[{"taxonomy":"product_cat","embeddable":true,"href":"https:\/\/emotionguitars.com\/en\/wp-json\/wp\/v2\/product_cat?post=1750"},{"taxonomy":"product_tag","embeddable":true,"href":"https:\/\/emotionguitars.com\/en\/wp-json\/wp\/v2\/product_tag?post=1750"}],"curies":[{"name":"wp","href":"https:\/\/api.w.org\/{rel}","templated":true}]}}