{"id":1965,"date":"2022-03-09T16:34:33","date_gmt":"2022-03-09T09:34:33","guid":{"rendered":"https:\/\/emotionguitars.com\/?post_type=product&#038;p=1965"},"modified":"2025-04-17T22:35:48","modified_gmt":"2025-04-17T15:35:48","slug":"takamine-no-37","status":"publish","type":"product","link":"https:\/\/emotionguitars.com\/en\/product\/takamine-no-37\/","title":{"rendered":"Takamine no.37 (mint)"},"content":{"rendered":"<p>C\u00e2y \u0111\u00e0n m\u1edbi 99% c\u1ee7a h\u00e3ng Takamine &#8211; h\u00e3ng \u0111\u00e0n n\u1ed5i ti\u1ebfng c\u1ee7a Nh\u1eadt.<\/p>\n<p>Takamine kh\u00f4ng xa l\u1ea1 v\u1edbi nh\u1eefng ng\u01b0\u1eddi ch\u01a1i guitar classic t\u1ea1i Vi\u1ec7t Nam, nh\u01b0ng model quen thu\u1ed9c nh\u01b0 Takamine no 10, 30, 50, 60&#8230; Takamine c\u00f3 \u0111\u1eb7c \u0111i\u1ec3m \u00e2m thanh r\u1ea5t b\u00e9n v\u00e0 ng\u1ecdt, m\u1ed9t ki\u1ec3u \u00e2m r\u1ea5t m\u1ed9c nh\u01b0ng m\u1ea1nh m\u1ebd.<\/p>\n<p>Model no 37 thu\u1ed9c v\u00e0o th\u1ebf h\u1ec7 Takamine hi\u1ec7n \u0111\u1ea1i, m\u1ed9t c\u00e2y \u0111\u00e0n full solid v\u1edbi m\u1eb7t Top Spruce, l\u01b0ng v\u00e0 h\u00f4ng g\u1ed7 India. \u00c2m thanh r\u1ea5t tinh t\u1ebf, c\u00f3 chi\u1ec1u s\u00e2u v\u00e0 s\u1ef1 c\u00e2n b\u1eb1ng tuy\u1ec7t v\u1eddi.<\/p>\n<p>\u0110\u00e0n k\u00e8m theo case c\u1ee9ng v\u00e0 d\u00e2y Hannabach 815ht.<\/p>","protected":false},"excerpt":{"rendered":"<p>C\u00e2y \u0111\u00e0n m\u1edbi 99% c\u1ee7a h\u00e3ng Takamine &#8211; h\u00e3ng \u0111\u00e0n n\u1ed5i ti\u1ebfng c\u1ee7a Nh\u1eadt. Takamine kh\u00f4ng xa l\u1ea1 v\u1edbi nh\u1eefng ng\u01b0\u1eddi ch\u01a1i guitar classic t\u1ea1i Vi\u1ec7t Nam, nh\u01b0ng model quen thu\u1ed9c nh\u01b0 Takamine no 10, 30, 50, 60&#8230; Takamine c\u00f3 \u0111\u1eb7c \u0111i\u1ec3m \u00e2m thanh r\u1ea5t b\u00e9n v\u00e0 ng\u1ecdt, m\u1ed9t ki\u1ec3u \u00e2m r\u1ea5t m\u1ed9c nh\u01b0ng m\u1ea1nh&#8230;<\/p>","protected":false},"featured_media":1967,"template":"","meta":[],"product_cat":[20,213],"product_tag":[411,410,409],"class_list":["post-1965","product","type-product","status-publish","has-post-thumbnail","hentry","product_cat-dan-guitar","product_cat-dan-cao-cap","product_tag-guitar-takamine-no-37","product_tag-takamine-37","product_tag-takamine-no-37"],"_links":{"self":[{"href":"https:\/\/emotionguitars.com\/en\/wp-json\/wp\/v2\/product\/1965","targetHints":{"allow":["GET"]}}],"collection":[{"href":"https:\/\/emotionguitars.com\/en\/wp-json\/wp\/v2\/product"}],"about":[{"href":"https:\/\/emotionguitars.com\/en\/wp-json\/wp\/v2\/types\/product"}],"wp:featuredmedia":[{"embeddable":true,"href":"https:\/\/emotionguitars.com\/en\/wp-json\/wp\/v2\/media\/1967"}],"wp:attachment":[{"href":"https:\/\/emotionguitars.com\/en\/wp-json\/wp\/v2\/media?parent=1965"}],"wp:term":[{"taxonomy":"product_cat","embeddable":true,"href":"https:\/\/emotionguitars.com\/en\/wp-json\/wp\/v2\/product_cat?post=1965"},{"taxonomy":"product_tag","embeddable":true,"href":"https:\/\/emotionguitars.com\/en\/wp-json\/wp\/v2\/product_tag?post=1965"}],"curies":[{"name":"wp","href":"https:\/\/api.w.org\/{rel}","templated":true}]}}