{"id":2219,"date":"2022-04-16T20:36:04","date_gmt":"2022-04-16T13:36:04","guid":{"rendered":"https:\/\/emotionguitars.com\/?post_type=product&#038;p=2219"},"modified":"2025-04-29T23:56:36","modified_gmt":"2025-04-29T16:56:36","slug":"otto-vowinkel-2a-spruce","status":"publish","type":"product","link":"https:\/\/emotionguitars.com\/en\/product\/otto-vowinkel-2a-spruce\/","title":{"rendered":"Otto Vowinkel 2a spruce (brand new)"},"content":{"rendered":"<p>Otto Vowinkel 2a l\u00e0 1 trong 3 model c\u1ee7a th\u01b0\u01a1ng hi\u1ec7u n\u1ed5i ti\u1ebfng H\u00e0 Lan c\u00f9ng t\u00ean. 3 model c\u1ee7a h\u00e3ng bao g\u1ed3m: 1a, 2a v\u00e0 3a, trong \u0111\u00f3 2a v\u00e0 3a l\u00e0 2 model \u0111\u01b0\u1ee3c luthier Vowinkel \u0111\u1eb7t l\u00e0m t\u1ea1i x\u01b0\u1edfng c\u1ee7a Antonio Picado (T\u00e2y Ban Nha) theo h\u1ec7 nan c\u1ee7a m\u00ecnh.<\/p>\n<p>Model 2a spruce c\u00f3 \u00e2m thanh s\u00e2u l\u1eafng , s\u00e1ng v\u00e0 r\u1ea5t gi\u00e0u \u00e2m s\u1eafc.<\/p>\n<p>Th\u00f4ng s\u1ed1 \u0111\u00e0n:<\/p>\n<p>Top: spruce<\/p>\n<p>Back, side: India rosewood<\/p>\n<p>Scale, nut: 650mm, 52mm<\/p>\n<p>T\u1eb7ng k\u00e8m h\u1ed9p c\u1ee9ng v\u00e0 d\u00e2y Hannabach 600<\/p>","protected":false},"excerpt":{"rendered":"<p>Otto Vowinkel 2a l\u00e0 1 trong 3 model c\u1ee7a th\u01b0\u01a1ng hi\u1ec7u n\u1ed5i ti\u1ebfng H\u00e0 Lan c\u00f9ng t\u00ean. 3 model c\u1ee7a h\u00e3ng bao g\u1ed3m: 1a, 2a v\u00e0 3a, trong \u0111\u00f3 2a v\u00e0 3a l\u00e0 2 model \u0111\u01b0\u1ee3c luthier Vowinkel \u0111\u1eb7t l\u00e0m t\u1ea1i x\u01b0\u1edfng c\u1ee7a Antonio Picado (T\u00e2y Ban Nha) theo h\u1ec7 nan c\u1ee7a m\u00ecnh. Model 2a&#8230;<\/p>","protected":false},"featured_media":2220,"template":"","meta":[],"product_cat":[20,27,213],"product_tag":[197,72,468,467],"class_list":["post-2219","product","type-product","status-publish","has-post-thumbnail","hentry","product_cat-dan-guitar","product_cat-otto-vowinkel","product_cat-dan-cao-cap","product_tag-ban-guitar","product_tag-emotion-guitar","product_tag-mua-guitar-classic","product_tag-otto-vowinkel-2a"],"_links":{"self":[{"href":"https:\/\/emotionguitars.com\/en\/wp-json\/wp\/v2\/product\/2219","targetHints":{"allow":["GET"]}}],"collection":[{"href":"https:\/\/emotionguitars.com\/en\/wp-json\/wp\/v2\/product"}],"about":[{"href":"https:\/\/emotionguitars.com\/en\/wp-json\/wp\/v2\/types\/product"}],"wp:featuredmedia":[{"embeddable":true,"href":"https:\/\/emotionguitars.com\/en\/wp-json\/wp\/v2\/media\/2220"}],"wp:attachment":[{"href":"https:\/\/emotionguitars.com\/en\/wp-json\/wp\/v2\/media?parent=2219"}],"wp:term":[{"taxonomy":"product_cat","embeddable":true,"href":"https:\/\/emotionguitars.com\/en\/wp-json\/wp\/v2\/product_cat?post=2219"},{"taxonomy":"product_tag","embeddable":true,"href":"https:\/\/emotionguitars.com\/en\/wp-json\/wp\/v2\/product_tag?post=2219"}],"curies":[{"name":"wp","href":"https:\/\/api.w.org\/{rel}","templated":true}]}}