{"id":2267,"date":"2022-04-19T01:31:25","date_gmt":"2022-04-18T18:31:25","guid":{"rendered":"https:\/\/emotionguitars.com\/?post_type=product&#038;p=2267"},"modified":"2025-04-17T22:38:18","modified_gmt":"2025-04-17T15:38:18","slug":"s-yokoo-prelude-excellent","status":"publish","type":"product","link":"https:\/\/emotionguitars.com\/en\/product\/s-yokoo-prelude-excellent\/","title":{"rendered":"S.Yokoo Prelude ( excellent)"},"content":{"rendered":"<p>C\u00e2y \u0111\u00e0n r\u1ea5t xu\u1ea5t s\u1eafc t\u1eeb ngo\u1ea1i h\u00ecnh \u0111\u1ebfn \u00e2m thanh. Tuy th\u01b0\u01a1ng hi\u1ec7u guitar S.Yokoo kh\u00f4ng qu\u00e1 ph\u1ed5 bi\u1ebfn v\u00e0 c\u00f3 ph\u1ea7n xa l\u1ea1 v\u1edbi c\u1ed9ng \u0111\u1ed3ng guitar t\u1ea1i Vi\u1ec7t Nam nh\u01b0ng tr\u00ean th\u1ef1c t\u1ebf, model Prelude n\u00e0y r\u1ea5t d\u1ec5 l\u00e0m say l\u00f2ng nhi\u1ec1u t\u00edn \u0111\u1ed3 guitar classic th\u00edch ki\u1ec3u \u00e2m truy\u1ec1n th\u1ed1ng m\u1ed9c m\u1ea1c.<\/p>\n<p>\u2022 Th\u00f4ng s\u1ed1 \u0111\u00e0n:<\/p>\n<p>Top: spruce<\/p>\n<p>Back, side: India rosewood<\/p>\n<p>Scale, nut: 650mm, 52mm<\/p>\n<p>T\u1eb7ng k\u00e8m h\u1ed9p + d\u00e2y Hannabach 800<\/p>","protected":false},"excerpt":{"rendered":"<p>C\u00e2y \u0111\u00e0n r\u1ea5t xu\u1ea5t s\u1eafc t\u1eeb ngo\u1ea1i h\u00ecnh \u0111\u1ebfn \u00e2m thanh. Tuy th\u01b0\u01a1ng hi\u1ec7u guitar S.Yokoo kh\u00f4ng qu\u00e1 ph\u1ed5 bi\u1ebfn v\u00e0 c\u00f3 ph\u1ea7n xa l\u1ea1 v\u1edbi c\u1ed9ng \u0111\u1ed3ng guitar t\u1ea1i Vi\u1ec7t Nam nh\u01b0ng tr\u00ean th\u1ef1c t\u1ebf, model Prelude n\u00e0y r\u1ea5t d\u1ec5 l\u00e0m say l\u00f2ng nhi\u1ec1u t\u00edn \u0111\u1ed3 guitar classic th\u00edch ki\u1ec3u \u00e2m truy\u1ec1n th\u1ed1ng m\u1ed9c&#8230;<\/p>","protected":false},"featured_media":2268,"template":"","meta":[],"product_cat":[20,213],"product_tag":[489,488,465,94,486,487],"class_list":["post-2267","product","type-product","status-publish","has-post-thumbnail","hentry","product_cat-dan-guitar","product_cat-dan-cao-cap","product_tag-bam-guitar-cao-cap","product_tag-classic-guitar","product_tag-guitar-classic","product_tag-guitar-tot","product_tag-yokoo-guitar","product_tag-yokoo-prelude"],"_links":{"self":[{"href":"https:\/\/emotionguitars.com\/en\/wp-json\/wp\/v2\/product\/2267","targetHints":{"allow":["GET"]}}],"collection":[{"href":"https:\/\/emotionguitars.com\/en\/wp-json\/wp\/v2\/product"}],"about":[{"href":"https:\/\/emotionguitars.com\/en\/wp-json\/wp\/v2\/types\/product"}],"wp:featuredmedia":[{"embeddable":true,"href":"https:\/\/emotionguitars.com\/en\/wp-json\/wp\/v2\/media\/2268"}],"wp:attachment":[{"href":"https:\/\/emotionguitars.com\/en\/wp-json\/wp\/v2\/media?parent=2267"}],"wp:term":[{"taxonomy":"product_cat","embeddable":true,"href":"https:\/\/emotionguitars.com\/en\/wp-json\/wp\/v2\/product_cat?post=2267"},{"taxonomy":"product_tag","embeddable":true,"href":"https:\/\/emotionguitars.com\/en\/wp-json\/wp\/v2\/product_tag?post=2267"}],"curies":[{"name":"wp","href":"https:\/\/api.w.org\/{rel}","templated":true}]}}