{"id":2300,"date":"2022-04-25T08:04:09","date_gmt":"2022-04-25T01:04:09","guid":{"rendered":"https:\/\/emotionguitars.com\/?post_type=product&#038;p=2300"},"modified":"2025-04-17T22:40:22","modified_gmt":"2025-04-17T15:40:22","slug":"takamine-no-8","status":"publish","type":"product","link":"https:\/\/emotionguitars.com\/en\/product\/takamine-no-8\/","title":{"rendered":"Takamine no.8 (very good)"},"content":{"rendered":"<p>C\u00e2y \u0111\u00e0n Takamine no.8 l\u00e0 model cao c\u1ea5p d\u00f2ng classic c\u1ee7a h\u00e3ng Takamine n\u1ed5i ti\u1ebfng.<\/p>\n<p>Ngo\u1ea1i h\u00ecnh c\u00f2n kh\u00e1 \u0111\u1eb9p, c\u00f3 m\u1ed9t s\u1ed1 v\u1ebft x\u01b0\u1edbc, m\u00e0u s\u01a1n xu\u1ed1ng c\u1ea5p b\u1edfi th\u1eddi gian \u0111\u00e3 \u0111\u01b0\u1ee3c m\u00f4 t\u1ea3 k\u1ef9 trong h\u00ecnh \u1ea3nh. \u00c2m thanh m\u1ea1nh m\u1ebd v\u00e0 r\u1ea5t n\u1ed5i b\u1eadt \u1edf ph\u00e2n kh\u00fac d\u01b0\u1edbi 20 tri\u1ec7u.<\/p>\n<p>\u2022 Th\u00f4ng s\u1ed1 \u0111\u00e0n:<\/p>\n<p>Top: spruce<\/p>\n<p>Back, side: India rosewood<\/p>\n<p>Scale, nut: 650mm, 52mm<\/p>\n<p>K\u00e8m h\u1ed9p c\u1ee9ng + d\u00e2y Hannabach 800<\/p>","protected":false},"excerpt":{"rendered":"<p>C\u00e2y \u0111\u00e0n Takamine no.8 l\u00e0 model cao c\u1ea5p d\u00f2ng classic c\u1ee7a h\u00e3ng Takamine n\u1ed5i ti\u1ebfng. Ngo\u1ea1i h\u00ecnh c\u00f2n kh\u00e1 \u0111\u1eb9p, c\u00f3 m\u1ed9t s\u1ed1 v\u1ebft x\u01b0\u1edbc, m\u00e0u s\u01a1n xu\u1ed1ng c\u1ea5p b\u1edfi th\u1eddi gian \u0111\u00e3 \u0111\u01b0\u1ee3c m\u00f4 t\u1ea3 k\u1ef9 trong h\u00ecnh \u1ea3nh. \u00c2m thanh m\u1ea1nh m\u1ebd v\u00e0 r\u1ea5t n\u1ed5i b\u1eadt \u1edf ph\u00e2n kh\u00fac d\u01b0\u1edbi 20 tri\u1ec7u. \u2022&#8230;<\/p>","protected":false},"featured_media":2310,"template":"","meta":[],"product_cat":[20,15],"product_tag":[485,251,496,494,495],"class_list":["post-2300","product","type-product","status-publish","has-post-thumbnail","hentry","product_cat-dan-guitar","product_cat-chua-phan-loai","product_tag-ban-ghita-cao-cap","product_tag-guitar-co-dien","product_tag-guitar-takamine-no8","product_tag-takamine-no-8","product_tag-takamine-no8"],"_links":{"self":[{"href":"https:\/\/emotionguitars.com\/en\/wp-json\/wp\/v2\/product\/2300","targetHints":{"allow":["GET"]}}],"collection":[{"href":"https:\/\/emotionguitars.com\/en\/wp-json\/wp\/v2\/product"}],"about":[{"href":"https:\/\/emotionguitars.com\/en\/wp-json\/wp\/v2\/types\/product"}],"wp:featuredmedia":[{"embeddable":true,"href":"https:\/\/emotionguitars.com\/en\/wp-json\/wp\/v2\/media\/2310"}],"wp:attachment":[{"href":"https:\/\/emotionguitars.com\/en\/wp-json\/wp\/v2\/media?parent=2300"}],"wp:term":[{"taxonomy":"product_cat","embeddable":true,"href":"https:\/\/emotionguitars.com\/en\/wp-json\/wp\/v2\/product_cat?post=2300"},{"taxonomy":"product_tag","embeddable":true,"href":"https:\/\/emotionguitars.com\/en\/wp-json\/wp\/v2\/product_tag?post=2300"}],"curies":[{"name":"wp","href":"https:\/\/api.w.org\/{rel}","templated":true}]}}