{"id":2324,"date":"2022-04-25T08:07:02","date_gmt":"2022-04-25T01:07:02","guid":{"rendered":"https:\/\/emotionguitars.com\/?post_type=product&#038;p=2324"},"modified":"2025-04-17T22:40:55","modified_gmt":"2025-04-17T15:40:55","slug":"jellinghaus-torres-114","status":"publish","type":"product","link":"https:\/\/emotionguitars.com\/en\/product\/jellinghaus-torres-114\/","title":{"rendered":"Jellinghaus Torres 114 (h\u00e0ng order gi\u1ea3m gi\u00e1)"},"content":{"rendered":"<p>C\u00e2y \u0111\u00e0n \u0111\u01b0\u1ee3c ngh\u1ec7 nh\u00e2n Wolfgang Jellinghaus ng\u01b0\u1eddi \u0110\u1ee9c th\u1ef1c hi\u1ec7n th\u1ee7 c\u00f4ng v\u1edbi s\u1ef1 tinh t\u1ebf tuy\u1ec7t v\u1edbi.<\/p>\n<p>H\u00ecnh d\u00e1ng thanh tho\u00e1t, nh\u1eb9 nh\u00e0ng c\u00f9ng \u00e2m thanh bu\u1ed3n xa x\u0103m v\u00e0 l\u00f4i cu\u1ed1n \u0111\u00e3 t\u1ea1o n\u00ean m\u1ed9t model Torrew 114 r\u1ea5t n\u1ed5i ti\u1ebfng c\u1ee7a Jellinghaus.<\/p>\n<p>\u2022 Th\u00f4ng s\u1ed1 \u0111\u00e0n:<\/p>\n<p>Top: spruce<\/p>\n<p>Back, side: Madagasca rosewood<\/p>\n<p>Scale, nut: 650mm, 52mm<\/p>\n<p>K\u00e8m h\u1ed9p + d\u00e2y Safarez<\/p>","protected":false},"excerpt":{"rendered":"<p>C\u00e2y \u0111\u00e0n \u0111\u01b0\u1ee3c ngh\u1ec7 nh\u00e2n Wolfgang Jellinghaus ng\u01b0\u1eddi \u0110\u1ee9c th\u1ef1c hi\u1ec7n th\u1ee7 c\u00f4ng v\u1edbi s\u1ef1 tinh t\u1ebf tuy\u1ec7t v\u1edbi. H\u00ecnh d\u00e1ng thanh tho\u00e1t, nh\u1eb9 nh\u00e0ng c\u00f9ng \u00e2m thanh bu\u1ed3n xa x\u0103m v\u00e0 l\u00f4i cu\u1ed1n \u0111\u00e3 t\u1ea1o n\u00ean m\u1ed9t model Torrew 114 r\u1ea5t n\u1ed5i ti\u1ebfng c\u1ee7a Jellinghaus. \u2022 Th\u00f4ng s\u1ed1 \u0111\u00e0n: Top: spruce Back, side: Madagasca&#8230;<\/p>","protected":false},"featured_media":2334,"template":"","meta":[],"product_cat":[490,30],"product_tag":[114,113],"class_list":["post-2324","product","type-product","status-publish","has-post-thumbnail","hentry","product_cat-chinh-sach-order-giam-gia","product_cat-wolgang-jellinghaus","product_tag-jellinghaus-torres-114","product_tag-torres-114"],"_links":{"self":[{"href":"https:\/\/emotionguitars.com\/en\/wp-json\/wp\/v2\/product\/2324","targetHints":{"allow":["GET"]}}],"collection":[{"href":"https:\/\/emotionguitars.com\/en\/wp-json\/wp\/v2\/product"}],"about":[{"href":"https:\/\/emotionguitars.com\/en\/wp-json\/wp\/v2\/types\/product"}],"wp:featuredmedia":[{"embeddable":true,"href":"https:\/\/emotionguitars.com\/en\/wp-json\/wp\/v2\/media\/2334"}],"wp:attachment":[{"href":"https:\/\/emotionguitars.com\/en\/wp-json\/wp\/v2\/media?parent=2324"}],"wp:term":[{"taxonomy":"product_cat","embeddable":true,"href":"https:\/\/emotionguitars.com\/en\/wp-json\/wp\/v2\/product_cat?post=2324"},{"taxonomy":"product_tag","embeddable":true,"href":"https:\/\/emotionguitars.com\/en\/wp-json\/wp\/v2\/product_tag?post=2324"}],"curies":[{"name":"wp","href":"https:\/\/api.w.org\/{rel}","templated":true}]}}