{"id":2487,"date":"2022-04-29T05:34:55","date_gmt":"2022-04-28T22:34:55","guid":{"rendered":"https:\/\/emotionguitars.com\/?post_type=product&#038;p=2487"},"modified":"2022-10-05T00:26:19","modified_gmt":"2022-10-04T17:26:19","slug":"antonius-muller-2004-very-good","status":"publish","type":"product","link":"https:\/\/emotionguitars.com\/en\/product\/antonius-muller-2004-very-good\/","title":{"rendered":"Antonius Muller &#8211; 2004 (very good)"},"content":{"rendered":"<p>Antonius Muller l\u00e0 ngh\u1ec7 nh\u00e2n n\u1ed5i ti\u1ebfng h\u00e0ng \u0111\u1ea7u c\u1ee7a \u0110\u1ee9c. Ph\u1ea7n l\u1edbn Muller ch\u1ebf t\u00e1c ra nh\u1eefng c\u00e2y \u0111\u00e0n double top v\u1edbi s\u1ed1 l\u01b0\u1ee3ng kh\u00f4ng nhi\u1ec1u v\u00e0 lu\u00f4n \u0111\u01b0\u1ee3c c\u00e1c guitarist s\u0103n \u0111\u00f3n.<\/p>\n<p>C\u00e2y \u0111\u00e0n n\u0103m 2004 n\u00e0y r\u1ea5t \u0111\u1eb7c bi\u1ec7t, \u0111\u01b0\u1ee3c \u0111\u1eb7t l\u00e0m \u1edf d\u1ea1ng custom v\u1edbi h\u1ec7 nan truy\u1ec1n th\u1ed1ng thay v\u00ec double top c\u00f9ng b\u1ed9 g\u1ed7 Brazil r\u1ea5t qu\u00fd hi\u1ebfm.<\/p>\n<p>Ngo\u1ea1i h\u00ecnh \u0111\u00e0n v\u1edbi m\u1ed9t s\u1ed1 v\u1ebft x\u01b0\u1edbc do s\u1eed d\u1ee5ng ki\u1ec3u s\u01a1n r\u1ea5t tinh t\u1ebf, m\u1ecfng n\u00ean r\u1ea5t d\u1ec5 t\u1ed5n th\u01b0\u01a1ng.<\/p>\n<p>\u00c2m thanh th\u1ef1c s\u1ef1 ho\u00e0n h\u1ea3o, treble trong s\u1ea1ch \u0111\u1ebfn k\u1ef3 l\u1ea1, b\u00e8 bass s\u00e2u th\u1eb3m v\u00e0 v\u00f4 c\u00f9ng \u0111\u1eb7c bi\u1ec7t.<\/p>\n<p>&#8211; Th\u00f4ng s\u1ed1 \u0111\u00e0n:<\/p>\n<p>Top: Spruce<\/p>\n<p>Back, side: Brazil rosewood<\/p>\n<p>Scale, nut: 648mm, 51mm<\/p>\n<p>&nbsp;<\/p>","protected":false},"excerpt":{"rendered":"<p>Antonius Muller l\u00e0 ngh\u1ec7 nh\u00e2n n\u1ed5i ti\u1ebfng h\u00e0ng \u0111\u1ea7u c\u1ee7a \u0110\u1ee9c. Ph\u1ea7n l\u1edbn Muller ch\u1ebf t\u00e1c ra nh\u1eefng c\u00e2y \u0111\u00e0n double top v\u1edbi s\u1ed1 l\u01b0\u1ee3ng kh\u00f4ng nhi\u1ec1u v\u00e0 lu\u00f4n \u0111\u01b0\u1ee3c c\u00e1c guitarist s\u0103n \u0111\u00f3n. C\u00e2y \u0111\u00e0n n\u0103m 2004 n\u00e0y r\u1ea5t \u0111\u1eb7c bi\u1ec7t, \u0111\u01b0\u1ee3c \u0111\u1eb7t l\u00e0m \u1edf d\u1ea1ng custom v\u1edbi h\u1ec7 nan truy\u1ec1n th\u1ed1ng thay v\u00ec&#8230;<\/p>","protected":false},"featured_media":2488,"template":"","meta":[],"product_cat":[533,20,213],"product_tag":[518,485,519,517],"class_list":["post-2487","product","type-product","status-publish","has-post-thumbnail","hentry","product_cat-luxury","product_cat-dan-guitar","product_cat-dan-cao-cap","product_tag-antonius-muller","product_tag-ban-ghita-cao-cap","product_tag-guitar-muller","product_tag-muller-guitar"],"_links":{"self":[{"href":"https:\/\/emotionguitars.com\/en\/wp-json\/wp\/v2\/product\/2487","targetHints":{"allow":["GET"]}}],"collection":[{"href":"https:\/\/emotionguitars.com\/en\/wp-json\/wp\/v2\/product"}],"about":[{"href":"https:\/\/emotionguitars.com\/en\/wp-json\/wp\/v2\/types\/product"}],"wp:featuredmedia":[{"embeddable":true,"href":"https:\/\/emotionguitars.com\/en\/wp-json\/wp\/v2\/media\/2488"}],"wp:attachment":[{"href":"https:\/\/emotionguitars.com\/en\/wp-json\/wp\/v2\/media?parent=2487"}],"wp:term":[{"taxonomy":"product_cat","embeddable":true,"href":"https:\/\/emotionguitars.com\/en\/wp-json\/wp\/v2\/product_cat?post=2487"},{"taxonomy":"product_tag","embeddable":true,"href":"https:\/\/emotionguitars.com\/en\/wp-json\/wp\/v2\/product_tag?post=2487"}],"curies":[{"name":"wp","href":"https:\/\/api.w.org\/{rel}","templated":true}]}}