{"id":2577,"date":"2022-05-10T15:29:49","date_gmt":"2022-05-10T08:29:49","guid":{"rendered":"https:\/\/emotionguitars.com\/?post_type=product&#038;p=2577"},"modified":"2025-04-29T23:56:03","modified_gmt":"2025-04-29T16:56:03","slug":"otto-vowinkel-concerto-hang-order-giam-gia","status":"publish","type":"product","link":"https:\/\/emotionguitars.com\/en\/product\/otto-vowinkel-concerto-hang-order-giam-gia\/","title":{"rendered":"Otto Vowinkel Concerto (h\u00e0ng order gi\u1ea3m gi\u00e1)"},"content":{"rendered":"<p>Otto Vowinkel Concert 1a l\u00e0 model cao nh\u1ea5t c\u1ee7a ngh\u1ec7 nh\u00e2n n\u1ed5i ti\u1ebfng nh\u1ea5t H\u00e0 Lan Vowinkel.<\/p>\n<p>C\u00e2y \u0111\u00e0n \u0111\u01b0\u1ee3c r\u1ea5t nhi\u1ec1u ngh\u1ec7 s\u0129 n\u1ed5i ti\u1ebfng th\u1ebf gi\u1edbi s\u1eed d\u1ee5ng. V\u1edbi \u00e2m thanh c\u1ef1c k\u1ef3 tinh t\u1ebf, s\u1ef1 lan t\u1ecfa v\u00e0 c\u1ea3m x\u00fac t\u1ea1o n\u00ean m\u1ed9t model m\u00e0 nhi\u1ec1u guitarist m\u01a1 \u01b0\u1edbc.<\/p>\n<p>V\u1edbi kh\u00e1ch h\u00e0ng order h\u00e0ng tr\u01b0\u1edbc, s\u1ebd \u0111\u01b0\u1ee3c nh\u1eadn sau 8-12 th\u00e1ng, s\u1ed1 ti\u1ec1n \u0111\u01b0\u1ee3c gi\u1ea3m khi order l\u00e0 10%, \u0111\u1eb7t c\u1ecdc tr\u01b0\u1edbc 25% gi\u00e1 tr\u1ecb c\u00e2y \u0111\u00e0n.<\/p>","protected":false},"excerpt":{"rendered":"<p>Otto Vowinkel Concert 1a l\u00e0 model cao nh\u1ea5t c\u1ee7a ngh\u1ec7 nh\u00e2n n\u1ed5i ti\u1ebfng nh\u1ea5t H\u00e0 Lan Vowinkel. C\u00e2y \u0111\u00e0n \u0111\u01b0\u1ee3c r\u1ea5t nhi\u1ec1u ngh\u1ec7 s\u0129 n\u1ed5i ti\u1ebfng th\u1ebf gi\u1edbi s\u1eed d\u1ee5ng. V\u1edbi \u00e2m thanh c\u1ef1c k\u1ef3 tinh t\u1ebf, s\u1ef1 lan t\u1ecfa v\u00e0 c\u1ea3m x\u00fac t\u1ea1o n\u00ean m\u1ed9t model m\u00e0 nhi\u1ec1u guitarist m\u01a1 \u01b0\u1edbc. V\u1edbi kh\u00e1ch h\u00e0ng&#8230;<\/p>","protected":false},"featured_media":2579,"template":"","meta":[],"product_cat":[490],"product_tag":[536,537],"class_list":["post-2577","product","type-product","status-publish","has-post-thumbnail","hentry","product_cat-chinh-sach-order-giam-gia","product_tag-otto-vowinkel-1a","product_tag-otto-vowinkel-concert"],"_links":{"self":[{"href":"https:\/\/emotionguitars.com\/en\/wp-json\/wp\/v2\/product\/2577","targetHints":{"allow":["GET"]}}],"collection":[{"href":"https:\/\/emotionguitars.com\/en\/wp-json\/wp\/v2\/product"}],"about":[{"href":"https:\/\/emotionguitars.com\/en\/wp-json\/wp\/v2\/types\/product"}],"wp:featuredmedia":[{"embeddable":true,"href":"https:\/\/emotionguitars.com\/en\/wp-json\/wp\/v2\/media\/2579"}],"wp:attachment":[{"href":"https:\/\/emotionguitars.com\/en\/wp-json\/wp\/v2\/media?parent=2577"}],"wp:term":[{"taxonomy":"product_cat","embeddable":true,"href":"https:\/\/emotionguitars.com\/en\/wp-json\/wp\/v2\/product_cat?post=2577"},{"taxonomy":"product_tag","embeddable":true,"href":"https:\/\/emotionguitars.com\/en\/wp-json\/wp\/v2\/product_tag?post=2577"}],"curies":[{"name":"wp","href":"https:\/\/api.w.org\/{rel}","templated":true}]}}