{"id":2596,"date":"2022-05-12T23:19:22","date_gmt":"2022-05-12T16:19:22","guid":{"rendered":"https:\/\/emotionguitars.com\/?post_type=product&#038;p=2596"},"modified":"2025-04-29T23:55:27","modified_gmt":"2025-04-29T16:55:27","slug":"paulino-bernabe-royal-2003-mint","status":"publish","type":"product","link":"https:\/\/emotionguitars.com\/en\/product\/paulino-bernabe-royal-2003-mint\/","title":{"rendered":"Paulino Bernabe Royal &#8211; 2003 (Mint)"},"content":{"rendered":"<p>Paulino Bernabe l\u00e0 ngh\u1ec7 nh\u00e2n huy\u1ec1n tho\u1ea1i, luthier quan tr\u1ecdng nh\u1ea5t c\u1ee7a nh\u00e0 Ramirez, sau n\u00e0y \u00f4ng t\u00e1ch ra m\u1edf x\u01b0\u1edfng ri\u00eang.<\/p>\n<p>Model Royal l\u00e0 s\u1ef1 ho\u00e0n h\u1ea3o v\u00e0 \u0111\u01b0\u1ee3c \u0111\u00e1nh gi\u00e1 r\u1ea5t cao. Nhi\u1ec1u ngh\u1ec7 s\u0129 n\u1ed5i ti\u1ebfng \u0111\u00e3 g\u1eafn b\u00f3 l\u00e2u d\u00e0i v\u1edbi model n\u00e0y.<\/p>\n<p>C\u00e2y \u0111\u00e0n c\u1ee7a Showroom d\u00f9 xu\u1ea5t x\u01b0\u1edfng n\u0103m 2003 nh\u01b0ng n\u00f3 c\u00f3 \u0111\u1ed9 m\u1edbi l\u00ean \u0111\u1ebfn 95%, g\u1ea7n nh\u01b0 kh\u00f4ng c\u00f3 v\u1ebft x\u01b0\u1edbc tr\u00ean \u0111\u00e0n. Paulino Bernabe \u0111\u00e3 m\u1ea5t n\u00ean nh\u1eefng model nh\u01b0 Royal \u00f4ng t\u1eebng l\u00e0m \u0111\u1ebfn nay r\u1ea5t qu\u00fd hi\u1ebfm v\u00e0 c\u00f3 gi\u00e1 tr\u1ecb r\u1ea5t cao.<\/p>\n<p>&#8211; Th\u00f4ng s\u1ed1 \u0111\u00e0n:<\/p>\n<p>Top: Spruce<\/p>\n<p>Back, site: CSA Rosewood<\/p>\n<p>Scale, nut: 650mm, 52mm<\/p>","protected":false},"excerpt":{"rendered":"<p>Paulino Bernabe l\u00e0 ngh\u1ec7 nh\u00e2n huy\u1ec1n tho\u1ea1i, luthier quan tr\u1ecdng nh\u1ea5t c\u1ee7a nh\u00e0 Ramirez, sau n\u00e0y \u00f4ng t\u00e1ch ra m\u1edf x\u01b0\u1edfng ri\u00eang. Model Royal l\u00e0 s\u1ef1 ho\u00e0n h\u1ea3o v\u00e0 \u0111\u01b0\u1ee3c \u0111\u00e1nh gi\u00e1 r\u1ea5t cao. Nhi\u1ec1u ngh\u1ec7 s\u0129 n\u1ed5i ti\u1ebfng \u0111\u00e3 g\u1eafn b\u00f3 l\u00e2u d\u00e0i v\u1edbi model n\u00e0y. C\u00e2y \u0111\u00e0n c\u1ee7a Showroom d\u00f9 xu\u1ea5t x\u01b0\u1edfng n\u0103m&#8230;<\/p>","protected":false},"featured_media":2597,"template":"","meta":[],"product_cat":[533,20,213],"product_tag":[542,72,180,543],"class_list":["post-2596","product","type-product","status-publish","has-post-thumbnail","hentry","product_cat-luxury","product_cat-dan-guitar","product_cat-dan-cao-cap","product_tag-bernabe-royal","product_tag-emotion-guitar","product_tag-guitar-vu-hien","product_tag-paulino-bernabe-royal"],"_links":{"self":[{"href":"https:\/\/emotionguitars.com\/en\/wp-json\/wp\/v2\/product\/2596","targetHints":{"allow":["GET"]}}],"collection":[{"href":"https:\/\/emotionguitars.com\/en\/wp-json\/wp\/v2\/product"}],"about":[{"href":"https:\/\/emotionguitars.com\/en\/wp-json\/wp\/v2\/types\/product"}],"wp:featuredmedia":[{"embeddable":true,"href":"https:\/\/emotionguitars.com\/en\/wp-json\/wp\/v2\/media\/2597"}],"wp:attachment":[{"href":"https:\/\/emotionguitars.com\/en\/wp-json\/wp\/v2\/media?parent=2596"}],"wp:term":[{"taxonomy":"product_cat","embeddable":true,"href":"https:\/\/emotionguitars.com\/en\/wp-json\/wp\/v2\/product_cat?post=2596"},{"taxonomy":"product_tag","embeddable":true,"href":"https:\/\/emotionguitars.com\/en\/wp-json\/wp\/v2\/product_tag?post=2596"}],"curies":[{"name":"wp","href":"https:\/\/api.w.org\/{rel}","templated":true}]}}