{"id":2711,"date":"2022-06-03T00:37:47","date_gmt":"2022-06-02T17:37:47","guid":{"rendered":"https:\/\/emotionguitars.com\/?post_type=product&#038;p=2711"},"modified":"2025-05-16T05:55:45","modified_gmt":"2025-05-15T22:55:45","slug":"emotion-no-1-2022-brand-new","status":"publish","type":"product","link":"https:\/\/emotionguitars.com\/en\/product\/emotion-no-1-2022-brand-new\/","title":{"rendered":"Emotion no.1 &#8211; 2022 (brand new)"},"content":{"rendered":"<p>C\u00e2y \u0111\u00e0n l\u00e0 model thu\u1ed9c ph\u00e2n kh\u00fac ph\u1ed5 th\u00f4ng c\u1ee7a showroom Emotion Guitar. \u0110\u1eb7t h\u00e3ng Saers thi\u1ebft k\u1ebf \u0111\u1ed9c quy\u1ec1n theo h\u1ec7 nan Laticce c\u00f9ng v\u1edbi nh\u1eefng y\u00eau c\u1ea7u c\u01a1 b\u1ea3n v\u1ec1 \u00e2m thanh nh\u01b0: S\u1ef1 c\u00e2n \u0111\u1ed1i, \u00e2m l\u01b0\u1ee3ng t\u1ed1t, b\u00e8 bass s\u00e2u v\u00e0 \u0111\u1eadm, treble n\u1ea3y v\u00e0 gi\u00e0u c\u1ea3m x\u00fac. Ngo\u1ea1i h\u00ecnh l\u00e0m theo ki\u1ec3u d\u00e1ng Hauser, r\u1ea5t th\u00e2n thi\u1ec7n v\u1edbi ng\u01b0\u1eddi ch\u01a1i.<\/p>\n<p>C\u00f3 th\u1ec3 n\u00f3i, \u0111\u00e2y l\u00e0 m\u1ed9t c\u00e2y \u0111\u00e0n r\u1ea5t hi\u1ec7u qu\u1ea3 v\u1ec1 m\u1eb7t ch\u1ea5t l\u01b0\u1ee3ng, kinh t\u1ebf \u1edf ph\u00e2n kh\u00fac d\u01b0\u1edbi 10 tri\u1ec7u.<\/p>\n<p>&#8211; Th\u00f4ng s\u1ed1 \u0111\u00e0n:<\/p>\n<p>Top: cedaz<\/p>\n<p>Back, side: Mahogany rosewood<\/p>\n<p>Scale, nut: 650mm, 52mm<\/p>\n<p>K\u00e8m theo m\u1ed9t bao \u0111\u00e0n cao c\u1ea5p tr\u1ecb gi\u00e1 1,5 tri\u1ec7u c\u1ee7a Saers.<\/p>","protected":false},"excerpt":{"rendered":"<p>C\u00e2y \u0111\u00e0n l\u00e0 model thu\u1ed9c ph\u00e2n kh\u00fac ph\u1ed5 th\u00f4ng c\u1ee7a showroom Emotion Guitar. \u0110\u1eb7t h\u00e3ng Saers thi\u1ebft k\u1ebf \u0111\u1ed9c quy\u1ec1n theo h\u1ec7 nan Laticce c\u00f9ng v\u1edbi nh\u1eefng y\u00eau c\u1ea7u c\u01a1 b\u1ea3n v\u1ec1 \u00e2m thanh nh\u01b0: S\u1ef1 c\u00e2n \u0111\u1ed1i, \u00e2m l\u01b0\u1ee3ng t\u1ed1t, b\u00e8 bass s\u00e2u v\u00e0 \u0111\u1eadm, treble n\u1ea3y v\u00e0 gi\u00e0u c\u1ea3m x\u00fac. Ngo\u1ea1i h\u00ecnh l\u00e0m&#8230;<\/p>","protected":false},"featured_media":2713,"template":"","meta":[],"product_cat":[20,40],"product_tag":[72,565,407],"class_list":["post-2711","product","type-product","status-publish","has-post-thumbnail","hentry","product_cat-dan-guitar","product_cat-emotion-guitar","product_tag-emotion-guitar","product_tag-emotion-no1","product_tag-guitar-emotion-no-1"],"_links":{"self":[{"href":"https:\/\/emotionguitars.com\/en\/wp-json\/wp\/v2\/product\/2711","targetHints":{"allow":["GET"]}}],"collection":[{"href":"https:\/\/emotionguitars.com\/en\/wp-json\/wp\/v2\/product"}],"about":[{"href":"https:\/\/emotionguitars.com\/en\/wp-json\/wp\/v2\/types\/product"}],"wp:featuredmedia":[{"embeddable":true,"href":"https:\/\/emotionguitars.com\/en\/wp-json\/wp\/v2\/media\/2713"}],"wp:attachment":[{"href":"https:\/\/emotionguitars.com\/en\/wp-json\/wp\/v2\/media?parent=2711"}],"wp:term":[{"taxonomy":"product_cat","embeddable":true,"href":"https:\/\/emotionguitars.com\/en\/wp-json\/wp\/v2\/product_cat?post=2711"},{"taxonomy":"product_tag","embeddable":true,"href":"https:\/\/emotionguitars.com\/en\/wp-json\/wp\/v2\/product_tag?post=2711"}],"curies":[{"name":"wp","href":"https:\/\/api.w.org\/{rel}","templated":true}]}}