{"id":2971,"date":"2022-07-28T22:46:21","date_gmt":"2022-07-28T15:46:21","guid":{"rendered":"https:\/\/emotionguitars.com\/?post_type=product&#038;p=2971"},"modified":"2025-04-17T22:47:28","modified_gmt":"2025-04-17T15:47:28","slug":"martinez-mc48-brand-new","status":"publish","type":"product","link":"https:\/\/emotionguitars.com\/en\/product\/martinez-mc48-brand-new\/","title":{"rendered":"Martinez MC48 (brand new)"},"content":{"rendered":"<p>Model Mc 48 c\u1ee7a Martinez ch\u1ec9 m\u1edbi xu\u1ea5t hi\u1ec7n c\u00e1ch \u0111\u00e2y 2 n\u0103m v\u1edbi s\u1ed1 l\u01b0\u1ee3ng c\u00f2n h\u1ea1n ch\u1ebf \u1edf Vi\u1ec7t Nam nh\u01b0ng \u0111\u00e3 \u0111\u01b0\u1ee3c nhi\u1ec1u t\u00edn \u0111\u1ed3 classic bi\u1ebft \u0111\u1ebfn. V\u1edbi ngo\u1ea1i h\u00ecnh b\u00f3ng b\u1ea9y, b\u1eaft m\u1eaft c\u00f9ng \u00e2m thanh \u1ea5m, \u00e2m l\u01b0\u1ee3ng \u0111\u1ee7 l\u1edbn c\u00f9ng s\u1ef1 h\u00e0i ho\u00e0, Martinez Mc 48 l\u00e0 l\u1ef1a ch\u1ecdn t\u1ed1t \u0111\u1ed1i v\u1edbi 1 c\u00e2y \u0111\u00e0n c\u00f3 gi\u00e1 5,5 tri\u1ec7u.<\/p>\n<p>&#8211; Th\u00f4ng s\u1ed1 \u0111\u00e0n:<\/p>\n<p>Top: Cedaz<\/p>\n<p>Back, side: Mahogany rosewood<\/p>\n<p>Scale, nut: 650mm, 52mm<\/p>\n<p><iframe loading=\"lazy\" title=\"So s\u00e1nh gi\u1eefa Guitar Martinez mc48 v\u00e0 Cordoba C5\" width=\"1020\" height=\"574\" src=\"https:\/\/www.youtube.com\/embed\/wd_7f48chJc?feature=oembed\" frameborder=\"0\" allow=\"accelerometer; autoplay; clipboard-write; encrypted-media; gyroscope; picture-in-picture\" allowfullscreen><\/iframe><\/p>\n<p>K\u00e8m bao 3 l\u1edbp + d\u00e2y Hannabach tr\u1ecb gi\u00e1 330.000 vnd<\/p>","protected":false},"excerpt":{"rendered":"<p>Model Mc 48 c\u1ee7a Martinez ch\u1ec9 m\u1edbi xu\u1ea5t hi\u1ec7n c\u00e1ch \u0111\u00e2y 2 n\u0103m v\u1edbi s\u1ed1 l\u01b0\u1ee3ng c\u00f2n h\u1ea1n ch\u1ebf \u1edf Vi\u1ec7t Nam nh\u01b0ng \u0111\u00e3 \u0111\u01b0\u1ee3c nhi\u1ec1u t\u00edn \u0111\u1ed3 classic bi\u1ebft \u0111\u1ebfn. V\u1edbi ngo\u1ea1i h\u00ecnh b\u00f3ng b\u1ea9y, b\u1eaft m\u1eaft c\u00f9ng \u00e2m thanh \u1ea5m, \u00e2m l\u01b0\u1ee3ng \u0111\u1ee7 l\u1edbn c\u00f9ng s\u1ef1 h\u00e0i ho\u00e0, Martinez Mc 48 l\u00e0 l\u1ef1a&#8230;<\/p>","protected":false},"featured_media":2972,"template":"","meta":[],"product_cat":[20,24],"product_tag":[607,53],"class_list":["post-2971","product","type-product","status-publish","has-post-thumbnail","hentry","product_cat-dan-guitar","product_cat-martinez-guitar","product_tag-guitar-martinez-mc48","product_tag-martinez-mc48"],"_links":{"self":[{"href":"https:\/\/emotionguitars.com\/en\/wp-json\/wp\/v2\/product\/2971","targetHints":{"allow":["GET"]}}],"collection":[{"href":"https:\/\/emotionguitars.com\/en\/wp-json\/wp\/v2\/product"}],"about":[{"href":"https:\/\/emotionguitars.com\/en\/wp-json\/wp\/v2\/types\/product"}],"wp:featuredmedia":[{"embeddable":true,"href":"https:\/\/emotionguitars.com\/en\/wp-json\/wp\/v2\/media\/2972"}],"wp:attachment":[{"href":"https:\/\/emotionguitars.com\/en\/wp-json\/wp\/v2\/media?parent=2971"}],"wp:term":[{"taxonomy":"product_cat","embeddable":true,"href":"https:\/\/emotionguitars.com\/en\/wp-json\/wp\/v2\/product_cat?post=2971"},{"taxonomy":"product_tag","embeddable":true,"href":"https:\/\/emotionguitars.com\/en\/wp-json\/wp\/v2\/product_tag?post=2971"}],"curies":[{"name":"wp","href":"https:\/\/api.w.org\/{rel}","templated":true}]}}