{"id":3011,"date":"2022-07-30T08:43:34","date_gmt":"2022-07-30T01:43:34","guid":{"rendered":"https:\/\/emotionguitars.com\/?post_type=product&#038;p=3011"},"modified":"2025-04-17T22:43:21","modified_gmt":"2025-04-17T15:43:21","slug":"stephan-connor-2014-very-good","status":"publish","type":"product","link":"https:\/\/emotionguitars.com\/en\/product\/stephan-connor-2014-very-good\/","title":{"rendered":"Stephan Connor &#8211; 2014 (very good)"},"content":{"rendered":"<p>C\u00e2y \u0111\u00e0n v\u00f4 c\u00f9ng \u0111\u1eb7c bi\u1ec7t v\u00e0 kh\u00f4ng d\u1ec5 ki\u1ebfm t\u00ecm, v\u1edbi gi\u00e1 xu\u1ea5t x\u01b0\u1edfng l\u00e0 16.400 usd. Stephan Connor l\u00e0 ngh\u1ec7 nh\u00e2n n\u1ed5i ti\u1ebfng ng\u01b0\u1eddi M\u1ef9, \u0111\u00e0n c\u1ee7a \u00f4ng hi\u1ec7n \u0111\u01b0\u1ee3c \u0111\u00e1nh gi\u00e1 r\u1ea5t cao v\u00e0 nhi\u1ec1u guitarist n\u1ed5i ti\u1ebfng th\u1ebf gi\u1edbi \u0111ang s\u1eed d\u1ee5ng.<\/p>\n<p>V\u1edbi ki\u1ec3u \u00e2m thanh hi\u1ec7n \u0111\u1ea1i, m\u1ea1nh m\u1ebd nh\u01b0ng r\u1ea5t du d\u01b0\u01a1ng, Connor l\u00e0 c\u00e2y \u0111\u00e0n l\u00fd t\u01b0\u1edfng khi c\u00f3 th\u1ec3 ch\u01a1i \u1edf c\u00e1c s\u00e2n kh\u1ea5u l\u1edbn kh\u00f4ng d\u00f9ng micro.<\/p>\n<p>C\u00e2y \u0111\u00e0n s\u1ea3n xu\u1ea5t n\u0103m 2014 c\u1ee7a Showroom Emotion th\u1ef1c s\u1ef1 l\u00e0 m\u1ed9t t\u00e1c ph\u1ea9m ngh\u1ec7 thu\u1eadt v\u1edbi m\u1eb7t Top Spruce, l\u01b0ng h\u00f4ng l\u00e0 g\u1ed7 Brazil qu\u00fd hi\u1ebfm, h\u1ec7 nan Lattice cho ra ch\u1ea5t \u00e2m \u1ea5m v\u00e0 \u0111\u1ea7y \u0111\u1eb7n, ng\u00e2n nga. \u0110\u00e0n c\u00f3 1 n\u0103p nh\u1ecf ph\u00eda tr\u00ean c\u1ea1nh \u0111\u00e0n, khi m\u1edf n\u1eafp, hi\u1ec7u qu\u1ea3 \u00e2m thanh s\u1ebd m\u1ea1nh m\u1ebd th\u00eam 25-30%.<br \/>\nC\u00f3 th\u1ec3 n\u00f3i, Stephan Connor 2014 x\u1ee9ng \u0111\u00e1ng l\u00e0 m\u1ed9t c\u00e2y \u0111\u00e0n quan trong n\u1eb1m trong danh m\u1ee5c s\u01b0u t\u1ea7m Luxury c\u1ee7a Emotion Guitar.<br \/>\nV\u0169 Hi\u1ec3n c\u0169ng t\u1ef1 h\u00e0o l\u00e0 \u0111\u1ea1i di\u1ec7n \u0111\u1ed9c quy\u1ec1n cho Stephan Connor t\u1ea1i Vi\u1ec7t Nam.<\/p>\n<p><iframe loading=\"lazy\" title=\"So s\u00e1nh 6 \u0111\u00e0n guitar 2,8 tri\u1ec7u \u0111\u1ebfn 225 tri\u1ec7u | S\u1ee9c h\u00fat c\u1ee7a \u00e2m thanh\" width=\"1020\" height=\"574\" src=\"https:\/\/www.youtube.com\/embed\/YgkClTQoGSc?feature=oembed\" frameborder=\"0\" allow=\"accelerometer; autoplay; clipboard-write; encrypted-media; gyroscope; picture-in-picture\" allowfullscreen><\/iframe><\/p>","protected":false},"excerpt":{"rendered":"<p>C\u00e2y \u0111\u00e0n v\u00f4 c\u00f9ng \u0111\u1eb7c bi\u1ec7t v\u00e0 kh\u00f4ng d\u1ec5 ki\u1ebfm t\u00ecm, v\u1edbi gi\u00e1 xu\u1ea5t x\u01b0\u1edfng l\u00e0 16.400 usd. Stephan Connor l\u00e0 ngh\u1ec7 nh\u00e2n n\u1ed5i ti\u1ebfng ng\u01b0\u1eddi M\u1ef9, \u0111\u00e0n c\u1ee7a \u00f4ng hi\u1ec7n \u0111\u01b0\u1ee3c \u0111\u00e1nh gi\u00e1 r\u1ea5t cao v\u00e0 nhi\u1ec1u guitarist n\u1ed5i ti\u1ebfng th\u1ebf gi\u1edbi \u0111ang s\u1eed d\u1ee5ng. V\u1edbi ki\u1ec3u \u00e2m thanh hi\u1ec7n \u0111\u1ea1i, m\u1ea1nh m\u1ebd nh\u01b0ng&#8230;<\/p>","protected":false},"featured_media":3012,"template":"","meta":[],"product_cat":[533,20,213],"product_tag":[616,72,224,617],"class_list":["post-3011","product","type-product","status-publish","has-post-thumbnail","hentry","product_cat-luxury","product_cat-dan-guitar","product_cat-dan-cao-cap","product_tag-connor-guitar","product_tag-emotion-guitar","product_tag-guitar-cao-cap","product_tag-guitar-stephan-connor"],"_links":{"self":[{"href":"https:\/\/emotionguitars.com\/en\/wp-json\/wp\/v2\/product\/3011","targetHints":{"allow":["GET"]}}],"collection":[{"href":"https:\/\/emotionguitars.com\/en\/wp-json\/wp\/v2\/product"}],"about":[{"href":"https:\/\/emotionguitars.com\/en\/wp-json\/wp\/v2\/types\/product"}],"wp:featuredmedia":[{"embeddable":true,"href":"https:\/\/emotionguitars.com\/en\/wp-json\/wp\/v2\/media\/3012"}],"wp:attachment":[{"href":"https:\/\/emotionguitars.com\/en\/wp-json\/wp\/v2\/media?parent=3011"}],"wp:term":[{"taxonomy":"product_cat","embeddable":true,"href":"https:\/\/emotionguitars.com\/en\/wp-json\/wp\/v2\/product_cat?post=3011"},{"taxonomy":"product_tag","embeddable":true,"href":"https:\/\/emotionguitars.com\/en\/wp-json\/wp\/v2\/product_tag?post=3011"}],"curies":[{"name":"wp","href":"https:\/\/api.w.org\/{rel}","templated":true}]}}