{"id":3060,"date":"2022-08-02T00:34:37","date_gmt":"2022-08-01T17:34:37","guid":{"rendered":"https:\/\/emotionguitars.com\/?post_type=product&#038;p=3060"},"modified":"2025-04-17T22:44:26","modified_gmt":"2025-04-17T15:44:26","slug":"picado-concerto-2022-brand-new","status":"publish","type":"product","link":"https:\/\/emotionguitars.com\/en\/product\/picado-concerto-2022-brand-new\/","title":{"rendered":"Picado Concerto &#8211; 2022 (brand new)"},"content":{"rendered":"<p>Antonio Picado l\u00e0 th\u01b0\u01a1ng hi\u1ec7u l\u00e0m \u0111\u00e0n th\u1ee7 c\u00f4ng mang t\u00ednh gia \u0111\u00ecnh c\u00f3 truy\u1ec1n th\u1ed1ng t\u1ea1i T\u00e2y Ban Nha, thu\u1ed9c tr\u01b0\u1eddng ph\u00e1i Barcalona. Picado n\u1ed5i ti\u1ebfng v\u1edbi ch\u1ea5t l\u01b0\u1ee3ng l\u00e0m \u0111\u00e0n n\u1ed5i tr\u1ed9i so v\u1edbi t\u1ea7m gi\u00e1, v\u1edbi l\u1ed1i l\u00e0m \u0111\u00e0n th\u1ee7 c\u00f4ng v\u00e0 s\u1ed1 l\u01b0\u1ee3ng kh\u00e1 h\u1ea1n ch\u1ebf. Hi\u1ec7n t\u1ea1i, to\u00e0n b\u1ed9 x\u01b0\u1edfng \u0111\u00e0n c\u1ee7a Picado kh\u00f4ng qu\u00e1 5 ng\u01b0\u1eddi, bao g\u1ed3m c\u1ea3 th\u1ee3 s\u01a1n.<\/p>\n<p>Picado C1 l\u00e0 m\u1eabu Top model theo h\u1ec7 nan truy\u1ec1n th\u1ed1ng c\u1ee7a Picado, v\u1edbi m\u1eb7t Top spruce v\u00e0 \u0111\u1eb7c bi\u1ec7t l\u01b0ng h\u00f4ng \u0111\u01b0\u1ee3c l\u00e0m t\u1eeb g\u1ed7 Brazil qu\u00fd hi\u1ebfm.<\/p>","protected":false},"excerpt":{"rendered":"<p>Antonio Picado l\u00e0 th\u01b0\u01a1ng hi\u1ec7u l\u00e0m \u0111\u00e0n th\u1ee7 c\u00f4ng mang t\u00ednh gia \u0111\u00ecnh c\u00f3 truy\u1ec1n th\u1ed1ng t\u1ea1i T\u00e2y Ban Nha, thu\u1ed9c tr\u01b0\u1eddng ph\u00e1i Barcalona. Picado n\u1ed5i ti\u1ebfng v\u1edbi ch\u1ea5t l\u01b0\u1ee3ng l\u00e0m \u0111\u00e0n n\u1ed5i tr\u1ed9i so v\u1edbi t\u1ea7m gi\u00e1, v\u1edbi l\u1ed1i l\u00e0m \u0111\u00e0n th\u1ee7 c\u00f4ng v\u00e0 s\u1ed1 l\u01b0\u1ee3ng kh\u00e1 h\u1ea1n ch\u1ebf. Hi\u1ec7n t\u1ea1i, to\u00e0n b\u1ed9 x\u01b0\u1edfng&#8230;<\/p>","protected":false},"featured_media":3061,"template":"","meta":[],"product_cat":[533,20,84,213],"product_tag":[48,46,625],"class_list":["post-3060","product","type-product","status-publish","has-post-thumbnail","hentry","product_cat-luxury","product_cat-dan-guitar","product_cat-picado","product_cat-dan-cao-cap","product_tag-guitar-picado-c1","product_tag-picado-c1","product_tag-picado-guitar"],"_links":{"self":[{"href":"https:\/\/emotionguitars.com\/en\/wp-json\/wp\/v2\/product\/3060","targetHints":{"allow":["GET"]}}],"collection":[{"href":"https:\/\/emotionguitars.com\/en\/wp-json\/wp\/v2\/product"}],"about":[{"href":"https:\/\/emotionguitars.com\/en\/wp-json\/wp\/v2\/types\/product"}],"wp:featuredmedia":[{"embeddable":true,"href":"https:\/\/emotionguitars.com\/en\/wp-json\/wp\/v2\/media\/3061"}],"wp:attachment":[{"href":"https:\/\/emotionguitars.com\/en\/wp-json\/wp\/v2\/media?parent=3060"}],"wp:term":[{"taxonomy":"product_cat","embeddable":true,"href":"https:\/\/emotionguitars.com\/en\/wp-json\/wp\/v2\/product_cat?post=3060"},{"taxonomy":"product_tag","embeddable":true,"href":"https:\/\/emotionguitars.com\/en\/wp-json\/wp\/v2\/product_tag?post=3060"}],"curies":[{"name":"wp","href":"https:\/\/api.w.org\/{rel}","templated":true}]}}