{"id":3096,"date":"2022-08-15T20:53:04","date_gmt":"2022-08-15T13:53:04","guid":{"rendered":"https:\/\/emotionguitars.com\/?post_type=product&#038;p=3096"},"modified":"2025-04-17T22:47:06","modified_gmt":"2025-04-17T15:47:06","slug":"albeniz-no-50-excellent","status":"publish","type":"product","link":"https:\/\/emotionguitars.com\/en\/product\/albeniz-no-50-excellent\/","title":{"rendered":"Albeniz no 50 (Excellent)"},"content":{"rendered":"<p>Ch\u00fang t\u00f4i kh\u00f4ng c\u00f3 nhi\u1ec1u th\u00f4ng tin \u0111\u1ed1i v\u1edbi th\u01b0\u01a1ng hi\u1ec7u v\u00e0 model c\u1ee7a c\u00e2y \u0111\u00e0n n\u00e0y nh\u01b0ng \u0111\u00f3 l\u00e0 m\u1ed9t c\u00e2y \u0111\u00e0n sane xu\u1ea5t t\u1ea1i Nh\u1eadt, c\u00f3 gi\u00e1 50.000\u00a5 t\u01b0\u01a1ng \u0111\u01b0\u01a1ng c\u00e2y \u0111\u00e0n Matsuoka m50.<br \/>\nH\u00ecnh th\u1ee9c r\u1ea5t \u0111\u1eb9p d\u00f9 \u0111\u00e3 v\u00e0i ch\u1ee5c n\u0103m tu\u1ed5i, \u00e2m thanh r\u1ea5t t\u1ed1t trong t\u1ea7m gi\u00e1.<\/p>","protected":false},"excerpt":{"rendered":"<p>Ch\u00fang t\u00f4i kh\u00f4ng c\u00f3 nhi\u1ec1u th\u00f4ng tin \u0111\u1ed1i v\u1edbi th\u01b0\u01a1ng hi\u1ec7u v\u00e0 model c\u1ee7a c\u00e2y \u0111\u00e0n n\u00e0y nh\u01b0ng \u0111\u00f3 l\u00e0 m\u1ed9t c\u00e2y \u0111\u00e0n sane xu\u1ea5t t\u1ea1i Nh\u1eadt, c\u00f3 gi\u00e1 50.000\u00a5 t\u01b0\u01a1ng \u0111\u01b0\u01a1ng c\u00e2y \u0111\u00e0n Matsuoka m50. H\u00ecnh th\u1ee9c r\u1ea5t \u0111\u1eb9p d\u00f9 \u0111\u00e3 v\u00e0i ch\u1ee5c n\u0103m tu\u1ed5i, \u00e2m thanh r\u1ea5t t\u1ed1t trong t\u1ea7m gi\u00e1.<\/p>","protected":false},"featured_media":3097,"template":"","meta":[],"product_cat":[20,15],"product_tag":[485,629],"class_list":["post-3096","product","type-product","status-publish","has-post-thumbnail","hentry","product_cat-dan-guitar","product_cat-chua-phan-loai","product_tag-ban-ghita-cao-cap","product_tag-guitar-tot-tai-ha-noi"],"_links":{"self":[{"href":"https:\/\/emotionguitars.com\/en\/wp-json\/wp\/v2\/product\/3096","targetHints":{"allow":["GET"]}}],"collection":[{"href":"https:\/\/emotionguitars.com\/en\/wp-json\/wp\/v2\/product"}],"about":[{"href":"https:\/\/emotionguitars.com\/en\/wp-json\/wp\/v2\/types\/product"}],"wp:featuredmedia":[{"embeddable":true,"href":"https:\/\/emotionguitars.com\/en\/wp-json\/wp\/v2\/media\/3097"}],"wp:attachment":[{"href":"https:\/\/emotionguitars.com\/en\/wp-json\/wp\/v2\/media?parent=3096"}],"wp:term":[{"taxonomy":"product_cat","embeddable":true,"href":"https:\/\/emotionguitars.com\/en\/wp-json\/wp\/v2\/product_cat?post=3096"},{"taxonomy":"product_tag","embeddable":true,"href":"https:\/\/emotionguitars.com\/en\/wp-json\/wp\/v2\/product_tag?post=3096"}],"curies":[{"name":"wp","href":"https:\/\/api.w.org\/{rel}","templated":true}]}}