{"id":3144,"date":"2022-08-20T23:37:03","date_gmt":"2022-08-20T16:37:03","guid":{"rendered":"https:\/\/emotionguitars.com\/?post_type=product&#038;p=3144"},"modified":"2025-04-17T22:39:22","modified_gmt":"2025-04-17T15:39:22","slug":"sumio-korusawa-no-30-1982-excellent","status":"publish","type":"product","link":"https:\/\/emotionguitars.com\/en\/product\/sumio-korusawa-no-30-1982-excellent\/","title":{"rendered":"Sumio Korusawa no.30 &#8211; 1982 (Excellent)"},"content":{"rendered":"<p>C\u00e2y \u0111\u00e0n \u0111\u1eb7c bi\u1ec7t qu\u00fd hi\u1ebfm, gi\u1ed1ng nh\u01b0 m\u1ed9t qu\u00fd b\u00e0 th\u1ef1c s\u1ef1 b\u1edfi n\u00e9t quy\u1ebfn r\u0169 v\u00e0 sang tr\u1ecdng.<\/p>\n<p>C\u00e2y \u0111\u00e0n l\u00e0 m\u1ed9t s\u1ea3n ph\u1ea9m r\u1ea5t gi\u00e1 tr\u1ecb c\u1ee7a Sumio Korusawa &#8211; m\u1ed9t trong nh\u1eefng ngh\u1ec7 nh\u00e2n h\u00e0ng \u0111\u1ea7u Nh\u1eadt B\u1ea3n th\u1eddi \u0111\u00f3.<\/p>\n<p>V\u1edbi \u0111\u1ea7u \u0111\u00e0n v\u00e0 v\u00f2ng l\u1ed7 tho\u00e1t \u00e2m \u0111\u01b0\u1ee3c ch\u1ea1m kh\u1eafc tinh x\u1ea3o, c\u1ed9ng v\u1edbi b\u1ed9 g\u1ed7 l\u01b0ng h\u00f4ng Brazil, c\u00e2y \u0111\u00e0n gi\u1ed1ng nh\u01b0 m\u1ed9t t\u00e1c ph\u1ea9m ngh\u1ec7 thu\u1eadt th\u1ef1c s\u1ef1. \u00c2m thanh c\u1ee7a \u0111\u00e0n c\u0169ng l\u00e0 s\u1ef1 tinh t\u1ebf tuy\u1ec7t v\u1eddi.<\/p>","protected":false},"excerpt":{"rendered":"<p>C\u00e2y \u0111\u00e0n \u0111\u1eb7c bi\u1ec7t qu\u00fd hi\u1ebfm, gi\u1ed1ng nh\u01b0 m\u1ed9t qu\u00fd b\u00e0 th\u1ef1c s\u1ef1 b\u1edfi n\u00e9t quy\u1ebfn r\u0169 v\u00e0 sang tr\u1ecdng. C\u00e2y \u0111\u00e0n l\u00e0 m\u1ed9t s\u1ea3n ph\u1ea9m r\u1ea5t gi\u00e1 tr\u1ecb c\u1ee7a Sumio Korusawa &#8211; m\u1ed9t trong nh\u1eefng ngh\u1ec7 nh\u00e2n h\u00e0ng \u0111\u1ea7u Nh\u1eadt B\u1ea3n th\u1eddi \u0111\u00f3. V\u1edbi \u0111\u1ea7u \u0111\u00e0n v\u00e0 v\u00f2ng l\u1ed7 tho\u00e1t \u00e2m \u0111\u01b0\u1ee3c ch\u1ea1m kh\u1eafc&#8230;<\/p>","protected":false},"featured_media":3145,"template":"","meta":[],"product_cat":[533,20,213],"product_tag":[636],"class_list":["post-3144","product","type-product","status-publish","has-post-thumbnail","hentry","product_cat-luxury","product_cat-dan-guitar","product_cat-dan-cao-cap","product_tag-korusawa-no-30"],"_links":{"self":[{"href":"https:\/\/emotionguitars.com\/en\/wp-json\/wp\/v2\/product\/3144","targetHints":{"allow":["GET"]}}],"collection":[{"href":"https:\/\/emotionguitars.com\/en\/wp-json\/wp\/v2\/product"}],"about":[{"href":"https:\/\/emotionguitars.com\/en\/wp-json\/wp\/v2\/types\/product"}],"wp:featuredmedia":[{"embeddable":true,"href":"https:\/\/emotionguitars.com\/en\/wp-json\/wp\/v2\/media\/3145"}],"wp:attachment":[{"href":"https:\/\/emotionguitars.com\/en\/wp-json\/wp\/v2\/media?parent=3144"}],"wp:term":[{"taxonomy":"product_cat","embeddable":true,"href":"https:\/\/emotionguitars.com\/en\/wp-json\/wp\/v2\/product_cat?post=3144"},{"taxonomy":"product_tag","embeddable":true,"href":"https:\/\/emotionguitars.com\/en\/wp-json\/wp\/v2\/product_tag?post=3144"}],"curies":[{"name":"wp","href":"https:\/\/api.w.org\/{rel}","templated":true}]}}