{"id":3217,"date":"2022-09-14T00:14:13","date_gmt":"2022-09-13T17:14:13","guid":{"rendered":"https:\/\/emotionguitars.com\/?post_type=product&#038;p=3217"},"modified":"2025-04-17T22:41:53","modified_gmt":"2025-04-17T15:41:53","slug":"daniel-friederich-1988-good","status":"publish","type":"product","link":"https:\/\/emotionguitars.com\/en\/product\/daniel-friederich-1988-good\/","title":{"rendered":"Daniel Friederich &#8211; 1988 (good)"},"content":{"rendered":"<p>Daniel Friederich \u0111\u01b0\u1ee3c coi l\u00e0 m\u1ed9t trong nh\u1eefng luthier guitar v\u0129 \u0111\u1ea1i nh\u1ea5t t\u1eeb tr\u01b0\u1edbc \u0111\u1ebfn nay. C\u00f9ng v\u1edbi Fleta, Daniel Friederich \u0111\u01b0\u1ee3c coi l\u00e0 2 lo\u1ea1i \u0111\u00e0n \u0111\u01b0\u1ee3c nhi\u1ec1u ngh\u1ec7 s\u0129 xu\u1ea5t s\u1eafc nh\u1ea5t th\u1ebf gi\u1edbi s\u1eed d\u1ee5ng. \u00c2m thanh c\u1ee7a Friederich l\u00e0 s\u1ef1 t\u1ed5ng ho\u00e0 c\u1ee7a truy\u1ec1n th\u1ed1ng v\u00e0 hi\u1ec7n \u0111\u1ea1i, v\u1edbi d\u1ea3i t\u1ea7n r\u1ea5t r\u1ed9ng v\u00e0 ti\u1ebfng \u00e2m tr\u00f2n tr\u1ecba, trong veo v\u00e0 \u0111\u1ea7y bi\u1ebfn \u1ea3o. Nh\u1eefng b\u1ed9i \u00e2m \u0111\u00e0n xem n\u1ed1i ti\u1ebfp ngay sau khi \u00e2m ch\u00ednh k\u1ebft th\u00fac \u0111\u1ee7 \u0111\u1ec3 l\u1ea5p \u0111\u1ea7y m\u1ed9t c\u0103n ph\u00f2ng.<br \/>\nNg\u00e0y nay, \u0111\u1ec3 c\u00f3 \u0111\u01b0\u1ee3c m\u1ed9t guitar Daniel Friederich l\u00e0 \u0111i\u1ec1u v\u00f4 c\u00f9ng kh\u00f3 kh\u0103n, th\u1eadm ch\u00ed ngay c\u1ea3 \u0111\u1ebfn nh\u1eefng c\u00e2y n\u1ee9t v\u1ee1 c\u0169ng c\u00f3 gi\u00e1 h\u00e0ng t\u1ec9 \u0111\u1ed3ng v\u00e0 r\u1ea5t kh\u00f3 mua \u0111\u01b0\u1ee3c.<\/p>\n<p>Emotion Guitar t\u1ef1 h\u00e0o v\u00e0 vinh d\u1ef1 khi s\u1edf h\u1eefu b\u1ee9c tranh ngh\u1ec7 thu\u1eadt r\u1ea5t gi\u00e1 tr\u1ecb n\u00e0y.<\/p>","protected":false},"excerpt":{"rendered":"<p>Daniel Friederich \u0111\u01b0\u1ee3c coi l\u00e0 m\u1ed9t trong nh\u1eefng luthier guitar v\u0129 \u0111\u1ea1i nh\u1ea5t t\u1eeb tr\u01b0\u1edbc \u0111\u1ebfn nay. C\u00f9ng v\u1edbi Fleta, Daniel Friederich \u0111\u01b0\u1ee3c coi l\u00e0 2 lo\u1ea1i \u0111\u00e0n \u0111\u01b0\u1ee3c nhi\u1ec1u ngh\u1ec7 s\u0129 xu\u1ea5t s\u1eafc nh\u1ea5t th\u1ebf gi\u1edbi s\u1eed d\u1ee5ng. \u00c2m thanh c\u1ee7a Friederich l\u00e0 s\u1ef1 t\u1ed5ng ho\u00e0 c\u1ee7a truy\u1ec1n th\u1ed1ng v\u00e0 hi\u1ec7n \u0111\u1ea1i, v\u1edbi d\u1ea3i&#8230;<\/p>","protected":false},"featured_media":3218,"template":"","meta":[],"product_cat":[533,20,213],"product_tag":[637,638],"class_list":["post-3217","product","type-product","status-publish","has-post-thumbnail","hentry","product_cat-luxury","product_cat-dan-guitar","product_cat-dan-cao-cap","product_tag-guitar-dat-nhat-viet-nam","product_tag-guitar-dinh-nhat"],"_links":{"self":[{"href":"https:\/\/emotionguitars.com\/en\/wp-json\/wp\/v2\/product\/3217","targetHints":{"allow":["GET"]}}],"collection":[{"href":"https:\/\/emotionguitars.com\/en\/wp-json\/wp\/v2\/product"}],"about":[{"href":"https:\/\/emotionguitars.com\/en\/wp-json\/wp\/v2\/types\/product"}],"wp:featuredmedia":[{"embeddable":true,"href":"https:\/\/emotionguitars.com\/en\/wp-json\/wp\/v2\/media\/3218"}],"wp:attachment":[{"href":"https:\/\/emotionguitars.com\/en\/wp-json\/wp\/v2\/media?parent=3217"}],"wp:term":[{"taxonomy":"product_cat","embeddable":true,"href":"https:\/\/emotionguitars.com\/en\/wp-json\/wp\/v2\/product_cat?post=3217"},{"taxonomy":"product_tag","embeddable":true,"href":"https:\/\/emotionguitars.com\/en\/wp-json\/wp\/v2\/product_tag?post=3217"}],"curies":[{"name":"wp","href":"https:\/\/api.w.org\/{rel}","templated":true}]}}