{"id":3231,"date":"2022-09-15T19:24:54","date_gmt":"2022-09-15T12:24:54","guid":{"rendered":"https:\/\/emotionguitars.com\/?post_type=product&#038;p=3231"},"modified":"2025-04-17T22:49:28","modified_gmt":"2025-04-17T15:49:28","slug":"stella-2021-brand-new","status":"publish","type":"product","link":"https:\/\/emotionguitars.com\/en\/product\/stella-2021-brand-new\/","title":{"rendered":"Stella &#8211; 2021 (brand new)"},"content":{"rendered":"<p>Stella &#8211; c\u00e2y \u0111\u00e0n \u0111\u1ea7u tay c\u1ee7a Luthier So Kimishima &#8211; h\u1eadu du\u1ec7 \u0111\u1eddi th\u1ee9 3 nh\u00e0 Kohno \u0111\u00e3 v\u1ec1 \u0111\u1ebfn Showroom Emotion.<br \/>\nM\u1ed9t c\u00e2y \u0111\u00e0n c\u00f3 gi\u00e1 tr\u1ecb r\u1ea5t cao v\u1ec1 gi\u00e1 tr\u1ecb s\u01b0u t\u1ea7m v\u00e0 \u00e2m thanh c\u0169ng th\u1ef1c s\u1ef1 l\u00f4i cu\u1ed1n.<\/p>","protected":false},"excerpt":{"rendered":"<p>Stella &#8211; c\u00e2y \u0111\u00e0n \u0111\u1ea7u tay c\u1ee7a Luthier So Kimishima &#8211; h\u1eadu du\u1ec7 \u0111\u1eddi th\u1ee9 3 nh\u00e0 Kohno \u0111\u00e3 v\u1ec1 \u0111\u1ebfn Showroom Emotion. M\u1ed9t c\u00e2y \u0111\u00e0n c\u00f3 gi\u00e1 tr\u1ecb r\u1ea5t cao v\u1ec1 gi\u00e1 tr\u1ecb s\u01b0u t\u1ea7m v\u00e0 \u00e2m thanh c\u0169ng th\u1ef1c s\u1ef1 l\u00f4i cu\u1ed1n.<\/p>","protected":false},"featured_media":3232,"template":"","meta":[],"product_cat":[533,20,25,213],"product_tag":[],"class_list":["post-3231","product","type-product","status-publish","has-post-thumbnail","hentry","product_cat-luxury","product_cat-dan-guitar","product_cat-sakurai-kohno","product_cat-dan-cao-cap"],"_links":{"self":[{"href":"https:\/\/emotionguitars.com\/en\/wp-json\/wp\/v2\/product\/3231","targetHints":{"allow":["GET"]}}],"collection":[{"href":"https:\/\/emotionguitars.com\/en\/wp-json\/wp\/v2\/product"}],"about":[{"href":"https:\/\/emotionguitars.com\/en\/wp-json\/wp\/v2\/types\/product"}],"wp:featuredmedia":[{"embeddable":true,"href":"https:\/\/emotionguitars.com\/en\/wp-json\/wp\/v2\/media\/3232"}],"wp:attachment":[{"href":"https:\/\/emotionguitars.com\/en\/wp-json\/wp\/v2\/media?parent=3231"}],"wp:term":[{"taxonomy":"product_cat","embeddable":true,"href":"https:\/\/emotionguitars.com\/en\/wp-json\/wp\/v2\/product_cat?post=3231"},{"taxonomy":"product_tag","embeddable":true,"href":"https:\/\/emotionguitars.com\/en\/wp-json\/wp\/v2\/product_tag?post=3231"}],"curies":[{"name":"wp","href":"https:\/\/api.w.org\/{rel}","templated":true}]}}