{"id":3260,"date":"2022-09-27T14:33:44","date_gmt":"2022-09-27T07:33:44","guid":{"rendered":"https:\/\/emotionguitars.com\/?post_type=product&#038;p=3260"},"modified":"2025-04-17T22:50:16","modified_gmt":"2025-04-17T15:50:16","slug":"martinez-es06-spruce-brand-new","status":"publish","type":"product","link":"https:\/\/emotionguitars.com\/en\/product\/martinez-es06-spruce-brand-new\/","title":{"rendered":"Martinez Es06 spruce (brand new)"},"content":{"rendered":"<p>Es06 l\u00e0 m\u1eabu model \u0111ang \u0111\u01b0\u1ee3c y\u00eau th\u00edch c\u1ee7a Martinez &#8211; h\u00e3ng \u0111\u00e0n t\u1eebng l\u00e0 s\u1edf h\u1eefu c\u1ee7a \u0110\u1ee9c tr\u01b0\u1edbc khi b\u00e1n l\u1ea1i cho Trung Qu\u1ed1c.<br \/>\nEs l\u00e0 vi\u1ebft t\u1eaft c\u1ee7a Espanola, m\u1ed9t d\u00f2ng \u0111\u00e0n l\u00e0m theo phong c\u00e1ch T\u00e2y Ban Nha truy\u1ec1n th\u1ed1ng.<\/p>\n<p>D\u00f9 ch\u1ec9 c\u00f3 gi\u00e1 6 tri\u1ec7u vnd, nh\u01b0ng Es06 cho th\u1ea5y s\u1ef1 \u201ckh\u00f4n ngoan\u201d trong t\u1eebng \u00e2m thanh, d\u1ea3i \u00e2m ph\u00e1t ra. S\u1ef1 d\u1ec5 ch\u01a1i, th\u00e2n thi\u1ec7n c\u0169ng l\u00e0 \u0111i\u1ec3m c\u1ed9ng c\u1ee7a d\u00f2ng model n\u00e0y.<\/p>","protected":false},"excerpt":{"rendered":"<p>Es06 l\u00e0 m\u1eabu model \u0111ang \u0111\u01b0\u1ee3c y\u00eau th\u00edch c\u1ee7a Martinez &#8211; h\u00e3ng \u0111\u00e0n t\u1eebng l\u00e0 s\u1edf h\u1eefu c\u1ee7a \u0110\u1ee9c tr\u01b0\u1edbc khi b\u00e1n l\u1ea1i cho Trung Qu\u1ed1c. Es l\u00e0 vi\u1ebft t\u1eaft c\u1ee7a Espanola, m\u1ed9t d\u00f2ng \u0111\u00e0n l\u00e0m theo phong c\u00e1ch T\u00e2y Ban Nha truy\u1ec1n th\u1ed1ng. D\u00f9 ch\u1ec9 c\u00f3 gi\u00e1 6 tri\u1ec7u vnd, nh\u01b0ng Es06 cho th\u1ea5y&#8230;<\/p>","protected":false},"featured_media":3261,"template":"","meta":[],"product_cat":[20,24],"product_tag":[],"class_list":["post-3260","product","type-product","status-publish","has-post-thumbnail","hentry","product_cat-dan-guitar","product_cat-martinez-guitar"],"_links":{"self":[{"href":"https:\/\/emotionguitars.com\/en\/wp-json\/wp\/v2\/product\/3260","targetHints":{"allow":["GET"]}}],"collection":[{"href":"https:\/\/emotionguitars.com\/en\/wp-json\/wp\/v2\/product"}],"about":[{"href":"https:\/\/emotionguitars.com\/en\/wp-json\/wp\/v2\/types\/product"}],"wp:featuredmedia":[{"embeddable":true,"href":"https:\/\/emotionguitars.com\/en\/wp-json\/wp\/v2\/media\/3261"}],"wp:attachment":[{"href":"https:\/\/emotionguitars.com\/en\/wp-json\/wp\/v2\/media?parent=3260"}],"wp:term":[{"taxonomy":"product_cat","embeddable":true,"href":"https:\/\/emotionguitars.com\/en\/wp-json\/wp\/v2\/product_cat?post=3260"},{"taxonomy":"product_tag","embeddable":true,"href":"https:\/\/emotionguitars.com\/en\/wp-json\/wp\/v2\/product_tag?post=3260"}],"curies":[{"name":"wp","href":"https:\/\/api.w.org\/{rel}","templated":true}]}}