{"id":3315,"date":"2022-10-10T17:57:07","date_gmt":"2022-10-10T10:57:07","guid":{"rendered":"https:\/\/emotionguitars.com\/?post_type=product&#038;p=3315"},"modified":"2025-04-17T22:48:10","modified_gmt":"2025-04-17T15:48:10","slug":"hanika-natural-pc-2022-brand-new","status":"publish","type":"product","link":"https:\/\/emotionguitars.com\/en\/product\/hanika-natural-pc-2022-brand-new\/","title":{"rendered":"Hanika Natural PC &#8211; 2022 (brand new)"},"content":{"rendered":"<p>Hanika l\u00e0 h\u00e3ng \u0111\u00e0n \u0111\u01b0\u1ee3c \u01b0a chu\u1ed9ng b\u1eadc nh\u1ea5t t\u1ea1i \u0110\u1ee9c, nhi\u1ec1u ng\u01b0\u1eddi n\u00f3i trong Hanika c\u00f3 ch\u1ea5t c\u1ee7a ng\u01b0\u1eddi \u0110\u1ee9c, l\u00e0 t\u00ednh c\u00e1ch c\u1ee7a ng\u01b0\u1eddi \u0110\u1ee9c, nghi\u00eam t\u00fac, l\u00e3ng m\u1ea1n v\u00e0 r\u1ea5t n\u1ed9i l\u1ef1c trong \u00e2m \u0111i\u1ec7u n\u00f3i.<\/p>\n<p>Hanika Natural \u0111\u01b0\u1ee3c \u0111\u00e1nh gi\u00e1 l\u00e0 d\u00f2ng c\u00f3 hi\u1ec7u n\u0103ng c\u1ef1c k\u1ef3 cao, v\u1edbi gi\u00e1 ti\u1ec1n kh\u00f4ng qu\u00e1 cao nh\u01b0ng ch\u1ea5t l\u01b0\u1ee3ng l\u1ea1i r\u1ea5t \u1ea5n t\u01b0\u1ee3ng. S\u1ef1 th\u00e2n thi\u1ec7n khi s\u1eed d\u1ee5ng, b\u1ec1n b\u1ec9 v\u1edbi th\u1eddi gian c\u0169ng l\u00e0 \u01b0u \u0111i\u1ec3m v\u01b0\u1ee3t tr\u1ed9i c\u1ee7a model n\u00e0y.<\/p>\n<p>\u0110\u1ed1i v\u1edbi model Natural, c\u00f3 2 d\u00f2ng l\u00e0 PC (Cedaz Top) v\u00e0 PF (Spruce Top), l\u01b0ng v\u00e0 h\u00f4ng \u0111\u1ec1u d\u00f9ng g\u1ed7 India rosewood.<\/p>\n<p>\u0110\u1ed1i v\u1edbi model PC, \u00e2m thanh s\u1ebd \u1ea5m v\u00e0 \u0111\u1ed9 ng\u00e2n v\u1eabn r\u1ea5t tuy\u1ec7t v\u1eddi, c\u00f2n PF cho ra ch\u1ea5t \u00e2m s\u00e1ng, lung linh v\u00e0 \u0111\u1ed9 ng\u00e2n c\u0169ng ho\u00e0n to\u00e0n \u1ea5n t\u01b0\u1ee3ng.<\/p>","protected":false},"excerpt":{"rendered":"<p>Hanika l\u00e0 h\u00e3ng \u0111\u00e0n \u0111\u01b0\u1ee3c \u01b0a chu\u1ed9ng b\u1eadc nh\u1ea5t t\u1ea1i \u0110\u1ee9c, nhi\u1ec1u ng\u01b0\u1eddi n\u00f3i trong Hanika c\u00f3 ch\u1ea5t c\u1ee7a ng\u01b0\u1eddi \u0110\u1ee9c, l\u00e0 t\u00ednh c\u00e1ch c\u1ee7a ng\u01b0\u1eddi \u0110\u1ee9c, nghi\u00eam t\u00fac, l\u00e3ng m\u1ea1n v\u00e0 r\u1ea5t n\u1ed9i l\u1ef1c trong \u00e2m \u0111i\u1ec7u n\u00f3i. Hanika Natural \u0111\u01b0\u1ee3c \u0111\u00e1nh gi\u00e1 l\u00e0 d\u00f2ng c\u00f3 hi\u1ec7u n\u0103ng c\u1ef1c k\u1ef3 cao, v\u1edbi gi\u00e1 ti\u1ec1n&#8230;<\/p>","protected":false},"featured_media":3316,"template":"","meta":[],"product_cat":[20,26,213],"product_tag":[179,644,645,643],"class_list":["post-3315","product","type-product","status-publish","has-post-thumbnail","hentry","product_cat-dan-guitar","product_cat-hanika-guitar","product_cat-dan-cao-cap","product_tag-ban-dan-guitar","product_tag-ban-guitar-hanika","product_tag-guitar-hanika","product_tag-hanika-natural"],"_links":{"self":[{"href":"https:\/\/emotionguitars.com\/en\/wp-json\/wp\/v2\/product\/3315","targetHints":{"allow":["GET"]}}],"collection":[{"href":"https:\/\/emotionguitars.com\/en\/wp-json\/wp\/v2\/product"}],"about":[{"href":"https:\/\/emotionguitars.com\/en\/wp-json\/wp\/v2\/types\/product"}],"wp:featuredmedia":[{"embeddable":true,"href":"https:\/\/emotionguitars.com\/en\/wp-json\/wp\/v2\/media\/3316"}],"wp:attachment":[{"href":"https:\/\/emotionguitars.com\/en\/wp-json\/wp\/v2\/media?parent=3315"}],"wp:term":[{"taxonomy":"product_cat","embeddable":true,"href":"https:\/\/emotionguitars.com\/en\/wp-json\/wp\/v2\/product_cat?post=3315"},{"taxonomy":"product_tag","embeddable":true,"href":"https:\/\/emotionguitars.com\/en\/wp-json\/wp\/v2\/product_tag?post=3315"}],"curies":[{"name":"wp","href":"https:\/\/api.w.org\/{rel}","templated":true}]}}