{"id":3363,"date":"2022-10-14T23:57:18","date_gmt":"2022-10-14T16:57:18","guid":{"rendered":"https:\/\/emotionguitars.com\/?post_type=product&#038;p=3363"},"modified":"2025-04-17T22:51:11","modified_gmt":"2025-04-17T15:51:11","slug":"ignacio-fleta-1968-excellent","status":"publish","type":"product","link":"https:\/\/emotionguitars.com\/en\/product\/ignacio-fleta-1968-excellent\/","title":{"rendered":"Ignacio Fleta &#8211; 1968 (Excellent)"},"content":{"rendered":"<p>N\u1ebfu n\u00f3i Fleta l\u00e0 c\u00e2y \u0111\u00e0n guitar hay nh\u1ea5t m\u1ecdi th\u1eddi \u0111\u1ea1i th\u00ec c\u0169ng kh\u00f4ng c\u00f3 g\u00ec \u0111\u1ec3 ph\u1ea3n \u0111\u1ed1i, t\u1ea5t nhi\u00ean \u0111\u00f3 v\u1eabn ch\u1ec9 l\u00e0 m\u1ed9t l\u1eddi k\u1ebft lu\u1eadn mang t\u00ednh ch\u1ee7 quan v\u00ec b\u00ean c\u1ea1nh \u0111\u00f3 v\u1eabn c\u00f2n Boucher, Hermann Hauser, Daniel Friederich\u2026 \u0111i k\u00e8m v\u1edbi s\u1ef1 v\u0129 \u0111\u1ea1i c\u1ee7a t\u1eebng c\u00e1i t\u00ean.<br \/>\nN\u1ebfu Daniel Friederich \u0111\u01b0\u1ee3c v\u00ed nh\u01b0 Steinway c\u1ee7a Piano th\u00ec Fleta \u0111\u01b0\u1ee3c v\u00ed nh\u01b0 Stradivarius c\u1ee7a Violin b\u1edfi nh\u1eefng \u00e2m thanh day d\u1ee9t v\u00e0 xuy\u00ean th\u1ea5u t\u1eadn c\u00f9ng c\u1ea3m x\u00fac. Pepe Romero t\u1eebng c\u00f3 m\u1ed9t c\u00e2u nh\u1eadn x\u00e9t r\u1ea5t n\u1ed5i ti\u1ebfng v\u1ec1 \u00e2m thanh c\u1ee7a Fleta nh\u01b0 sau: \u201c\u00c2m thanh c\u1ee7a Fleta trong v\u1eaft, gi\u1ed1ng nh\u01b0 m\u1ed9t b\u1ea7u tr\u1eddi xanh kh\u00f4ng c\u00f3 m\u1ed9t g\u1ee3n m\u00e2y.\u201d<\/p>\n<p>Trong s\u1ed1 1000 ngh\u1ec7 s\u0129 guitar ti\u00eau bi\u1ec3u t\u1eeb th\u1ebf k\u1ef7 19, c\u00f3 38 ngh\u1ec7 s\u0129 s\u1eed d\u1ee5ng Fleta trong ph\u1ea7n l\u1edbn s\u1ef1 nghi\u1ec7p c\u1ee7a m\u00ecnh, \u0111\u01b0a Fleta d\u1eabn \u0111\u1ea7u danh s\u00e1ch \u0111\u00e0n \u0111\u01b0\u1ee3c s\u1eed d\u1ee5ng nhi\u1ec1u nh\u1ea5t. X\u1ebfp th\u1ee9 2 l\u00e0 Daniel Friederich v\u1edbi 36 ngh\u1ec7 s\u0129 s\u1eed d\u1ee5ng.<\/p>\n<p>C\u00e2y \u0111\u00e0n Fleta m\u00e0 Emotion may m\u1eafn \u0111\u01b0\u1ee3c s\u1edf h\u1eefu c\u00f3 \u0111\u1ed9 m\u1edbi ho\u00e0n h\u1ea3o, nguy\u00ean b\u1ea3n v\u00e0 m\u1edbi \u0111\u1ebfn 90% c\u00f9ng \u0111\u1ed9 chu\u1ea9n x\u00e1c c\u1ee7a t\u1ea5t c\u1ea3 c\u00e1c b\u1ed9 ph\u1ea7n tr\u00ean c\u00e2y \u0111\u00e0n.<\/p>\n<p>N\u0103m 1968 c\u0169ng l\u00e0 th\u1eddi k\u1ef3 phong \u0111\u1ed9 c\u1ee7a luthier Ignacio, nh\u1ea5t l\u00e0 \u0111\u1ed1i v\u1edbi m\u1eabu model Top spruce. Sau n\u0103m 1970, \u00f4ng b\u1eaft \u0111\u1ea7u l\u00e0m nhi\u1ec1u h\u01a1n v\u1edbi Top cedaz v\u00e0 nh\u1eefng c\u00e2y cu\u1ed1i c\u00f9ng \u0111\u01b0\u1ee3c \u00f4ng ho\u00e0n th\u00e0nh n\u0103m 1977 v\u00e0 c\u0169ng l\u00e0 n\u0103m \u00f4ng m\u1ea5t.<\/p>\n<p>\u00c2m thanh trong v\u1eaft v\u00e0 s\u00e2u \u0111\u1ebfn t\u1eadn c\u00f9ng, m\u00e0u s\u1eafc \u00e2m thanh \u0111\u01b0\u1ee3m n\u1ed3ng v\u00e0 m\u00e3nh li\u1ec7t.<\/p>\n<p>N\u00f3 C\u00e2y \u0111\u00e0n thu\u1ed9c s\u1edf h\u1eefu c\u1ee7a ngh\u1ec7 s\u0129 n\u1ed5i ti\u1ebfng Nh\u1eadt B\u1ea3n Kozo Tate, \u0111\u00e3 theo \u00f4ng trong nhi\u1ec1u bu\u1ed5i bi\u1ec3u di\u1ec5n quan tr\u1ecdng c\u1ee7a cu\u1ed9c \u0111\u1eddi.<\/p>","protected":false},"excerpt":{"rendered":"<p>N\u1ebfu n\u00f3i Fleta l\u00e0 c\u00e2y \u0111\u00e0n guitar hay nh\u1ea5t m\u1ecdi th\u1eddi \u0111\u1ea1i th\u00ec c\u0169ng kh\u00f4ng c\u00f3 g\u00ec \u0111\u1ec3 ph\u1ea3n \u0111\u1ed1i, t\u1ea5t nhi\u00ean \u0111\u00f3 v\u1eabn ch\u1ec9 l\u00e0 m\u1ed9t l\u1eddi k\u1ebft lu\u1eadn mang t\u00ednh ch\u1ee7 quan v\u00ec b\u00ean c\u1ea1nh \u0111\u00f3 v\u1eabn c\u00f2n Boucher, Hermann Hauser, Daniel Friederich\u2026 \u0111i k\u00e8m v\u1edbi s\u1ef1 v\u0129 \u0111\u1ea1i c\u1ee7a t\u1eebng c\u00e1i t\u00ean&#8230;.<\/p>","protected":false},"featured_media":3360,"template":"","meta":[],"product_cat":[533,20,213],"product_tag":[],"class_list":["post-3363","product","type-product","status-publish","has-post-thumbnail","hentry","product_cat-luxury","product_cat-dan-guitar","product_cat-dan-cao-cap"],"_links":{"self":[{"href":"https:\/\/emotionguitars.com\/en\/wp-json\/wp\/v2\/product\/3363","targetHints":{"allow":["GET"]}}],"collection":[{"href":"https:\/\/emotionguitars.com\/en\/wp-json\/wp\/v2\/product"}],"about":[{"href":"https:\/\/emotionguitars.com\/en\/wp-json\/wp\/v2\/types\/product"}],"wp:featuredmedia":[{"embeddable":true,"href":"https:\/\/emotionguitars.com\/en\/wp-json\/wp\/v2\/media\/3360"}],"wp:attachment":[{"href":"https:\/\/emotionguitars.com\/en\/wp-json\/wp\/v2\/media?parent=3363"}],"wp:term":[{"taxonomy":"product_cat","embeddable":true,"href":"https:\/\/emotionguitars.com\/en\/wp-json\/wp\/v2\/product_cat?post=3363"},{"taxonomy":"product_tag","embeddable":true,"href":"https:\/\/emotionguitars.com\/en\/wp-json\/wp\/v2\/product_tag?post=3363"}],"curies":[{"name":"wp","href":"https:\/\/api.w.org\/{rel}","templated":true}]}}