{"id":3607,"date":"2022-12-26T19:41:29","date_gmt":"2022-12-26T12:41:29","guid":{"rendered":"https:\/\/emotionguitars.com\/?post_type=product&#038;p=3607"},"modified":"2025-04-17T22:41:35","modified_gmt":"2025-04-17T15:41:35","slug":"raimundo-133","status":"publish","type":"product","link":"https:\/\/emotionguitars.com\/en\/product\/raimundo-133\/","title":{"rendered":"Raimundo 133 (brand new)"},"content":{"rendered":"<p>Raimundo l\u00e0 h\u00e3ng guitar Classic th\u1ee7 c\u00f4ng r\u1ea5t n\u1ed5i ti\u1ebfng \u1edf T\u00e2y Ban Nha, l\u00e0 m\u1ed9t trong nh\u1eefng x\u01b0\u1edfng \u0111\u00e0n gia c\u00f4ng cho th\u01b0\u01a1ng hi\u1ec7u Jose Ramirez huy\u1ec1n tho\u1ea1i. Raimundo c\u0169ng l\u00e0 c\u00f4ng ty m\u1eb9 c\u1ee7a h\u00e3ng guitar Antonio Sanchez r\u1ea5t n\u1ed5i ti\u1ebfng v\u00e0 \u0111\u01b0\u1ee3c \u01b0a chu\u1ed9ng \u1edf Vi\u1ec7t Nam.<\/p>\n<p>Model 133 c\u00f3 ngo\u1ea1i h\u00ecnh r\u1ea5t \u0111\u1eb7c bi\u1ec7t v\u1edbi Top spruce v\u00e0 l\u01b0ng h\u00f4ng t\u1eeb g\u1ed7 mun tr\u1eafng.<\/p>\n<p>\u00c2m thanh s\u00e1ng v\u00e0 chi ti\u1ebft, r\u1ea5t d\u1ec5 ch\u01a1i.<\/p>","protected":false},"excerpt":{"rendered":"<p>Raimundo l\u00e0 h\u00e3ng guitar Classic th\u1ee7 c\u00f4ng r\u1ea5t n\u1ed5i ti\u1ebfng \u1edf T\u00e2y Ban Nha, l\u00e0 m\u1ed9t trong nh\u1eefng x\u01b0\u1edfng \u0111\u00e0n gia c\u00f4ng cho th\u01b0\u01a1ng hi\u1ec7u Jose Ramirez huy\u1ec1n tho\u1ea1i. Raimundo c\u0169ng l\u00e0 c\u00f4ng ty m\u1eb9 c\u1ee7a h\u00e3ng guitar Antonio Sanchez r\u1ea5t n\u1ed5i ti\u1ebfng v\u00e0 \u0111\u01b0\u1ee3c \u01b0a chu\u1ed9ng \u1edf Vi\u1ec7t Nam. Model 133 c\u00f3 ngo\u1ea1i h\u00ecnh&#8230;<\/p>","protected":false},"featured_media":3608,"template":"","meta":[],"product_cat":[20,213],"product_tag":[72,357,356],"class_list":["post-3607","product","type-product","status-publish","has-post-thumbnail","hentry","product_cat-dan-guitar","product_cat-dan-cao-cap","product_tag-emotion-guitar","product_tag-raimundo-133","product_tag-raimundo-guitar"],"_links":{"self":[{"href":"https:\/\/emotionguitars.com\/en\/wp-json\/wp\/v2\/product\/3607","targetHints":{"allow":["GET"]}}],"collection":[{"href":"https:\/\/emotionguitars.com\/en\/wp-json\/wp\/v2\/product"}],"about":[{"href":"https:\/\/emotionguitars.com\/en\/wp-json\/wp\/v2\/types\/product"}],"wp:featuredmedia":[{"embeddable":true,"href":"https:\/\/emotionguitars.com\/en\/wp-json\/wp\/v2\/media\/3608"}],"wp:attachment":[{"href":"https:\/\/emotionguitars.com\/en\/wp-json\/wp\/v2\/media?parent=3607"}],"wp:term":[{"taxonomy":"product_cat","embeddable":true,"href":"https:\/\/emotionguitars.com\/en\/wp-json\/wp\/v2\/product_cat?post=3607"},{"taxonomy":"product_tag","embeddable":true,"href":"https:\/\/emotionguitars.com\/en\/wp-json\/wp\/v2\/product_tag?post=3607"}],"curies":[{"name":"wp","href":"https:\/\/api.w.org\/{rel}","templated":true}]}}