{"id":3681,"date":"2023-01-01T21:18:50","date_gmt":"2023-01-01T14:18:50","guid":{"rendered":"https:\/\/emotionguitars.com\/?post_type=product&#038;p=3681"},"modified":"2025-04-17T22:47:51","modified_gmt":"2025-04-17T15:47:51","slug":"ryoji-matsuoka-no-80s-excellent","status":"publish","type":"product","link":"https:\/\/emotionguitars.com\/en\/product\/ryoji-matsuoka-no-80s-excellent\/","title":{"rendered":"Ryoji Matsuoka no.80S (Excellent)"},"content":{"rendered":"<p>Nh\u1eefng ai t\u1eebng m\u00ea nh\u1eefng th\u01b0\u01a1ng hi\u1ec7u guitar Nh\u1eadt c\u00f3 l\u1ebd kh\u00f4ng ai kh\u00f4ng bi\u1ebft \u0111\u1ebfn m\u1eabu model huy\u1ec1n tho\u1ea1i Matsuoka No.80 huy\u1ec1n tho\u1ea1i v\u1edbi b\u1ed9 l\u01b0ng h\u00f4ng b\u1eb1ng g\u1ed7 Brazil rosewood m\u00ea ho\u1eb7c.<\/p>\n<p>Ph\u1ea3i n\u00f3i r\u1eb1ng Matsuoka no.80 r\u1ea5t hi\u1ebfm khi xu\u1ea5t hi\u1ec7n tr\u00ean c\u00e1c k\u00eanh mua b\u00e1n n\u00ean vi\u1ec7c s\u1edf h\u1eefu \u0111\u01b0\u1ee3c m\u1ed9t c\u00e2y l\u00e0 m\u1ed9t \u0111i\u1ec1u v\u00f4 c\u00f9ng \u0111\u00e1ng m\u1eebng.<\/p>\n<p>Matsuoka no.80 c\u1ee7a Emotion Guitar c\u00f3 \u0111\u1ed9 m\u1edbi v\u00e0 chu\u1ea9n ch\u1ec9 \u0111\u1ebfn 90%, \u00e2m thanh r\u1ea5t l\u00f4i cu\u1ed1n, \u0111\u1eadm m\u00e0u TBN s\u1ea7u mu\u1ed9n.<\/p>","protected":false},"excerpt":{"rendered":"<p>Nh\u1eefng ai t\u1eebng m\u00ea nh\u1eefng th\u01b0\u01a1ng hi\u1ec7u guitar Nh\u1eadt c\u00f3 l\u1ebd kh\u00f4ng ai kh\u00f4ng bi\u1ebft \u0111\u1ebfn m\u1eabu model huy\u1ec1n tho\u1ea1i Matsuoka No.80 huy\u1ec1n tho\u1ea1i v\u1edbi b\u1ed9 l\u01b0ng h\u00f4ng b\u1eb1ng g\u1ed7 Brazil rosewood m\u00ea ho\u1eb7c. Ph\u1ea3i n\u00f3i r\u1eb1ng Matsuoka no.80 r\u1ea5t hi\u1ebfm khi xu\u1ea5t hi\u1ec7n tr\u00ean c\u00e1c k\u00eanh mua b\u00e1n n\u00ean vi\u1ec7c s\u1edf h\u1eefu \u0111\u01b0\u1ee3c m\u1ed9t&#8230;<\/p>","protected":false},"featured_media":3682,"template":"","meta":[],"product_cat":[533,20,213],"product_tag":[662],"class_list":["post-3681","product","type-product","status-publish","has-post-thumbnail","hentry","product_cat-luxury","product_cat-dan-guitar","product_cat-dan-cao-cap","product_tag-matsuoka-n80"],"_links":{"self":[{"href":"https:\/\/emotionguitars.com\/en\/wp-json\/wp\/v2\/product\/3681","targetHints":{"allow":["GET"]}}],"collection":[{"href":"https:\/\/emotionguitars.com\/en\/wp-json\/wp\/v2\/product"}],"about":[{"href":"https:\/\/emotionguitars.com\/en\/wp-json\/wp\/v2\/types\/product"}],"wp:featuredmedia":[{"embeddable":true,"href":"https:\/\/emotionguitars.com\/en\/wp-json\/wp\/v2\/media\/3682"}],"wp:attachment":[{"href":"https:\/\/emotionguitars.com\/en\/wp-json\/wp\/v2\/media?parent=3681"}],"wp:term":[{"taxonomy":"product_cat","embeddable":true,"href":"https:\/\/emotionguitars.com\/en\/wp-json\/wp\/v2\/product_cat?post=3681"},{"taxonomy":"product_tag","embeddable":true,"href":"https:\/\/emotionguitars.com\/en\/wp-json\/wp\/v2\/product_tag?post=3681"}],"curies":[{"name":"wp","href":"https:\/\/api.w.org\/{rel}","templated":true}]}}