{"id":3705,"date":"2023-02-09T22:39:32","date_gmt":"2023-02-09T15:39:32","guid":{"rendered":"https:\/\/emotionguitars.com\/?post_type=product&#038;p=3705"},"modified":"2025-04-29T23:54:25","modified_gmt":"2025-04-29T16:54:25","slug":"matsuoka-m60-jacaranda-excellent-2","status":"publish","type":"product","link":"https:\/\/emotionguitars.com\/en\/product\/matsuoka-m60-jacaranda-excellent-2\/","title":{"rendered":"Matsuoka m60 Jacaranda (excellent)"},"content":{"rendered":"<p>\u0110\u00e2y l\u00e0 d\u00f2ng Matsuoka MH \u0111\u01b0\u1ee3c l\u00e0m theo phong c\u00e1ch Hermann Hauser, v\u1edbi ki\u1ec3u d\u00e1ng thanh l\u1ecbch v\u00e0 h\u1ec7 nan qu\u1ea1t truy\u1ec1n th\u1ed1ng.<\/p>\n<p>S\u1ef1 nh\u00e3 nh\u1eb7n v\u00e0 s\u00e2u l\u1eafng c\u1ee7a Hauser lu\u00f4n l\u00e0 c\u1ea3m h\u1ee9ng cho c\u00e1c h\u00e3ng l\u00e0m \u0111\u00e0n sau n\u00e0y. Tuy l\u00e0 m\u1ed9t h\u00e3ng \u0111\u00e0n thi\u00ean v\u1ec1 d\u00f2ng ph\u1ed5 th\u00f4ng, nh\u01b0ng Matsuoka \u0111\u00e3 khai th\u00e1c tri\u1ec7t \u0111\u1ec3 t\u00ednh h\u1eefu d\u1ee5ng t\u1eeb vi\u1ec7c s\u1ea3n xu\u1ea5t nh\u1eefng c\u00e2y \u0111\u00e0n c\u00f3 gi\u00e1 ti\u1ec1n ph\u1ed5 th\u00f4ng nh\u01b0ng l\u1ea1i c\u00f3 h\u00ecnh th\u1ee9c v\u00e0 ch\u1ea5t l\u01b0\u1ee3ng r\u1ea5t \u1ea5n t\u01b0\u1ee3ng.<\/p>\n<p>&#8211; Th\u00f4ng s\u1ed1 \u0111\u00e0n:<\/p>\n<p>Top: spruce<\/p>\n<p>Back, side: India Rosewood<\/p>\n<p>Scale, nut: 52mm, 650mm<\/p>\n<p>T\u1eb7ng k\u00e8m d\u00e2y Savarez v\u00e0 h\u1ed9p \u0111\u00e0n Nh\u1eadt.<\/p>","protected":false},"excerpt":{"rendered":"<p>\u0110\u00e2y l\u00e0 d\u00f2ng Matsuoka MH \u0111\u01b0\u1ee3c l\u00e0m theo phong c\u00e1ch Hermann Hauser, v\u1edbi ki\u1ec3u d\u00e1ng thanh l\u1ecbch v\u00e0 h\u1ec7 nan qu\u1ea1t truy\u1ec1n th\u1ed1ng. S\u1ef1 nh\u00e3 nh\u1eb7n v\u00e0 s\u00e2u l\u1eafng c\u1ee7a Hauser lu\u00f4n l\u00e0 c\u1ea3m h\u1ee9ng cho c\u00e1c h\u00e3ng l\u00e0m \u0111\u00e0n sau n\u00e0y. Tuy l\u00e0 m\u1ed9t h\u00e3ng \u0111\u00e0n thi\u00ean v\u1ec1 d\u00f2ng ph\u1ed5 th\u00f4ng, nh\u01b0ng Matsuoka \u0111\u00e3&#8230;<\/p>","protected":false},"featured_media":3706,"template":"","meta":[],"product_cat":[20,213],"product_tag":[],"class_list":["post-3705","product","type-product","status-publish","has-post-thumbnail","hentry","product_cat-dan-guitar","product_cat-dan-cao-cap"],"_links":{"self":[{"href":"https:\/\/emotionguitars.com\/en\/wp-json\/wp\/v2\/product\/3705","targetHints":{"allow":["GET"]}}],"collection":[{"href":"https:\/\/emotionguitars.com\/en\/wp-json\/wp\/v2\/product"}],"about":[{"href":"https:\/\/emotionguitars.com\/en\/wp-json\/wp\/v2\/types\/product"}],"wp:featuredmedia":[{"embeddable":true,"href":"https:\/\/emotionguitars.com\/en\/wp-json\/wp\/v2\/media\/3706"}],"wp:attachment":[{"href":"https:\/\/emotionguitars.com\/en\/wp-json\/wp\/v2\/media?parent=3705"}],"wp:term":[{"taxonomy":"product_cat","embeddable":true,"href":"https:\/\/emotionguitars.com\/en\/wp-json\/wp\/v2\/product_cat?post=3705"},{"taxonomy":"product_tag","embeddable":true,"href":"https:\/\/emotionguitars.com\/en\/wp-json\/wp\/v2\/product_tag?post=3705"}],"curies":[{"name":"wp","href":"https:\/\/api.w.org\/{rel}","templated":true}]}}