{"id":3731,"date":"2023-02-13T00:07:19","date_gmt":"2023-02-12T17:07:19","guid":{"rendered":"https:\/\/emotionguitars.com\/?post_type=product&#038;p=3731"},"modified":"2025-04-17T22:45:33","modified_gmt":"2025-04-17T15:45:33","slug":"esteve-65-anos-2023-brand-new","status":"publish","type":"product","link":"https:\/\/emotionguitars.com\/en\/product\/esteve-65-anos-2023-brand-new\/","title":{"rendered":"Esteve 65 anos &#8211; 2023 (brand new)"},"content":{"rendered":"<p>Esteve 65 Anos l\u00e0 c\u00e2y \u0111\u00e0n k\u1ef7 ni\u1ec7m 65 n\u0103m th\u00e0nh l\u1eadp c\u1ee7a h\u00e3ng Esteve n\u1ed5i ti\u1ebfng \u1edf Valencia &#8211; T\u00e2y Ban Nha.<\/p>\n<p>D\u00f9 ngh\u1ec7 nh\u1eadn Francisco Esteve \u0111\u00e3 m\u1ea5t v\u00e0 kh\u00f4ng c\u00f3 con c\u00e1i n\u1ed1i nghi\u1ec7p nh\u01b0ng 2 ng\u01b0\u1eddi b\u1ea1n th\u00e2n c\u1ee7a \u00f4ng l\u00e0 Manuel Adalid v\u00e0 Juan Hernandez \u0111\u00e3 thay \u00f4ng ti\u1ebfp qu\u1ea3n c\u00f4ng vi\u1ec7c dang d\u1edf c\u1ee7a h\u00e3ng.<\/p>\n<p>Esteve 65 Anos c\u00f3 Top cedaz v\u00e0 back, side g\u1ed7 Madagasca r\u1ea5t l\u00f4i cu\u1ed1n v\u1ec1 th\u1ea9m m\u1ef9. \u00c2m thanh c\u1ee7a 65 anos r\u1ea5t \u1ea5m v\u00e0 vang, \u0111\u1ea7y s\u1ee9c s\u1ed1ng c\u1ee7a th\u1eddi \u0111\u1ea1i nh\u01b0ng v\u1eabn ph\u1ea3ng ph\u1ea5t n\u00e9t truy\u1ec1n th\u1ed1ng \u00e2m \u0111i\u1ec7u T\u00e2y Ban Nha.<\/p>\n<p>\u0110\u00e0n \u0111i k\u00e8m v\u1edbi h\u1ed9p ch\u00ednh h\u00e3ng Esteve v\u00e0 d\u00e2y Savarez c\u00f9a Ph\u00e1p.<\/p>","protected":false},"excerpt":{"rendered":"<p>Esteve 65 Anos l\u00e0 c\u00e2y \u0111\u00e0n k\u1ef7 ni\u1ec7m 65 n\u0103m th\u00e0nh l\u1eadp c\u1ee7a h\u00e3ng Esteve n\u1ed5i ti\u1ebfng \u1edf Valencia &#8211; T\u00e2y Ban Nha. D\u00f9 ngh\u1ec7 nh\u1eadn Francisco Esteve \u0111\u00e3 m\u1ea5t v\u00e0 kh\u00f4ng c\u00f3 con c\u00e1i n\u1ed1i nghi\u1ec7p nh\u01b0ng 2 ng\u01b0\u1eddi b\u1ea1n th\u00e2n c\u1ee7a \u00f4ng l\u00e0 Manuel Adalid v\u00e0 Juan Hernandez \u0111\u00e3 thay \u00f4ng ti\u1ebfp qu\u1ea3n&#8230;<\/p>","protected":false},"featured_media":3732,"template":"","meta":[],"product_cat":[541,20,213],"product_tag":[663,664,665],"class_list":["post-3731","product","type-product","status-publish","has-post-thumbnail","hentry","product_cat-esteve-adalid-guitar","product_cat-dan-guitar","product_cat-dan-cao-cap","product_tag-esteve-65-anos","product_tag-guitar-esteve","product_tag-guitar-esteve-65-anos"],"_links":{"self":[{"href":"https:\/\/emotionguitars.com\/en\/wp-json\/wp\/v2\/product\/3731","targetHints":{"allow":["GET"]}}],"collection":[{"href":"https:\/\/emotionguitars.com\/en\/wp-json\/wp\/v2\/product"}],"about":[{"href":"https:\/\/emotionguitars.com\/en\/wp-json\/wp\/v2\/types\/product"}],"wp:featuredmedia":[{"embeddable":true,"href":"https:\/\/emotionguitars.com\/en\/wp-json\/wp\/v2\/media\/3732"}],"wp:attachment":[{"href":"https:\/\/emotionguitars.com\/en\/wp-json\/wp\/v2\/media?parent=3731"}],"wp:term":[{"taxonomy":"product_cat","embeddable":true,"href":"https:\/\/emotionguitars.com\/en\/wp-json\/wp\/v2\/product_cat?post=3731"},{"taxonomy":"product_tag","embeddable":true,"href":"https:\/\/emotionguitars.com\/en\/wp-json\/wp\/v2\/product_tag?post=3731"}],"curies":[{"name":"wp","href":"https:\/\/api.w.org\/{rel}","templated":true}]}}