{"id":3809,"date":"2023-03-10T22:57:08","date_gmt":"2023-03-10T15:57:08","guid":{"rendered":"https:\/\/emotionguitars.com\/?post_type=product&#038;p=3809"},"modified":"2025-05-16T06:02:12","modified_gmt":"2025-05-15T23:02:12","slug":"augustine-paragon-carbon-medium-tension","status":"publish","type":"product","link":"https:\/\/emotionguitars.com\/en\/product\/augustine-paragon-carbon-medium-tension\/","title":{"rendered":"Augustine Paragon &#8211; Carbon medium tension"},"content":{"rendered":"<p>Augustine v\u00e0 s\u1ef1 ra \u0111\u1eddi c\u1ee7a d\u00e2y \u0111\u00e0n guitar nylon<\/p>\n<p>Augustine l\u00e0 h\u00e3ng d\u00e2y cho Guitar classic c\u00f3 l\u1ecbch s\u1eed l\u00e2u \u0111\u1eddi b\u1eadc nh\u1ea5t \u1edf M\u1ef9 v\u00e0 tr\u00ean th\u1ebf gi\u1edbi.<br \/>\nHuy\u1ec1n tho\u1ea1i Andress Segovia l\u00e0 ngh\u1ec7 s\u0129 \u0111\u1ea1i di\u1ec7n cho Augustine trong su\u1ed1t s\u1ef1 nghi\u1ec7p \u0111\u1ed3 s\u1ed9 c\u1ee7a m\u00ecnh. Tuy nhi\u00ean, \u00edt ai bi\u1ebft \u0111\u01b0\u1ee3c l\u1ecbch s\u1eed v\u00e0 c\u00e2u chuy\u1ec7n gi\u1eefa Augustine c\u0169ng Segovia \u0111\u00e3 t\u1ea1o n\u00ean nh\u1eefng s\u1ee3i d\u00e2y guitar nylon \u0111\u1ea7u ti\u00ean nh\u01b0 th\u1ebf n\u00e0o.<\/p>\n<p>Ban \u0111\u1ea7u, h\u1ea7u h\u1ebft ngh\u1ec7 s\u0129 guitar cu\u1ed1i th\u1ebf k\u1ef7 19, \u0111\u1ea7u th\u1ebf k\u1ef7 20 ch\u1ec9 s\u1eed d\u1ee5ng d\u00e2y s\u1eaft ho\u1eb7c d\u00e2y ru\u1ed9t \u0111\u1ed9ng v\u1eadt cho guitar classic. D\u00e2y ru\u1ed9t \u0111\u1ed9ng v\u1eadt cho ra hi\u1ec7u qu\u1ea3 \u00e2m thanh r\u1ea5t cao tuy nhi\u00ean nh\u01b0\u1ee3c \u0111i\u1ec3m l\u00e0 kh\u00e1 nhanh h\u1ecfng v\u00e0 r\u1ea5t khan hi\u1ebfm do \u1ea3nh h\u01b0\u1edfng c\u1ee7a chi\u1ebfn tranh th\u1ebf chi\u1ebfn th\u1ee9 2, c\u00e1c c\u01a1 s\u1edf \u00fd t\u1ebf c\u1ea7n s\u1eed d\u1ee5ng lo\u1ea1i d\u00e2y n\u00e0y v\u1edbi nhu c\u1ea7u cao.<br \/>\nAlbert Augustine \u0111\u00e3 c\u00f3 s\u00e1ng ki\u1ebfn s\u1ea3n xu\u1ea5t d\u00e2y t\u1eeb ch\u1ea5t li\u1ec7u nylon v\u1edbi s\u1ef1 h\u1ed7 tr\u1ee3 c\u1ee7a h\u00e3ng s\u1ea3n xu\u1ea5t Du Pont. Albert Augustine \u0111\u00e3 li\u00ean t\u1ee5c m\u1eddi v\u00e0 th\u1ea3o lu\u1eadn v\u1edbi Andress Segovia \u0111\u1ec3 tinh ch\u1ec9nh, t\u1ea1o ra m\u1ed9t lo\u1ea1i d\u00e2y cho Guitar c\u00f3 th\u1ec3 thay th\u1ebf ch\u1ea5t li\u1ec7u ru\u1ed9t \u0111\u1ed9ng v\u1eadt. K\u1ebft qu\u1ea3 l\u00e0 m\u1ed9t s\u1ed1 m\u1eabu d\u00e2y nylon \u0111\u1ea7u ti\u00ean \u0111\u00e3 ra \u0111\u1eddi, trong \u0111\u00f3 c\u00f3 m\u1ed9t lo\u1ea1i &#8220;kinh \u0111i\u1ec3n&#8221; \u0111\u1ed1i v\u1edbi d\u00e2n ch\u01a1i classic \u1edf VN su\u1ed1t 30 n\u0103m nay, \u0111\u00f3 l\u00e0 &#8220;Augustine Xanh&#8221;.<br \/>\nD\u00e2y nylon \u0111\u00e3 \u0111\u01b0\u1ee3c nhi\u1ec1u h\u00e3ng s\u1ea3n xu\u1ea5t v\u00e0 m\u1ed9t \u0111i\u1ec3m r\u1ea5t hay l\u00e0 lu\u00f4n c\u00f3 nh\u1eefng ch\u1ea5t \u00e2m kh\u00e1c nhau \u0111\u01b0\u1ee3c t\u1ea1o ra t\u1eeb m\u1ed7i nh\u00e0 s\u1ea3n xu\u1ea5t.<br \/>\nRi\u00eang v\u1ec1 Augustine, nhi\u1ec1u ngh\u1ec7 s\u0129 \u0111\u00ecnh \u0111\u00e1m \u0111\u00e3 s\u1eed d\u1ee5ng trong ph\u1ea7n l\u1edbn s\u1ef1 nghi\u1ec7p nh\u01b0: Andress Segovia, Juian Bream, Scott Tennant&#8230;<br \/>\nCh\u1ea5t \u00e2m c\u1ee7a Augustine l\u00e0 s\u1ef1 truy\u1ec1n th\u1ed1ng v\u00e0 sang tr\u1ecdng, lu\u00f4n ph\u00f9 h\u1ee3p v\u1edbi nh\u1eefng c\u00e2y \u0111\u00e0n c\u00f3 th\u01b0\u01a1ng hi\u1ec7u \u0111\u00ecnh \u0111\u00e1m nh\u01b0: Hermann Hauser, Ignacio Fleta, Jose Ramiez&#8230;<br \/>\nN\u1ebfu ai \u0111\u00e3 t\u1eebng y\u00eau ti\u1ebfng \u0111\u00e0n c\u1ee7a Andress Segovia, s\u1ebd lu\u00f4n th\u1ea5y nh\u1eefng n\u1ed1t nh\u1ea1c nh\u1ee9c nh\u1ed1i v\u00e0 m\u1ef9 mi\u1ec1u t\u1eeb \u0111\u00f4i tay ngh\u1ec7 s\u0129, \u0111\u00f3 c\u0169ng \u0111\u01b0\u1ee3c ph\u00e1t ra t\u1eeb 6 s\u1ee3i d\u00e2y c\u1ee7a Augustine, m\u1ed9t th\u01b0\u01a1ng hi\u1ec7u \u0111\u00e3 \u0111i v\u00e0o huy\u1ec1n tho\u1ea1i.<\/p>","protected":false},"excerpt":{"rendered":"<p>Augustine v\u00e0 s\u1ef1 ra \u0111\u1eddi c\u1ee7a d\u00e2y \u0111\u00e0n guitar nylon Augustine l\u00e0 h\u00e3ng d\u00e2y cho Guitar classic c\u00f3 l\u1ecbch s\u1eed l\u00e2u \u0111\u1eddi b\u1eadc nh\u1ea5t \u1edf M\u1ef9 v\u00e0 tr\u00ean th\u1ebf gi\u1edbi. Huy\u1ec1n tho\u1ea1i Andress Segovia l\u00e0 ngh\u1ec7 s\u0129 \u0111\u1ea1i di\u1ec7n cho Augustine trong su\u1ed1t s\u1ef1 nghi\u1ec7p \u0111\u1ed3 s\u1ed9 c\u1ee7a m\u00ecnh. Tuy nhi\u00ean, \u00edt ai bi\u1ebft \u0111\u01b0\u1ee3c&#8230;<\/p>","protected":false},"featured_media":3810,"template":"","meta":[],"product_cat":[671,19],"product_tag":[],"class_list":["post-3809","product","type-product","status-publish","has-post-thumbnail","hentry","product_cat-augustine-strings","product_cat-day-dan-guitar"],"_links":{"self":[{"href":"https:\/\/emotionguitars.com\/en\/wp-json\/wp\/v2\/product\/3809","targetHints":{"allow":["GET"]}}],"collection":[{"href":"https:\/\/emotionguitars.com\/en\/wp-json\/wp\/v2\/product"}],"about":[{"href":"https:\/\/emotionguitars.com\/en\/wp-json\/wp\/v2\/types\/product"}],"wp:featuredmedia":[{"embeddable":true,"href":"https:\/\/emotionguitars.com\/en\/wp-json\/wp\/v2\/media\/3810"}],"wp:attachment":[{"href":"https:\/\/emotionguitars.com\/en\/wp-json\/wp\/v2\/media?parent=3809"}],"wp:term":[{"taxonomy":"product_cat","embeddable":true,"href":"https:\/\/emotionguitars.com\/en\/wp-json\/wp\/v2\/product_cat?post=3809"},{"taxonomy":"product_tag","embeddable":true,"href":"https:\/\/emotionguitars.com\/en\/wp-json\/wp\/v2\/product_tag?post=3809"}],"curies":[{"name":"wp","href":"https:\/\/api.w.org\/{rel}","templated":true}]}}