{"id":3840,"date":"2023-03-17T18:00:11","date_gmt":"2023-03-17T11:00:11","guid":{"rendered":"https:\/\/emotionguitars.com\/?post_type=product&#038;p=3840"},"modified":"2025-05-16T06:03:03","modified_gmt":"2025-05-15T23:03:03","slug":"savarez-540-r","status":"publish","type":"product","link":"https:\/\/emotionguitars.com\/en\/product\/savarez-540-r\/","title":{"rendered":"Savarez 540 R"},"content":{"rendered":"<p>Lo\u1ea1i d\u00e2y carbon c\u00f3 \u0111\u1ed9 c\u1ee9ng v\u1eeba r\u1ea5t ph\u1ed5 bi\u1ebfn v\u00e0 thu\u1ed9c top b\u00e1n ch\u1ea1y nh\u1ea5t c\u1ee7a Savarez Strings.<\/p>\n<p>&nbsp;<\/p>","protected":false},"excerpt":{"rendered":"<p>Lo\u1ea1i d\u00e2y carbon c\u00f3 \u0111\u1ed9 c\u1ee9ng v\u1eeba r\u1ea5t ph\u1ed5 bi\u1ebfn v\u00e0 thu\u1ed9c top b\u00e1n ch\u1ea1y nh\u1ea5t c\u1ee7a Savarez Strings. &nbsp;<\/p>","protected":false},"featured_media":3841,"template":"","meta":[],"product_cat":[669,19],"product_tag":[676],"class_list":["post-3840","product","type-product","status-publish","has-post-thumbnail","hentry","product_cat-savarez-strings","product_cat-day-dan-guitar","product_tag-savarez-540r"],"_links":{"self":[{"href":"https:\/\/emotionguitars.com\/en\/wp-json\/wp\/v2\/product\/3840","targetHints":{"allow":["GET"]}}],"collection":[{"href":"https:\/\/emotionguitars.com\/en\/wp-json\/wp\/v2\/product"}],"about":[{"href":"https:\/\/emotionguitars.com\/en\/wp-json\/wp\/v2\/types\/product"}],"wp:featuredmedia":[{"embeddable":true,"href":"https:\/\/emotionguitars.com\/en\/wp-json\/wp\/v2\/media\/3841"}],"wp:attachment":[{"href":"https:\/\/emotionguitars.com\/en\/wp-json\/wp\/v2\/media?parent=3840"}],"wp:term":[{"taxonomy":"product_cat","embeddable":true,"href":"https:\/\/emotionguitars.com\/en\/wp-json\/wp\/v2\/product_cat?post=3840"},{"taxonomy":"product_tag","embeddable":true,"href":"https:\/\/emotionguitars.com\/en\/wp-json\/wp\/v2\/product_tag?post=3840"}],"curies":[{"name":"wp","href":"https:\/\/api.w.org\/{rel}","templated":true}]}}