{"id":3874,"date":"2023-03-21T10:42:49","date_gmt":"2023-03-21T03:42:49","guid":{"rendered":"https:\/\/emotionguitars.com\/?post_type=product&#038;p=3874"},"modified":"2025-04-17T22:54:27","modified_gmt":"2025-04-17T15:54:27","slug":"jose-yacopi","status":"publish","type":"product","link":"https:\/\/emotionguitars.com\/en\/product\/jose-yacopi\/","title":{"rendered":"Jose Yacopi &#8211; 1985 (Excellent)"},"content":{"rendered":"<p>Jose Yacopi sinh n\u0103m 1916, l\u00e0 ngh\u1ec7 nh\u00e2n ng\u01b0\u1eddi T\u00e2y Ban Nha. \u00d4ng di c\u01b0 \u0111\u1ebfn Argentina v\u00e0o n\u0103m 33 tu\u1ed5i v\u00e0 m\u1edf x\u01b0\u1edfng l\u00e0m \u0111\u00e0n t\u1ea1i \u0111\u00e2y. V\u1edbi nh\u1eefng s\u00e1ng t\u1ea1o v\u00e0 c\u00e1ch t\u00e2n v\u1ec1 phong c\u00e1ch l\u00e0m \u0111\u00e0n, Yacopi ng\u00e0y c\u00e0ng n\u1ed5i ti\u1ebfng. Nh\u1eefng ngh\u1ec7 s\u0129 r\u1ea5t n\u1ed5i ti\u1ebfng \u0111\u00e3 s\u1edf h\u1eefu \u0111\u00e0n c\u1ee7a \u00f4ng nh\u01b0: Narcisso Yepes, Eduardo Falu, Maria Luisa Anido&#8230;<\/p>\n<p>\u00c2m thanh \u0111\u00e0n Jose Yacopi r\u1ea5t tinh t\u1ebf. C\u00e1c d\u1ea3i tr\u1ea7m v\u00f4 c\u00f9ng s\u1ed1ng \u0111\u1ed9ng v\u00e0 s\u00e2u th\u1eb3m, d\u1ea3i treble r\u1ea5t trong tr\u1ebbo. S\u1ef1 h\u00f2a \u00e2m c\u1ee7a 2 b\u00e8 l\u00e0 r\u1ea5t c\u00e2n \u0111\u1ed1i.<\/p>\n<p>C\u00e2y \u0111\u00e0n Jose Yacopi c\u1ee7a Showroom c\u00f3 h\u00ecnh th\u1ee9c r\u1ea5t \u0111\u1eb9p, nh\u1eefng n\u00e9t tr\u1ea1m kh\u1eafc tr\u00ean c\u1ea7n \u0111\u00e0n \u0111\u01b0\u1ee3c th\u1ef1c hi\u1ec7n th\u1ee7 c\u00f4ng v\u00e0 m\u1edf \u0111\u01b0\u1eddng cho nhi\u1ec1u ngh\u1ec7 nh\u00e2n sau n\u00e0y, \u0111\u1eb7c bi\u1ec7t \u1edf Nh\u1eadt l\u00e0m theo phong c\u00e1ch n\u00e0y.<\/p>\n<p>\u00c2m thanh c\u1ee7a c\u00e2y \u0111\u00e0n \u0111\u1eb7c bi\u1ec7t quy\u1ebfn r\u0169 v\u00e0 gi\u00e0u m\u00e0u s\u1eafc, \u00e2m l\u01b0\u1ee3ng v\u00e0 \u0111\u1ed9 s\u00e2u \u0111\u1ec1u r\u1ea5t \u1ea5n t\u01b0\u1ee3ng.<\/p>","protected":false},"excerpt":{"rendered":"<p>Jose Yacopi sinh n\u0103m 1916, l\u00e0 ngh\u1ec7 nh\u00e2n ng\u01b0\u1eddi T\u00e2y Ban Nha. \u00d4ng di c\u01b0 \u0111\u1ebfn Argentina v\u00e0o n\u0103m 33 tu\u1ed5i v\u00e0 m\u1edf x\u01b0\u1edfng l\u00e0m \u0111\u00e0n t\u1ea1i \u0111\u00e2y. V\u1edbi nh\u1eefng s\u00e1ng t\u1ea1o v\u00e0 c\u00e1ch t\u00e2n v\u1ec1 phong c\u00e1ch l\u00e0m \u0111\u00e0n, Yacopi ng\u00e0y c\u00e0ng n\u1ed5i ti\u1ebfng. Nh\u1eefng ngh\u1ec7 s\u0129 r\u1ea5t n\u1ed5i ti\u1ebfng \u0111\u00e3 s\u1edf h\u1eefu \u0111\u00e0n&#8230;<\/p>","protected":false},"featured_media":3875,"template":"","meta":[],"product_cat":[533,20,213],"product_tag":[682],"class_list":["post-3874","product","type-product","status-publish","has-post-thumbnail","hentry","product_cat-luxury","product_cat-dan-guitar","product_cat-dan-cao-cap","product_tag-jose-yacopi-guitar"],"_links":{"self":[{"href":"https:\/\/emotionguitars.com\/en\/wp-json\/wp\/v2\/product\/3874","targetHints":{"allow":["GET"]}}],"collection":[{"href":"https:\/\/emotionguitars.com\/en\/wp-json\/wp\/v2\/product"}],"about":[{"href":"https:\/\/emotionguitars.com\/en\/wp-json\/wp\/v2\/types\/product"}],"wp:featuredmedia":[{"embeddable":true,"href":"https:\/\/emotionguitars.com\/en\/wp-json\/wp\/v2\/media\/3875"}],"wp:attachment":[{"href":"https:\/\/emotionguitars.com\/en\/wp-json\/wp\/v2\/media?parent=3874"}],"wp:term":[{"taxonomy":"product_cat","embeddable":true,"href":"https:\/\/emotionguitars.com\/en\/wp-json\/wp\/v2\/product_cat?post=3874"},{"taxonomy":"product_tag","embeddable":true,"href":"https:\/\/emotionguitars.com\/en\/wp-json\/wp\/v2\/product_tag?post=3874"}],"curies":[{"name":"wp","href":"https:\/\/api.w.org\/{rel}","templated":true}]}}