{"id":3882,"date":"2023-03-22T14:15:44","date_gmt":"2023-03-22T07:15:44","guid":{"rendered":"https:\/\/emotionguitars.com\/?post_type=product&#038;p=3882"},"modified":"2025-04-17T22:54:47","modified_gmt":"2025-04-17T15:54:47","slug":"asturias-standard-2023-brand-new","status":"publish","type":"product","link":"https:\/\/emotionguitars.com\/en\/product\/asturias-standard-2023-brand-new\/","title":{"rendered":"Asturias Standard 2023 (brand new)"},"content":{"rendered":"<p>Th\u00e1ng 1 n\u0103m 2023, Emotion nh\u1eadn \u0111\u01b0\u1ee3c l\u1eddi \u0111\u1ec1 ngh\u1ecb c\u1ee7a gi\u00e1m \u0111\u1ed1c x\u01b0\u1edfng \u0111\u00e0n Asturias v\u00e0 ch\u00ednh th\u1ee9c tr\u1edf th\u00e0nh \u0111\u1ea1i di\u1ec7n c\u1ee7a h\u00e3ng.<\/p>\n<p>Asturias l\u00e0 h\u00e3ng \u0111\u00e0n r\u1ea5t n\u1ed5i ti\u1ebfng \u1edf Nh\u1eadt, l\u00e0 m\u1ed9t trong nh\u1eefng h\u00e3ng c\u00f3 nhi\u1ec1u ngh\u1ec7 s\u0129 qu\u1ed1c t\u1ebf s\u1eed d\u1ee5ng cho c\u00e1c bu\u1ed5i tr\u00ecnh di\u1ec5n.<\/p>\n<p>C\u00e1c model t\u1ea7m trung nh\u01b0 Standard, Preludio&#8230; \u0111\u00e3 r\u1ea5t ph\u1ed5 bi\u1ebfn \u1edf Vi\u1ec7t Nam v\u00e0 th\u1ebf gi\u1edbi. Nh\u1eefng m\u1eabu \u0111\u00e0n cao c\u1ea5p nh\u01b0 Double Top, Aged \u0111\u01b0\u1ee3c nhi\u1ec1u ngh\u1ec7 s\u0129 s\u1eed d\u1ee5ng, nhi\u1ec1u th\u00ed sinh tr\u00ecnh t\u1ea5u trong c\u00e1c cu\u1ed9c thi qu\u1ed1c t\u1ebf.<\/p>\n<p>Model Sandard S (spruce) c\u00f3 ngo\u1ea1i h\u00ecnh r\u1ea5t ch\u1eafc ch\u1eafn v\u00e0 th\u1ea9m m\u1ef9, v\u1edbi l\u1ed1i \u00e2m thanh truy\u1ec1n th\u1ed1ng, m\u1ea1nh m\u1ebd v\u00e0 r\u1ea5t c\u00e2n \u0111\u1ed1i.<\/p>\n<p>\u2022 Th\u00f4ng s\u1ed1 \u0111\u00e0n:<\/p>\n<p>Top: Spruce<\/p>\n<p>Back, side: India rosewood<\/p>\n<p>Scale, nut: 650mm, 52mm<\/p>\n<p>K\u00e8m h\u1ed9p di \u0111\u1ed9ng super light c\u1ee7a H\u00e0n Qu\u1ed1c tr\u1ecb gi\u00e1 4 tri\u1ec7u vnd.<\/p>","protected":false},"excerpt":{"rendered":"<p>Th\u00e1ng 1 n\u0103m 2023, Emotion nh\u1eadn \u0111\u01b0\u1ee3c l\u1eddi \u0111\u1ec1 ngh\u1ecb c\u1ee7a gi\u00e1m \u0111\u1ed1c x\u01b0\u1edfng \u0111\u00e0n Asturias v\u00e0 ch\u00ednh th\u1ee9c tr\u1edf th\u00e0nh \u0111\u1ea1i di\u1ec7n c\u1ee7a h\u00e3ng. Asturias l\u00e0 h\u00e3ng \u0111\u00e0n r\u1ea5t n\u1ed5i ti\u1ebfng \u1edf Nh\u1eadt, l\u00e0 m\u1ed9t trong nh\u1eefng h\u00e3ng c\u00f3 nhi\u1ec1u ngh\u1ec7 s\u0129 qu\u1ed1c t\u1ebf s\u1eed d\u1ee5ng cho c\u00e1c bu\u1ed5i tr\u00ecnh di\u1ec5n. C\u00e1c model t\u1ea7m&#8230;<\/p>","protected":false},"featured_media":3883,"template":"","meta":[],"product_cat":[20,213],"product_tag":[139,683,608,182,72],"class_list":["post-3882","product","type-product","status-publish","has-post-thumbnail","hentry","product_cat-dan-guitar","product_cat-dan-cao-cap","product_tag-asturias-guitar","product_tag-asturias-standard","product_tag-ban-dan-guitar-cao-cap","product_tag-ban-guitar-tai-ha-noi","product_tag-emotion-guitar"],"_links":{"self":[{"href":"https:\/\/emotionguitars.com\/en\/wp-json\/wp\/v2\/product\/3882","targetHints":{"allow":["GET"]}}],"collection":[{"href":"https:\/\/emotionguitars.com\/en\/wp-json\/wp\/v2\/product"}],"about":[{"href":"https:\/\/emotionguitars.com\/en\/wp-json\/wp\/v2\/types\/product"}],"wp:featuredmedia":[{"embeddable":true,"href":"https:\/\/emotionguitars.com\/en\/wp-json\/wp\/v2\/media\/3883"}],"wp:attachment":[{"href":"https:\/\/emotionguitars.com\/en\/wp-json\/wp\/v2\/media?parent=3882"}],"wp:term":[{"taxonomy":"product_cat","embeddable":true,"href":"https:\/\/emotionguitars.com\/en\/wp-json\/wp\/v2\/product_cat?post=3882"},{"taxonomy":"product_tag","embeddable":true,"href":"https:\/\/emotionguitars.com\/en\/wp-json\/wp\/v2\/product_tag?post=3882"}],"curies":[{"name":"wp","href":"https:\/\/api.w.org\/{rel}","templated":true}]}}