{"id":3900,"date":"2023-03-22T23:13:30","date_gmt":"2023-03-22T16:13:30","guid":{"rendered":"https:\/\/emotionguitars.com\/?post_type=product&#038;p=3900"},"modified":"2025-04-17T22:55:18","modified_gmt":"2025-04-17T15:55:18","slug":"wataru-tsuji-s1-s-2023-brand-new","status":"publish","type":"product","link":"https:\/\/emotionguitars.com\/en\/product\/wataru-tsuji-s1-s-2023-brand-new\/","title":{"rendered":"Wataru Tsuji S1 S &#8211; 2023 (brand new)"},"content":{"rendered":"<p>Th\u00e1ng 1 n\u0103m 2023, Emotion nh\u1eadn \u0111\u01b0\u1ee3c l\u1eddi \u0111\u1ec1 ngh\u1ecb c\u1ee7a gi\u00e1m \u0111\u1ed1c x\u01b0\u1edfng \u0111\u00e0n Asturias v\u00e0 ch\u00ednh th\u1ee9c tr\u1edf th\u00e0nh \u0111\u1ea1i di\u1ec7n c\u1ee7a h\u00e3ng.<\/p>\n<p>Asturias l\u00e0 h\u00e3ng \u0111\u00e0n r\u1ea5t n\u1ed5i ti\u1ebfng \u1edf Nh\u1eadt, l\u00e0 m\u1ed9t trong nh\u1eefng h\u00e3ng c\u00f3 nhi\u1ec1u ngh\u1ec7 s\u0129 qu\u1ed1c t\u1ebf s\u1eed d\u1ee5ng cho c\u00e1c bu\u1ed5i tr\u00ecnh di\u1ec5n.<\/p>\n<p>C\u00e1c model t\u1ea7m trung nh\u01b0 Standard, Preludio&#8230; \u0111\u00e3 r\u1ea5t ph\u1ed5 bi\u1ebfn \u1edf Vi\u1ec7t Nam v\u00e0 th\u1ebf gi\u1edbi. Nh\u1eefng m\u1eabu \u0111\u00e0n cao c\u1ea5p nh\u01b0 Double Top, Aged \u0111\u01b0\u1ee3c nhi\u1ec1u ngh\u1ec7 s\u0129 s\u1eed d\u1ee5ng, nhi\u1ec1u th\u00ed sinh tr\u00ecnh t\u1ea5u trong c\u00e1c cu\u1ed9c thi qu\u1ed1c t\u1ebf.<\/p>\n<p>Wataru Stuji l\u00e0 ngh\u1ec7 nh\u00e2n quan tr\u1ecdng nh\u1ea5t c\u1ee7a h\u00e3ng Asturias, \u00f4ng l\u00e0m th\u00eam nh\u1eefng d\u00f2ng \u0111\u00e0n mang t\u00ean ri\u00eang c\u1ee7a m\u00ecnh. Stuji S1 S l\u00e0 m\u1ed9t trong nh\u1eefng c\u00e2y \u0111\u01b0\u1ee3c l\u00e0m theo c\u00e1ch \u0111\u00f3. V\u1edbi ki\u1ec3u d\u00e1ng Hauser v\u00e0 \u00e2m thanh r\u1ea5t tinh t\u1ebf, Stuji S1 l\u00e0 c\u00e2y \u0111\u00e0n r\u1ea5t \u1ea5n t\u01b0\u1ee3ng trong t\u1ea7m gi\u00e1 d\u01b0\u1edbi 50.000.000 vnd.<\/p>\n<p>\u2022 Th\u00f4ng s\u1ed1 \u0111\u00e0n:<br \/>\nTop: Spruce<br \/>\nBack, side: India rosewood<br \/>\nScale, nut: 650mm, 52mm<br \/>\nK\u00e8m h\u1ed9p di \u0111\u1ed9ng super light c\u1ee7a H\u00e0n Qu\u1ed1c tr\u1ecb gi\u00e1 4 tri\u1ec7u vnd.<\/p>","protected":false},"excerpt":{"rendered":"<p>Th\u00e1ng 1 n\u0103m 2023, Emotion nh\u1eadn \u0111\u01b0\u1ee3c l\u1eddi \u0111\u1ec1 ngh\u1ecb c\u1ee7a gi\u00e1m \u0111\u1ed1c x\u01b0\u1edfng \u0111\u00e0n Asturias v\u00e0 ch\u00ednh th\u1ee9c tr\u1edf th\u00e0nh \u0111\u1ea1i di\u1ec7n c\u1ee7a h\u00e3ng. Asturias l\u00e0 h\u00e3ng \u0111\u00e0n r\u1ea5t n\u1ed5i ti\u1ebfng \u1edf Nh\u1eadt, l\u00e0 m\u1ed9t trong nh\u1eefng h\u00e3ng c\u00f3 nhi\u1ec1u ngh\u1ec7 s\u0129 qu\u1ed1c t\u1ebf s\u1eed d\u1ee5ng cho c\u00e1c bu\u1ed5i tr\u00ecnh di\u1ec5n. C\u00e1c model t\u1ea7m&#8230;<\/p>","protected":false},"featured_media":3901,"template":"","meta":[],"product_cat":[20,213],"product_tag":[],"class_list":["post-3900","product","type-product","status-publish","has-post-thumbnail","hentry","product_cat-dan-guitar","product_cat-dan-cao-cap"],"_links":{"self":[{"href":"https:\/\/emotionguitars.com\/en\/wp-json\/wp\/v2\/product\/3900","targetHints":{"allow":["GET"]}}],"collection":[{"href":"https:\/\/emotionguitars.com\/en\/wp-json\/wp\/v2\/product"}],"about":[{"href":"https:\/\/emotionguitars.com\/en\/wp-json\/wp\/v2\/types\/product"}],"wp:featuredmedia":[{"embeddable":true,"href":"https:\/\/emotionguitars.com\/en\/wp-json\/wp\/v2\/media\/3901"}],"wp:attachment":[{"href":"https:\/\/emotionguitars.com\/en\/wp-json\/wp\/v2\/media?parent=3900"}],"wp:term":[{"taxonomy":"product_cat","embeddable":true,"href":"https:\/\/emotionguitars.com\/en\/wp-json\/wp\/v2\/product_cat?post=3900"},{"taxonomy":"product_tag","embeddable":true,"href":"https:\/\/emotionguitars.com\/en\/wp-json\/wp\/v2\/product_tag?post=3900"}],"curies":[{"name":"wp","href":"https:\/\/api.w.org\/{rel}","templated":true}]}}