{"id":3949,"date":"2023-04-10T09:56:40","date_gmt":"2023-04-10T02:56:40","guid":{"rendered":"https:\/\/emotionguitars.com\/?post_type=product&#038;p=3949"},"modified":"2025-04-17T22:56:19","modified_gmt":"2025-04-17T15:56:19","slug":"martinez-mc20-brand-new","status":"publish","type":"product","link":"https:\/\/emotionguitars.com\/en\/product\/martinez-mc20-brand-new\/","title":{"rendered":"Martinez mc20 (brand new)"},"content":{"rendered":"<p>Martinez mc20 l\u00e0 c\u00e2y \u0111\u00e0n xu\u1ea5t s\u1eafc trong ph\u00e2n kh\u00fac d\u01b0\u1edbi 5 tri\u1ec7u.<\/p>\n<p>G\u1ecdn g\u00e0ng, \u0111\u1eb9p v\u00e0 \u00e2m thanh r\u00f5 r\u00e0ng, c\u00e2n \u0111\u1ed1i. M\u1ed9t c\u00e2y \u0111\u00e0n ph\u1ed5 th\u00f4ng r\u1ea5t \u1ea5n t\u01b0\u1ee3ng.<\/p>\n<p>&nbsp;<\/p>\n<p>\u2022 Th\u00f4ng s\u1ed1 \u0111\u00e0n:<\/p>\n<p>Top: spruce<\/p>\n<p>Back, side: mahogany rose wood<\/p>\n<p>S\u01a1n PU<\/p>\n<p>K\u00e8m bao 3 l\u1edbp + d\u00e2y 270.000 vnd<\/p>","protected":false},"excerpt":{"rendered":"<p>Martinez mc20 l\u00e0 c\u00e2y \u0111\u00e0n xu\u1ea5t s\u1eafc trong ph\u00e2n kh\u00fac d\u01b0\u1edbi 5 tri\u1ec7u. G\u1ecdn g\u00e0ng, \u0111\u1eb9p v\u00e0 \u00e2m thanh r\u00f5 r\u00e0ng, c\u00e2n \u0111\u1ed1i. M\u1ed9t c\u00e2y \u0111\u00e0n ph\u1ed5 th\u00f4ng r\u1ea5t \u1ea5n t\u01b0\u1ee3ng. &nbsp; \u2022 Th\u00f4ng s\u1ed1 \u0111\u00e0n: Top: spruce Back, side: mahogany rose wood S\u01a1n PU K\u00e8m bao 3 l\u1edbp + d\u00e2y 270.000 vnd<\/p>","protected":false},"featured_media":3950,"template":"","meta":[],"product_cat":[20,24],"product_tag":[],"class_list":["post-3949","product","type-product","status-publish","has-post-thumbnail","hentry","product_cat-dan-guitar","product_cat-martinez-guitar"],"_links":{"self":[{"href":"https:\/\/emotionguitars.com\/en\/wp-json\/wp\/v2\/product\/3949","targetHints":{"allow":["GET"]}}],"collection":[{"href":"https:\/\/emotionguitars.com\/en\/wp-json\/wp\/v2\/product"}],"about":[{"href":"https:\/\/emotionguitars.com\/en\/wp-json\/wp\/v2\/types\/product"}],"wp:featuredmedia":[{"embeddable":true,"href":"https:\/\/emotionguitars.com\/en\/wp-json\/wp\/v2\/media\/3950"}],"wp:attachment":[{"href":"https:\/\/emotionguitars.com\/en\/wp-json\/wp\/v2\/media?parent=3949"}],"wp:term":[{"taxonomy":"product_cat","embeddable":true,"href":"https:\/\/emotionguitars.com\/en\/wp-json\/wp\/v2\/product_cat?post=3949"},{"taxonomy":"product_tag","embeddable":true,"href":"https:\/\/emotionguitars.com\/en\/wp-json\/wp\/v2\/product_tag?post=3949"}],"curies":[{"name":"wp","href":"https:\/\/api.w.org\/{rel}","templated":true}]}}