{"id":3957,"date":"2023-04-10T10:01:10","date_gmt":"2023-04-10T03:01:10","guid":{"rendered":"https:\/\/emotionguitars.com\/?post_type=product&#038;p=3957"},"modified":"2025-04-17T22:56:32","modified_gmt":"2025-04-17T15:56:32","slug":"juan-hernandez-especial-2023-brand-new","status":"publish","type":"product","link":"https:\/\/emotionguitars.com\/en\/product\/juan-hernandez-especial-2023-brand-new\/","title":{"rendered":"Juan Hernandez Especial 2023 (brand new)"},"content":{"rendered":"<p>Hernandez Maestro Especial \u0111\u01b0\u1ee3c c\u1ea3i ti\u1ebfn th\u00e0nh top model trong th\u1eddi gian g\u1ea7n \u0111\u00e2y v\u1edbi phong c\u00e1ch double top v\u00e0 nhi\u1ec1u t\u1ed1i \u01b0u tr\u00ean to\u00e0n b\u1ed9 c\u00e2y \u0111\u00e0n.<\/p>\n<p>\u00c2m thanh m\u1ea1nh m\u1ebd v\u00e0 xuy\u00ean th\u1ea5u, t\u1ea1o n\u00ean s\u1ef1 b\u1ed3i h\u1ed3i kh\u00f3 t\u1ea3 khi b\u1ea5t ch\u1ee3t ng\u1eaft \u00e2m thanh, Maestro Especial th\u1ef1c s\u1ef1 l\u00e0 m\u1ed9t c\u00e2y \u0111\u00e0n \u0111\u1eb3ng c\u1ea5p.<\/p>","protected":false},"excerpt":{"rendered":"<p>Hernandez Maestro Especial \u0111\u01b0\u1ee3c c\u1ea3i ti\u1ebfn th\u00e0nh top model trong th\u1eddi gian g\u1ea7n \u0111\u00e2y v\u1edbi phong c\u00e1ch double top v\u00e0 nhi\u1ec1u t\u1ed1i \u01b0u tr\u00ean to\u00e0n b\u1ed9 c\u00e2y \u0111\u00e0n. \u00c2m thanh m\u1ea1nh m\u1ebd v\u00e0 xuy\u00ean th\u1ea5u, t\u1ea1o n\u00ean s\u1ef1 b\u1ed3i h\u1ed3i kh\u00f3 t\u1ea3 khi b\u1ea5t ch\u1ee3t ng\u1eaft \u00e2m thanh, Maestro Especial th\u1ef1c s\u1ef1 l\u00e0 m\u1ed9t c\u00e2y&#8230;<\/p>","protected":false},"featured_media":3958,"template":"","meta":[],"product_cat":[540,533,20,213],"product_tag":[],"class_list":["post-3957","product","type-product","status-publish","has-post-thumbnail","hentry","product_cat-juan-hernandez","product_cat-luxury","product_cat-dan-guitar","product_cat-dan-cao-cap"],"_links":{"self":[{"href":"https:\/\/emotionguitars.com\/en\/wp-json\/wp\/v2\/product\/3957","targetHints":{"allow":["GET"]}}],"collection":[{"href":"https:\/\/emotionguitars.com\/en\/wp-json\/wp\/v2\/product"}],"about":[{"href":"https:\/\/emotionguitars.com\/en\/wp-json\/wp\/v2\/types\/product"}],"wp:featuredmedia":[{"embeddable":true,"href":"https:\/\/emotionguitars.com\/en\/wp-json\/wp\/v2\/media\/3958"}],"wp:attachment":[{"href":"https:\/\/emotionguitars.com\/en\/wp-json\/wp\/v2\/media?parent=3957"}],"wp:term":[{"taxonomy":"product_cat","embeddable":true,"href":"https:\/\/emotionguitars.com\/en\/wp-json\/wp\/v2\/product_cat?post=3957"},{"taxonomy":"product_tag","embeddable":true,"href":"https:\/\/emotionguitars.com\/en\/wp-json\/wp\/v2\/product_tag?post=3957"}],"curies":[{"name":"wp","href":"https:\/\/api.w.org\/{rel}","templated":true}]}}