{"id":3967,"date":"2023-04-10T10:07:19","date_gmt":"2023-04-10T03:07:19","guid":{"rendered":"https:\/\/emotionguitars.com\/?post_type=product&#038;p=3967"},"modified":"2025-04-21T21:09:41","modified_gmt":"2025-04-21T14:09:41","slug":"martinez-mc128-c-brand-new","status":"publish","type":"product","link":"https:\/\/emotionguitars.com\/en\/product\/martinez-mc128-c-brand-new\/","title":{"rendered":"Martinez MC128 C (brand new)"},"content":{"rendered":"<p>Martinez ban \u0111\u1ea7u l\u00e0 x\u01b0\u1edfng \u0111\u00e0n c\u1ee7a ngh\u1ec7 nh\u00e2n Wolgang Jellinghaus, ng\u01b0\u1eddi \u0110\u1ee9c. Sau khi th\u01b0\u01a1ng hi\u1ec7u Martinez ph\u00e1t tri\u1ec3n m\u1ea1nh m\u1ebd v\u00e0 g\u00e2y \u0111\u01b0\u1ee3c ti\u1ebfng vang, m\u1ed9t \u00f4ng ch\u1ee7 Trung qu\u1ed1c \u0111\u00e3 mua l\u1ea1i to\u00e0n b\u1ed9 th\u01b0\u01a1ng hi\u1ec7u v\u00e0 l\u00e0m \u0111\u00e0n c\u1ee7a h\u00e3ng n\u00e0y. V\u1edbi s\u1ef1 k\u1ebft h\u1ee3p ch\u1eb7t ch\u1ebd v\u1edbi c\u00e1c ngh\u1ec7 nh\u00e2n n\u1ed5i ti\u1ebfng nh\u01b0 Kenny Hill, Jellinghaus&#8230;, Martinez kh\u00f4ng ng\u1eebng s\u1ea3n xu\u1ea5t nh\u1eefng model ch\u1ea5t l\u01b0\u1ee3ng r\u1ea5t cao, thu\u1ed9c m\u1ecdi ph\u00e2n kh\u00fac.<\/p>\n<p>MC128 l\u00e0 c\u00e2y \u0111\u00e0n full solid c\u00f3 th\u00f4ng s\u1ed1 kh\u00e1 cao v\u00e0 ch\u1ea5t l\u01b0\u1ee3ng \u00e2m thanh v\u01b0\u1ee3t tr\u1ed9i so v\u1edbi gi\u00e1 ti\u1ec1n c\u1ee7a n\u00f3.<\/p>\n<p>&#8211; Th\u00f4ng s\u1ed1 \u0111\u00e0n:<\/p>\n<p>Top: Cedaz\/spruce<\/p>\n<p>Back, side: India Rosewood<\/p>\n<p>Scale, nut: 650mm, 52mm<\/p>\n<p>S\u01a1n: PU<\/p>\n<p>T\u1eb7ng bao ch\u00ednh h\u00e3ng ch\u1ed1ng va \u0111\u1eadp v\u00e0 d\u00e2y Gallis c\u1ee7a \u00dd.<\/p>","protected":false},"excerpt":{"rendered":"<p>Martinez ban \u0111\u1ea7u l\u00e0 x\u01b0\u1edfng \u0111\u00e0n c\u1ee7a ngh\u1ec7 nh\u00e2n Wolgang Jellinghaus, ng\u01b0\u1eddi \u0110\u1ee9c. Sau khi th\u01b0\u01a1ng hi\u1ec7u Martinez ph\u00e1t tri\u1ec3n m\u1ea1nh m\u1ebd v\u00e0 g\u00e2y \u0111\u01b0\u1ee3c ti\u1ebfng vang, m\u1ed9t \u00f4ng ch\u1ee7 Trung qu\u1ed1c \u0111\u00e3 mua l\u1ea1i to\u00e0n b\u1ed9 th\u01b0\u01a1ng hi\u1ec7u v\u00e0 l\u00e0m \u0111\u00e0n c\u1ee7a h\u00e3ng n\u00e0y. V\u1edbi s\u1ef1 k\u1ebft h\u1ee3p ch\u1eb7t ch\u1ebd v\u1edbi c\u00e1c ngh\u1ec7 nh\u00e2n&#8230;<\/p>","protected":false},"featured_media":3968,"template":"","meta":[],"product_cat":[20,24,213],"product_tag":[],"class_list":["post-3967","product","type-product","status-publish","has-post-thumbnail","hentry","product_cat-dan-guitar","product_cat-martinez-guitar","product_cat-dan-cao-cap"],"_links":{"self":[{"href":"https:\/\/emotionguitars.com\/en\/wp-json\/wp\/v2\/product\/3967","targetHints":{"allow":["GET"]}}],"collection":[{"href":"https:\/\/emotionguitars.com\/en\/wp-json\/wp\/v2\/product"}],"about":[{"href":"https:\/\/emotionguitars.com\/en\/wp-json\/wp\/v2\/types\/product"}],"wp:featuredmedia":[{"embeddable":true,"href":"https:\/\/emotionguitars.com\/en\/wp-json\/wp\/v2\/media\/3968"}],"wp:attachment":[{"href":"https:\/\/emotionguitars.com\/en\/wp-json\/wp\/v2\/media?parent=3967"}],"wp:term":[{"taxonomy":"product_cat","embeddable":true,"href":"https:\/\/emotionguitars.com\/en\/wp-json\/wp\/v2\/product_cat?post=3967"},{"taxonomy":"product_tag","embeddable":true,"href":"https:\/\/emotionguitars.com\/en\/wp-json\/wp\/v2\/product_tag?post=3967"}],"curies":[{"name":"wp","href":"https:\/\/api.w.org\/{rel}","templated":true}]}}