{"id":3973,"date":"2023-04-10T10:10:14","date_gmt":"2023-04-10T03:10:14","guid":{"rendered":"https:\/\/emotionguitars.com\/?post_type=product&#038;p=3973"},"modified":"2025-04-17T22:57:00","modified_gmt":"2025-04-17T15:57:00","slug":"esteve-7sr-brand-new","status":"publish","type":"product","link":"https:\/\/emotionguitars.com\/en\/product\/esteve-7sr-brand-new\/","title":{"rendered":"Esteve 7sr (brand new)"},"content":{"rendered":"<p>Esteve 7SR l\u00e0 c\u00e2y \u0111\u00e0n \u0111\u01b0\u1ee3c \u0111\u00e1nh gi\u00e1 l\u00e0 m\u1ed9t trong nh\u1eefng model xu\u1ea5t s\u1eafc nh\u1ea5t trong t\u1ea7m gi\u00e1 d\u01b0\u1edbi 1200\u20ac.<\/p>\n<p>Ch\u1ea5t li\u1ec7u g\u1ed7 full solid v\u00e0 s\u1ef1 g\u1ecdn g\u00e0ng, c\u0169ng nh\u01b0 \u00e2m thanh tinh t\u1ebf, quy\u1ec7n v\u00e0 n\u1ed3ng n\u00e0n ch\u00ednh l\u00e0 \u0111\u1eb7c \u0111i\u1ec3m n\u1ed5i b\u1eadt c\u1ee7a model n\u00e0y.<\/p>\n<p>&#8211; Th\u00f4ng s\u1ed1 \u0111\u00e0n:<\/p>\n<p>Top: Cedaz\/spruce<\/p>\n<p>Back, side: 650mm, 51mm<\/p>\n<p>T\u1eb7ng h\u1ed9p \u0111\u1ef1ng \u0111\u00e0n v\u00e0 d\u00e2y Gallis c\u1ee7a \u00dd.<\/p>","protected":false},"excerpt":{"rendered":"<p>Esteve 7SR l\u00e0 c\u00e2y \u0111\u00e0n \u0111\u01b0\u1ee3c \u0111\u00e1nh gi\u00e1 l\u00e0 m\u1ed9t trong nh\u1eefng model xu\u1ea5t s\u1eafc nh\u1ea5t trong t\u1ea7m gi\u00e1 d\u01b0\u1edbi 1200\u20ac. Ch\u1ea5t li\u1ec7u g\u1ed7 full solid v\u00e0 s\u1ef1 g\u1ecdn g\u00e0ng, c\u0169ng nh\u01b0 \u00e2m thanh tinh t\u1ebf, quy\u1ec7n v\u00e0 n\u1ed3ng n\u00e0n ch\u00ednh l\u00e0 \u0111\u1eb7c \u0111i\u1ec3m n\u1ed5i b\u1eadt c\u1ee7a model n\u00e0y. &#8211; Th\u00f4ng s\u1ed1 \u0111\u00e0n: Top: Cedaz\/spruce&#8230;<\/p>","protected":false},"featured_media":3974,"template":"","meta":[],"product_cat":[541,20,213],"product_tag":[648],"class_list":["post-3973","product","type-product","status-publish","has-post-thumbnail","hentry","product_cat-esteve-adalid-guitar","product_cat-dan-guitar","product_cat-dan-cao-cap","product_tag-esteve-7sr"],"_links":{"self":[{"href":"https:\/\/emotionguitars.com\/en\/wp-json\/wp\/v2\/product\/3973","targetHints":{"allow":["GET"]}}],"collection":[{"href":"https:\/\/emotionguitars.com\/en\/wp-json\/wp\/v2\/product"}],"about":[{"href":"https:\/\/emotionguitars.com\/en\/wp-json\/wp\/v2\/types\/product"}],"wp:featuredmedia":[{"embeddable":true,"href":"https:\/\/emotionguitars.com\/en\/wp-json\/wp\/v2\/media\/3974"}],"wp:attachment":[{"href":"https:\/\/emotionguitars.com\/en\/wp-json\/wp\/v2\/media?parent=3973"}],"wp:term":[{"taxonomy":"product_cat","embeddable":true,"href":"https:\/\/emotionguitars.com\/en\/wp-json\/wp\/v2\/product_cat?post=3973"},{"taxonomy":"product_tag","embeddable":true,"href":"https:\/\/emotionguitars.com\/en\/wp-json\/wp\/v2\/product_tag?post=3973"}],"curies":[{"name":"wp","href":"https:\/\/api.w.org\/{rel}","templated":true}]}}