{"id":3991,"date":"2023-04-18T23:52:06","date_gmt":"2023-04-18T16:52:06","guid":{"rendered":"https:\/\/emotionguitars.com\/?post_type=product&#038;p=3991"},"modified":"2025-04-17T22:57:15","modified_gmt":"2025-04-17T15:57:15","slug":"jose-ramirez-1a-camara-1992-excellent","status":"publish","type":"product","link":"https:\/\/emotionguitars.com\/en\/product\/jose-ramirez-1a-camara-1992-excellent\/","title":{"rendered":"Jose Ramirez 1a Camara &#8211; 1992 (excellent)"},"content":{"rendered":"<p>Ramirez 1a Camara 1992 l\u00e0 c\u00e2y \u0111\u00e0n r\u1ea5t qu\u00fd hi\u1ebfm v\u00e0 \u0111\u1eb7c bi\u1ec7t.<\/p>\n<p>X\u00e9t v\u1ec1 gi\u00e1 tr\u1ecb s\u01b0u t\u1ea7m, \u0111\u00e2y l\u00e0 c\u00e2y \u0111\u00e0n r\u1ea5t kh\u00f3 ki\u1ebfm. X\u00e9t v\u1ec1 m\u1eb7t gi\u00e1 tr\u1ecb s\u1eed d\u1ee5ng th\u00ec l\u00e0 c\u00e2y \u0111\u00e0n c\u00f3 \u00e2m thanh tuy\u1ec7t h\u1ea3o c\u00f9ng v\u1edbi \u0111\u1ed9 m\u1edbi g\u1ea7n nh\u01b0 ho\u00e0n h\u1ea3o. C\u1ea7n \u0111\u00e0n \u0111\u01b0\u1ee3c l\u00e0m \u1edf k\u00edch c\u1ee1 650mm, 52mm n\u00ean r\u1ea5t d\u1ec5 ch\u01a1i, kh\u00e1c h\u1eb3n k\u00edch c\u1ee1 664mm c\u1ee7a d\u00f2ng\u00a0 Ramirez 1a nh\u1eefng n\u0103m tr\u01b0\u1edbc 1986. B\u1ed9 g\u1ed7 Jacaranda r\u1ea5t \u0111\u1eb9p v\u00e0 quy\u1ebfn r\u0169 c\u00f9ng v\u1edbi Top Spruce t\u1ea1o \u00e2m thanh s\u00e1ng n\u00e9t, c\u0169ng l\u00e0 \u00edt th\u1ea5y \u1edf nh\u1eefng c\u00e2y 1a v\u1ed1n th\u01b0\u1eddng l\u00e0m b\u1eb1ng g\u1ed7 Cedaz c\u1ee7a nh\u00e0 Ramirez.<\/p>\n<p>Ramirez Camara l\u00e0 d\u1ea1ng thi\u1ebft k\u1ebf mang t\u00ednh \u0111\u1ed9t ph\u00e1 c\u1ee7a nh\u00e0 Ramirez, thi\u1ebft k\u1ebf b\u00ean trong gi\u1ed1ng nh\u01b0 chi\u1ebfc xe bus 2 t\u1ea7ng. M\u1ee5c \u0111\u00edch t\u1ea1o s\u1ef1 ch\u1eafc ch\u1eafn c\u1ee7a \u00e2m thanh, \u0111\u1eb7c bi\u1ec7t gi\u1ea3i quy\u1ebft s\u1ef1 \u1ef3 tr\u1ec7 (b\u00ec ti\u1ebfng) c\u1ee7a d\u00e2y Sol (d\u00e2y s\u1ed1 3).<\/p>","protected":false},"excerpt":{"rendered":"<p>Ramirez 1a Camara 1992 l\u00e0 c\u00e2y \u0111\u00e0n r\u1ea5t qu\u00fd hi\u1ebfm v\u00e0 \u0111\u1eb7c bi\u1ec7t. X\u00e9t v\u1ec1 gi\u00e1 tr\u1ecb s\u01b0u t\u1ea7m, \u0111\u00e2y l\u00e0 c\u00e2y \u0111\u00e0n r\u1ea5t kh\u00f3 ki\u1ebfm. X\u00e9t v\u1ec1 m\u1eb7t gi\u00e1 tr\u1ecb s\u1eed d\u1ee5ng th\u00ec l\u00e0 c\u00e2y \u0111\u00e0n c\u00f3 \u00e2m thanh tuy\u1ec7t h\u1ea3o c\u00f9ng v\u1edbi \u0111\u1ed9 m\u1edbi g\u1ea7n nh\u01b0 ho\u00e0n h\u1ea3o. C\u1ea7n \u0111\u00e0n \u0111\u01b0\u1ee3c l\u00e0m \u1edf&#8230;<\/p>","protected":false},"featured_media":3992,"template":"","meta":[],"product_cat":[533,20,28,213],"product_tag":[685,686],"class_list":["post-3991","product","type-product","status-publish","has-post-thumbnail","hentry","product_cat-luxury","product_cat-dan-guitar","product_cat-ramirez-guitar","product_cat-dan-cao-cap","product_tag-ramirez-1","product_tag-ramirez-decamara"],"_links":{"self":[{"href":"https:\/\/emotionguitars.com\/en\/wp-json\/wp\/v2\/product\/3991","targetHints":{"allow":["GET"]}}],"collection":[{"href":"https:\/\/emotionguitars.com\/en\/wp-json\/wp\/v2\/product"}],"about":[{"href":"https:\/\/emotionguitars.com\/en\/wp-json\/wp\/v2\/types\/product"}],"wp:featuredmedia":[{"embeddable":true,"href":"https:\/\/emotionguitars.com\/en\/wp-json\/wp\/v2\/media\/3992"}],"wp:attachment":[{"href":"https:\/\/emotionguitars.com\/en\/wp-json\/wp\/v2\/media?parent=3991"}],"wp:term":[{"taxonomy":"product_cat","embeddable":true,"href":"https:\/\/emotionguitars.com\/en\/wp-json\/wp\/v2\/product_cat?post=3991"},{"taxonomy":"product_tag","embeddable":true,"href":"https:\/\/emotionguitars.com\/en\/wp-json\/wp\/v2\/product_tag?post=3991"}],"curies":[{"name":"wp","href":"https:\/\/api.w.org\/{rel}","templated":true}]}}