{"id":4027,"date":"2023-05-16T11:07:04","date_gmt":"2023-05-16T04:07:04","guid":{"rendered":"https:\/\/emotionguitars.com\/?post_type=product&#038;p=4027"},"modified":"2025-04-21T21:09:50","modified_gmt":"2025-04-21T14:09:50","slug":"esteve-12-2023-brand-new","status":"publish","type":"product","link":"https:\/\/emotionguitars.com\/en\/product\/esteve-12-2023-brand-new\/","title":{"rendered":"Esteve 12 &#8211; 2023 (brand new)"},"content":{"rendered":"<p>C\u00f3 l\u1ebd trong ph\u00e2n kh\u00fac t\u1ea7m 50 tri\u1ec7u, kh\u00f3 c\u00f3 c\u00e2y \u0111\u00e0n n\u00e0o c\u00f3 th\u1ec3 so \u0111\u01b0\u1ee3c v\u1edbi Esteve 12 b\u1edfi s\u1ef1 ng\u1ecdt ng\u00e0o, tinh t\u1ebf. S\u1ef1 k\u1ebft h\u1ee3p gi\u1eefa \u00e2m cao v\u00e0 \u00e2m tr\u1ea7m t\u1ea1o n\u00ean s\u1ef1 th\u00e1nh th\u00f3t v\u00e0 \u00e2m \u00e1p l\u1ea1 k\u1ef3. Nh\u1eefng \u0111\u01b0\u1eddng n\u00e9t nh\u00e3 nh\u1eb7n nh\u01b0ng \u0111\u01b0\u1ee3c l\u00e0m h\u1ebft s\u1ee9c c\u1ea7u k\u1ef3 qua tay ngh\u1ec1 th\u1ee7 c\u00f4ng c\u1ee7a c\u00e1c ngh\u1ec7 nh\u00e2n T\u00e2y Ban Nha \u0111\u00e3 t\u1ea1o n\u00ean m\u1ed9t c\u00e2y \u0111\u00e0n v\u00f4 c\u00f9ng \u1ea5n t\u01b0\u1ee3ng.<\/p>\n<p><iframe loading=\"lazy\" title=\"Kh\u00fac h\u00e1t ru ng\u01b0\u1eddi m\u1eb9 tr\u1ebb - Ph\u1ea1m Tuy\u00ean, L\u00e2m Th\u1ecb M\u1ef9 D\u1ea1\" width=\"1020\" height=\"574\" src=\"https:\/\/www.youtube.com\/embed\/Y3Q0CbUtDko?feature=oembed\" frameborder=\"0\" allow=\"accelerometer; autoplay; clipboard-write; encrypted-media; gyroscope; picture-in-picture; web-share\" allowfullscreen><\/iframe><\/p>","protected":false},"excerpt":{"rendered":"<p>C\u00f3 l\u1ebd trong ph\u00e2n kh\u00fac t\u1ea7m 50 tri\u1ec7u, kh\u00f3 c\u00f3 c\u00e2y \u0111\u00e0n n\u00e0o c\u00f3 th\u1ec3 so \u0111\u01b0\u1ee3c v\u1edbi Esteve 12 b\u1edfi s\u1ef1 ng\u1ecdt ng\u00e0o, tinh t\u1ebf. S\u1ef1 k\u1ebft h\u1ee3p gi\u1eefa \u00e2m cao v\u00e0 \u00e2m tr\u1ea7m t\u1ea1o n\u00ean s\u1ef1 th\u00e1nh th\u00f3t v\u00e0 \u00e2m \u00e1p l\u1ea1 k\u1ef3. Nh\u1eefng \u0111\u01b0\u1eddng n\u00e9t nh\u00e3 nh\u1eb7n nh\u01b0ng \u0111\u01b0\u1ee3c l\u00e0m h\u1ebft s\u1ee9c&#8230;<\/p>","protected":false},"featured_media":4028,"template":"","meta":[],"product_cat":[541,20,213],"product_tag":[689],"class_list":["post-4027","product","type-product","status-publish","has-post-thumbnail","hentry","product_cat-esteve-adalid-guitar","product_cat-dan-guitar","product_cat-dan-cao-cap","product_tag-esteve-12"],"_links":{"self":[{"href":"https:\/\/emotionguitars.com\/en\/wp-json\/wp\/v2\/product\/4027","targetHints":{"allow":["GET"]}}],"collection":[{"href":"https:\/\/emotionguitars.com\/en\/wp-json\/wp\/v2\/product"}],"about":[{"href":"https:\/\/emotionguitars.com\/en\/wp-json\/wp\/v2\/types\/product"}],"wp:featuredmedia":[{"embeddable":true,"href":"https:\/\/emotionguitars.com\/en\/wp-json\/wp\/v2\/media\/4028"}],"wp:attachment":[{"href":"https:\/\/emotionguitars.com\/en\/wp-json\/wp\/v2\/media?parent=4027"}],"wp:term":[{"taxonomy":"product_cat","embeddable":true,"href":"https:\/\/emotionguitars.com\/en\/wp-json\/wp\/v2\/product_cat?post=4027"},{"taxonomy":"product_tag","embeddable":true,"href":"https:\/\/emotionguitars.com\/en\/wp-json\/wp\/v2\/product_tag?post=4027"}],"curies":[{"name":"wp","href":"https:\/\/api.w.org\/{rel}","templated":true}]}}