{"id":4037,"date":"2023-05-19T00:17:30","date_gmt":"2023-05-18T17:17:30","guid":{"rendered":"https:\/\/emotionguitars.com\/?post_type=product&#038;p=4037"},"modified":"2025-04-17T22:58:50","modified_gmt":"2025-04-17T15:58:50","slug":"adalid-catedral-rio-spruce-2023-brand-new","status":"publish","type":"product","link":"https:\/\/emotionguitars.com\/en\/product\/adalid-catedral-rio-spruce-2023-brand-new\/","title":{"rendered":"Adalid Catedral X Rio &#8211; 2023 (brand new)"},"content":{"rendered":"<p>Adalid Catedral X l\u00e0 m\u1eabu \u0111\u00e0n \u0111\u1eb7c bi\u1ec7t v\u00e0 cao c\u1ea5p nh\u1ea5t c\u1ee7a ngh\u1ec7 nh\u00e2n h\u00e0ng \u0111\u1ea7u Valencia Manuel Adalid.<\/p>\n<p>H\u1ea7u h\u1ebft c\u00e1c model Catedral \u0111\u01b0\u1ee3c th\u1ef1c hi\u1ec7n b\u1eb1ng nguy\u00ean li\u1ec7u g\u1ed7 Madagasca cao c\u1ea5p. C\u00e2y Catedral n\u00e0y l\u00e0 duy nh\u1ea5t \u0111\u01b0\u1ee3c l\u00e0m t\u1eeb g\u1ed7 Rio Brazil v\u00f4 c\u00f9ng qu\u00fd hi\u1ebfm. \u0110\u01b0\u1ee3c th\u1ef1c hi\u1ec7n theo y\u00eau c\u1ea7u c\u1ee7a show room Emotion, Catedral Rio c\u1ea7n \u0111\u1ebfn 12 th\u00e1ng \u0111\u1ec3 ho\u00e0n thi\u1ec7n.<\/p>\n<p>\u00c2m thanh c\u1ee7a Catedral Rio \u0111\u01b0\u1ee3c c\u1ea3i ti\u1ebfn h\u01a1n \u1edf b\u00e8 bass, ch\u1eafc ch\u1eafn v\u00e0 s\u00e2u h\u01a1n so v\u1edbi c\u00e1c m\u1eabu Catedral Madagasca tr\u01b0\u1edbc \u0111\u00f3. \u00c2m treble trong v\u1eaft v\u00e0 gi\u00e0u c\u1ea3m x\u00fac, bi\u1ebfn \u1ea3o v\u00e0 phong ph\u00fa. S\u1ef1 tinh t\u1ebf v\u00e0 t\u0129nh t\u1ea1i c\u0169ng l\u00e0 \u0111i\u1ec3m c\u1ed9ng \u1edf c\u00e2y \u0111\u00e0n r\u1ea5t \u0111\u1eb7c bi\u1ec7t n\u00e0y.<\/p>\n<p>&nbsp;<\/p>","protected":false},"excerpt":{"rendered":"<p>Adalid Catedral X l\u00e0 m\u1eabu \u0111\u00e0n \u0111\u1eb7c bi\u1ec7t v\u00e0 cao c\u1ea5p nh\u1ea5t c\u1ee7a ngh\u1ec7 nh\u00e2n h\u00e0ng \u0111\u1ea7u Valencia Manuel Adalid. H\u1ea7u h\u1ebft c\u00e1c model Catedral \u0111\u01b0\u1ee3c th\u1ef1c hi\u1ec7n b\u1eb1ng nguy\u00ean li\u1ec7u g\u1ed7 Madagasca cao c\u1ea5p. C\u00e2y Catedral n\u00e0y l\u00e0 duy nh\u1ea5t \u0111\u01b0\u1ee3c l\u00e0m t\u1eeb g\u1ed7 Rio Brazil v\u00f4 c\u00f9ng qu\u00fd hi\u1ebfm. \u0110\u01b0\u1ee3c th\u1ef1c hi\u1ec7n theo&#8230;<\/p>","protected":false},"featured_media":4038,"template":"","meta":[],"product_cat":[541,533,20,213],"product_tag":[690,72,362],"class_list":["post-4037","product","type-product","status-publish","has-post-thumbnail","hentry","product_cat-esteve-adalid-guitar","product_cat-luxury","product_cat-dan-guitar","product_cat-dan-cao-cap","product_tag-adalid-catedral","product_tag-emotion-guitar","product_tag-vu-hien-guitar"],"_links":{"self":[{"href":"https:\/\/emotionguitars.com\/en\/wp-json\/wp\/v2\/product\/4037","targetHints":{"allow":["GET"]}}],"collection":[{"href":"https:\/\/emotionguitars.com\/en\/wp-json\/wp\/v2\/product"}],"about":[{"href":"https:\/\/emotionguitars.com\/en\/wp-json\/wp\/v2\/types\/product"}],"wp:featuredmedia":[{"embeddable":true,"href":"https:\/\/emotionguitars.com\/en\/wp-json\/wp\/v2\/media\/4038"}],"wp:attachment":[{"href":"https:\/\/emotionguitars.com\/en\/wp-json\/wp\/v2\/media?parent=4037"}],"wp:term":[{"taxonomy":"product_cat","embeddable":true,"href":"https:\/\/emotionguitars.com\/en\/wp-json\/wp\/v2\/product_cat?post=4037"},{"taxonomy":"product_tag","embeddable":true,"href":"https:\/\/emotionguitars.com\/en\/wp-json\/wp\/v2\/product_tag?post=4037"}],"curies":[{"name":"wp","href":"https:\/\/api.w.org\/{rel}","templated":true}]}}