{"id":4045,"date":"2023-05-20T12:10:57","date_gmt":"2023-05-20T05:10:57","guid":{"rendered":"https:\/\/emotionguitars.com\/?post_type=product&#038;p=4045"},"modified":"2025-04-17T22:59:05","modified_gmt":"2025-04-17T15:59:05","slug":"esteve-65-anos-spruce-2023-brand-new","status":"publish","type":"product","link":"https:\/\/emotionguitars.com\/en\/product\/esteve-65-anos-spruce-2023-brand-new\/","title":{"rendered":"Esteve 65 Anos Spruce &#8211; 2023 (brand new)"},"content":{"rendered":"<p>M\u00f4 h\u00ecnh k\u1ef7 ni\u1ec7m 65 n\u0103m th\u00e0nh l\u1eadp h\u00e3ng \u0111\u00e0n n\u1ed5i ti\u1ebfng Valencia Esteve c\u00f3 s\u1ed1 l\u01b0\u1ee3ng s\u1ea3n xu\u1ea5t kh\u00f4ng nhi\u1ec1u, b\u00ean c\u1ea1nh \u0111\u00f3 \u0111\u01b0\u1ee3c thi\u1ebft k\u1ebf v\u1edbi v\u1eadt t\u01b0 ch\u1ea5t l\u01b0\u1ee3ng r\u1ea5t cao. H\u1ec7 th\u1ed1ng full double t\u1ea1o n\u00ean m\u1ed9t nh\u1ea1c c\u1ee5 c\u00f3 \u00e2m thanh m\u1ea1nh m\u1ebd nh\u01b0ng v\u1eabn ph\u1ea3ng ph\u1ea5t ch\u1ea5t \u00e2m truy\u00ean th\u1ed1ng TBN.<\/p>\n<p>V\u1edbi m\u1ee9c gi\u00e1 d\u01b0\u1edbi 5000\u20ac, s\u1ebd r\u1ea5t kh\u00f3 ki\u1ebfm \u0111\u01b0\u1ee3c c\u00e2y \u0111\u00e0n n\u00e0o c\u00f3 th\u1ec3 s\u00e1nh \u0111\u01b0\u1ee3c Esteve anos 65.<\/p>\n<p>\u0110\u1eb7c bi\u1ec7t, top spruce c\u0169ng r\u1ea5t hi\u1ebfm khi \u0111\u01b0\u1ee3c s\u1eed d\u1ee5ng trong thi\u1ebft k\u1ebf n\u00e0y.<\/p>","protected":false},"excerpt":{"rendered":"<p>M\u00f4 h\u00ecnh k\u1ef7 ni\u1ec7m 65 n\u0103m th\u00e0nh l\u1eadp h\u00e3ng \u0111\u00e0n n\u1ed5i ti\u1ebfng Valencia Esteve c\u00f3 s\u1ed1 l\u01b0\u1ee3ng s\u1ea3n xu\u1ea5t kh\u00f4ng nhi\u1ec1u, b\u00ean c\u1ea1nh \u0111\u00f3 \u0111\u01b0\u1ee3c thi\u1ebft k\u1ebf v\u1edbi v\u1eadt t\u01b0 ch\u1ea5t l\u01b0\u1ee3ng r\u1ea5t cao. H\u1ec7 th\u1ed1ng full double t\u1ea1o n\u00ean m\u1ed9t nh\u1ea1c c\u1ee5 c\u00f3 \u00e2m thanh m\u1ea1nh m\u1ebd nh\u01b0ng v\u1eabn ph\u1ea3ng ph\u1ea5t ch\u1ea5t \u00e2m truy\u00ean&#8230;<\/p>","protected":false},"featured_media":4046,"template":"","meta":[],"product_cat":[541,20,213],"product_tag":[],"class_list":["post-4045","product","type-product","status-publish","has-post-thumbnail","hentry","product_cat-esteve-adalid-guitar","product_cat-dan-guitar","product_cat-dan-cao-cap"],"_links":{"self":[{"href":"https:\/\/emotionguitars.com\/en\/wp-json\/wp\/v2\/product\/4045","targetHints":{"allow":["GET"]}}],"collection":[{"href":"https:\/\/emotionguitars.com\/en\/wp-json\/wp\/v2\/product"}],"about":[{"href":"https:\/\/emotionguitars.com\/en\/wp-json\/wp\/v2\/types\/product"}],"wp:featuredmedia":[{"embeddable":true,"href":"https:\/\/emotionguitars.com\/en\/wp-json\/wp\/v2\/media\/4046"}],"wp:attachment":[{"href":"https:\/\/emotionguitars.com\/en\/wp-json\/wp\/v2\/media?parent=4045"}],"wp:term":[{"taxonomy":"product_cat","embeddable":true,"href":"https:\/\/emotionguitars.com\/en\/wp-json\/wp\/v2\/product_cat?post=4045"},{"taxonomy":"product_tag","embeddable":true,"href":"https:\/\/emotionguitars.com\/en\/wp-json\/wp\/v2\/product_tag?post=4045"}],"curies":[{"name":"wp","href":"https:\/\/api.w.org\/{rel}","templated":true}]}}