{"id":4057,"date":"2023-06-06T00:58:08","date_gmt":"2023-06-05T17:58:08","guid":{"rendered":"https:\/\/emotionguitars.com\/?post_type=product&#038;p=4057"},"modified":"2025-04-17T22:59:18","modified_gmt":"2025-04-17T15:59:18","slug":"sakurai-maestro-rf-2022-brand-new-2","status":"publish","type":"product","link":"https:\/\/emotionguitars.com\/en\/product\/sakurai-maestro-rf-2022-brand-new-2\/","title":{"rendered":"Sakurai maestro RF &#8211; 2022 (brand new)"},"content":{"rendered":"<p>Sakurai Maestro 2022 d\u01b0\u1edbi \u0111\u00e2y l\u00e0 c\u00e2y \u0111\u00e0n \u0111\u01b0\u1ee3c ch\u00ednh ngh\u1ec7 nh\u00e2n huy\u1ec1n tho\u1ea1i Masaki Sakurai mang \u0111\u1ebfn VN \u0111\u1ec3 tham d\u1ef1 Festival guitar qu\u1ed1c t\u1ebf H\u00e0 N\u1ed9i l\u1ea7n th\u1ee9 4.<br \/>\nC\u00e2y \u0111\u00e0n v\u1edbi \u00e2m thanh trong, s\u1eafc n\u00e9t v\u00e0 r\u1ea5t tinh t\u1ebf.<\/p>","protected":false},"excerpt":{"rendered":"<p>Sakurai Maestro 2022 d\u01b0\u1edbi \u0111\u00e2y l\u00e0 c\u00e2y \u0111\u00e0n \u0111\u01b0\u1ee3c ch\u00ednh ngh\u1ec7 nh\u00e2n huy\u1ec1n tho\u1ea1i Masaki Sakurai mang \u0111\u1ebfn VN \u0111\u1ec3 tham d\u1ef1 Festival guitar qu\u1ed1c t\u1ebf H\u00e0 N\u1ed9i l\u1ea7n th\u1ee9 4. C\u00e2y \u0111\u00e0n v\u1edbi \u00e2m thanh trong, s\u1eafc n\u00e9t v\u00e0 r\u1ea5t tinh t\u1ebf.<\/p>","protected":false},"featured_media":4058,"template":"","meta":[],"product_cat":[20,25,213],"product_tag":[],"class_list":["post-4057","product","type-product","status-publish","has-post-thumbnail","hentry","product_cat-dan-guitar","product_cat-sakurai-kohno","product_cat-dan-cao-cap"],"_links":{"self":[{"href":"https:\/\/emotionguitars.com\/en\/wp-json\/wp\/v2\/product\/4057","targetHints":{"allow":["GET"]}}],"collection":[{"href":"https:\/\/emotionguitars.com\/en\/wp-json\/wp\/v2\/product"}],"about":[{"href":"https:\/\/emotionguitars.com\/en\/wp-json\/wp\/v2\/types\/product"}],"wp:featuredmedia":[{"embeddable":true,"href":"https:\/\/emotionguitars.com\/en\/wp-json\/wp\/v2\/media\/4058"}],"wp:attachment":[{"href":"https:\/\/emotionguitars.com\/en\/wp-json\/wp\/v2\/media?parent=4057"}],"wp:term":[{"taxonomy":"product_cat","embeddable":true,"href":"https:\/\/emotionguitars.com\/en\/wp-json\/wp\/v2\/product_cat?post=4057"},{"taxonomy":"product_tag","embeddable":true,"href":"https:\/\/emotionguitars.com\/en\/wp-json\/wp\/v2\/product_tag?post=4057"}],"curies":[{"name":"wp","href":"https:\/\/api.w.org\/{rel}","templated":true}]}}