{"id":4074,"date":"2023-06-06T08:00:20","date_gmt":"2023-06-06T01:00:20","guid":{"rendered":"https:\/\/emotionguitars.com\/?post_type=product&#038;p=4074"},"modified":"2025-04-17T23:03:17","modified_gmt":"2025-04-17T16:03:17","slug":"aria-ac80-excellent","status":"publish","type":"product","link":"https:\/\/emotionguitars.com\/en\/product\/aria-ac80-excellent\/","title":{"rendered":"Aria Ac80 (excellent)"},"content":{"rendered":"<p>Aria Ac80 l\u00e0 c\u00e2y \u0111\u00e0n full solid v\u1edbi ngo\u1ea1i h\u00ecnh \u0111\u1eb9p v\u00e0 l\u1ed1i \u00e2m thanh truy\u1ec1n th\u1ed1ng. \u00c2m thanh kh\u00f4ng qu\u00e1 to nh\u01b0ng ch\u1eafc ch\u1eafn v\u00e0 gi\u00e0u c\u1ea3m x\u00fac.<\/p>\n<p>\u2022 Th\u00f4ng s\u1ed1 \u0111\u00e0n:<\/p>\n<p>Top: cedaz<\/p>\n<p>Back and side: India rose wood<\/p>\n<p>Scale, nut: 650mm, 52mm<\/p>\n<p>K\u00e8m case v\u00e0 d\u00e2y \u0111\u00e0n Savarez<\/p>","protected":false},"excerpt":{"rendered":"<p>Aria Ac80 l\u00e0 c\u00e2y \u0111\u00e0n full solid v\u1edbi ngo\u1ea1i h\u00ecnh \u0111\u1eb9p v\u00e0 l\u1ed1i \u00e2m thanh truy\u1ec1n th\u1ed1ng. \u00c2m thanh kh\u00f4ng qu\u00e1 to nh\u01b0ng ch\u1eafc ch\u1eafn v\u00e0 gi\u00e0u c\u1ea3m x\u00fac. \u2022 Th\u00f4ng s\u1ed1 \u0111\u00e0n: Top: cedaz Back and side: India rose wood Scale, nut: 650mm, 52mm K\u00e8m case v\u00e0 d\u00e2y \u0111\u00e0n Savarez<\/p>","protected":false},"featured_media":4075,"template":"","meta":[],"product_cat":[20,15],"product_tag":[488,72,251,362],"class_list":["post-4074","product","type-product","status-publish","has-post-thumbnail","hentry","product_cat-dan-guitar","product_cat-chua-phan-loai","product_tag-classic-guitar","product_tag-emotion-guitar","product_tag-guitar-co-dien","product_tag-vu-hien-guitar"],"_links":{"self":[{"href":"https:\/\/emotionguitars.com\/en\/wp-json\/wp\/v2\/product\/4074","targetHints":{"allow":["GET"]}}],"collection":[{"href":"https:\/\/emotionguitars.com\/en\/wp-json\/wp\/v2\/product"}],"about":[{"href":"https:\/\/emotionguitars.com\/en\/wp-json\/wp\/v2\/types\/product"}],"wp:featuredmedia":[{"embeddable":true,"href":"https:\/\/emotionguitars.com\/en\/wp-json\/wp\/v2\/media\/4075"}],"wp:attachment":[{"href":"https:\/\/emotionguitars.com\/en\/wp-json\/wp\/v2\/media?parent=4074"}],"wp:term":[{"taxonomy":"product_cat","embeddable":true,"href":"https:\/\/emotionguitars.com\/en\/wp-json\/wp\/v2\/product_cat?post=4074"},{"taxonomy":"product_tag","embeddable":true,"href":"https:\/\/emotionguitars.com\/en\/wp-json\/wp\/v2\/product_tag?post=4074"}],"curies":[{"name":"wp","href":"https:\/\/api.w.org\/{rel}","templated":true}]}}