{"id":4092,"date":"2023-06-06T08:30:30","date_gmt":"2023-06-06T01:30:30","guid":{"rendered":"https:\/\/emotionguitars.com\/?post_type=product&#038;p=4092"},"modified":"2025-04-21T21:14:50","modified_gmt":"2025-04-21T14:14:50","slug":"jose-ramirez-1a-1991-good","status":"publish","type":"product","link":"https:\/\/emotionguitars.com\/en\/product\/jose-ramirez-1a-1991-good\/","title":{"rendered":"Jose Ramirez 1a &#8211; 1991 (good)"},"content":{"rendered":"<p>Jose Ramirez 1a l\u00e0 m\u1eabu \u0111\u00e0n \u0111\u00e3 \u0111i v\u00e0o huy\u1ec1n tho\u1ea1i b\u1edfi t\u1eebng \u0111\u01b0\u1ee3c ngh\u1ec7 s\u0129 Andress Segovia ch\u1ecdn ch\u01a1i trong ph\u1ea7n l\u1edbn s\u1ef1 nghi\u1ec7p m\u00ecnh.<\/p>\n<p>M\u1ed9t s\u1ed1 Ramirez v\u1ec1 tr\u01b0\u1edbc \u0111\u00f3 \u0111\u1ec1u l\u00e0 664mm, k\u00edch c\u1ee1 r\u1ea5t l\u1edbn thi\u1ebft k\u1ebf theo tay Segovia. C\u00e2y \u0111\u00e0n n\u00e0y l\u00e0 c\u00e2y c\u00f3 k\u00edch c\u1ee1 650mm \u0111\u1ea7u ti\u00ean v\u1ec1 Vi\u1ec7t Nam v\u00e0o n\u0103m 2015, s\u1edf h\u1eefu c\u1ee7a ngh\u1ec7 s\u0129 V\u0169 Hi\u1ec3n.<\/p>\n<p>Ngo\u1ea1i h\u00ecnh kh\u00f4ng c\u00f2n m\u1edbi, nhi\u1ec1u v\u1ebft x\u01b0\u1edbc tr\u00ean m\u1eb7t, m\u1ed9t s\u1ed1 v\u1ebft b\u1eadt d\u00e2y ng\u1ef1a \u0111\u00e0n \u0111\u00e3 \u0111\u01b0\u1ee3c x\u1eed l\u00fd l\u1ea1i. C\u1ea7u \u0111\u00e0n \u0111\u00e3 \u0111\u01b0\u1ee3c d\u00e1n th\u00eam keo. C\u1ea7n \u0111\u00e0n v\u00e0 action ho\u00e0n h\u1ea3o, r\u1ea5t d\u1ec5 ch\u01a1i. Tr\u00ean h\u1ebft, \u00e2m thanh c\u1ee7a c\u00e2y \u0111\u00e0n l\u00e0 s\u1ef1 m\u00ea ho\u1eb7c v\u00e0 quy\u1ebfn r\u0169. Th\u1eddi gian v\u00e0 nh\u1eefng v\u1ebft x\u01b0\u1edbc kh\u00f4ng l\u00e0m m\u1ea5t \u0111i \u0111\u1eb3ng c\u1ea5p c\u1ee7a Ramirez 1a khi n\u00f3 ng\u00e2n l\u00ean.<\/p>\n<p>\u2022 Th\u00f4ng s\u1ed1 \u0111\u00e0n:<\/p>\n<p>Top: cedaz<\/p>\n<p>Back, side: India rose wood<\/p>\n<p>Scale, nut: 650mm, 52mm<\/p>\n<p>K\u00e8m case v\u00e0 d\u00e2y knobloch QZ<\/p>\n<p>&nbsp;<\/p>","protected":false},"excerpt":{"rendered":"<p>Jose Ramirez 1a l\u00e0 m\u1eabu \u0111\u00e0n \u0111\u00e3 \u0111i v\u00e0o huy\u1ec1n tho\u1ea1i b\u1edfi t\u1eebng \u0111\u01b0\u1ee3c ngh\u1ec7 s\u0129 Andress Segovia ch\u1ecdn ch\u01a1i trong ph\u1ea7n l\u1edbn s\u1ef1 nghi\u1ec7p m\u00ecnh. M\u1ed9t s\u1ed1 Ramirez v\u1ec1 tr\u01b0\u1edbc \u0111\u00f3 \u0111\u1ec1u l\u00e0 664mm, k\u00edch c\u1ee1 r\u1ea5t l\u1edbn thi\u1ebft k\u1ebf theo tay Segovia. C\u00e2y \u0111\u00e0n n\u00e0y l\u00e0 c\u00e2y c\u00f3 k\u00edch c\u1ee1 650mm \u0111\u1ea7u ti\u00ean&#8230;<\/p>","protected":false},"featured_media":4093,"template":"","meta":[],"product_cat":[20,28,213],"product_tag":[74],"class_list":["post-4092","product","type-product","status-publish","has-post-thumbnail","hentry","product_cat-dan-guitar","product_cat-ramirez-guitar","product_cat-dan-cao-cap","product_tag-ramirez-1a"],"_links":{"self":[{"href":"https:\/\/emotionguitars.com\/en\/wp-json\/wp\/v2\/product\/4092","targetHints":{"allow":["GET"]}}],"collection":[{"href":"https:\/\/emotionguitars.com\/en\/wp-json\/wp\/v2\/product"}],"about":[{"href":"https:\/\/emotionguitars.com\/en\/wp-json\/wp\/v2\/types\/product"}],"wp:featuredmedia":[{"embeddable":true,"href":"https:\/\/emotionguitars.com\/en\/wp-json\/wp\/v2\/media\/4093"}],"wp:attachment":[{"href":"https:\/\/emotionguitars.com\/en\/wp-json\/wp\/v2\/media?parent=4092"}],"wp:term":[{"taxonomy":"product_cat","embeddable":true,"href":"https:\/\/emotionguitars.com\/en\/wp-json\/wp\/v2\/product_cat?post=4092"},{"taxonomy":"product_tag","embeddable":true,"href":"https:\/\/emotionguitars.com\/en\/wp-json\/wp\/v2\/product_tag?post=4092"}],"curies":[{"name":"wp","href":"https:\/\/api.w.org\/{rel}","templated":true}]}}