{"id":4101,"date":"2023-06-07T12:58:15","date_gmt":"2023-06-07T05:58:15","guid":{"rendered":"https:\/\/emotionguitars.com\/?post_type=product&#038;p=4101"},"modified":"2025-04-29T23:56:54","modified_gmt":"2025-04-29T16:56:54","slug":"matsuoka-m50-good","status":"publish","type":"product","link":"https:\/\/emotionguitars.com\/en\/product\/matsuoka-m50-good\/","title":{"rendered":"Matsuoka m50 (good)"},"content":{"rendered":"<p>C\u00e2y \u0111\u00e0n v\u1edbi kh\u00e1 nhi\u1ec1u v\u1ebft x\u01b0\u1edbc v\u00e0 m\u1edd s\u01a1n nh\u01b0ng kh\u00f4ng c\u00f3 n\u1ee9t v\u1ee1, \u00e2m thanh v\u1eabn t\u1ed1t v\u00ec \u0111\u01b0\u1ee3c ch\u01a1i trong th\u1eddi gian d\u00e0i. C\u1ea7n \u0111\u00e0n v\u00e0 action r\u1ea5t t\u1ed1t.<\/p>\n<p>N\u1ebfu kh\u00f4ng quan t\u00e2m nhi\u1ec1u \u0111\u1ebfn h\u00ecnh th\u1ee9c th\u00ec \u0111\u00e2y l\u00e0 c\u00e2y \u0111\u00e0n l\u00fd t\u01b0\u1edfng trong t\u1ea7m gi\u00e1 d\u01b0\u1edbi 10 tri\u1ec7u.<\/p>","protected":false},"excerpt":{"rendered":"<p>C\u00e2y \u0111\u00e0n v\u1edbi kh\u00e1 nhi\u1ec1u v\u1ebft x\u01b0\u1edbc v\u00e0 m\u1edd s\u01a1n nh\u01b0ng kh\u00f4ng c\u00f3 n\u1ee9t v\u1ee1, \u00e2m thanh v\u1eabn t\u1ed1t v\u00ec \u0111\u01b0\u1ee3c ch\u01a1i trong th\u1eddi gian d\u00e0i. C\u1ea7n \u0111\u00e0n v\u00e0 action r\u1ea5t t\u1ed1t. N\u1ebfu kh\u00f4ng quan t\u00e2m nhi\u1ec1u \u0111\u1ebfn h\u00ecnh th\u1ee9c th\u00ec \u0111\u00e2y l\u00e0 c\u00e2y \u0111\u00e0n l\u00fd t\u01b0\u1edfng trong t\u1ea7m gi\u00e1 d\u01b0\u1edbi 10 tri\u1ec7u.<\/p>","protected":false},"featured_media":4102,"template":"","meta":[],"product_cat":[20,37],"product_tag":[],"class_list":["post-4101","product","type-product","status-publish","has-post-thumbnail","hentry","product_cat-dan-guitar","product_cat-nhat-cu"],"_links":{"self":[{"href":"https:\/\/emotionguitars.com\/en\/wp-json\/wp\/v2\/product\/4101","targetHints":{"allow":["GET"]}}],"collection":[{"href":"https:\/\/emotionguitars.com\/en\/wp-json\/wp\/v2\/product"}],"about":[{"href":"https:\/\/emotionguitars.com\/en\/wp-json\/wp\/v2\/types\/product"}],"wp:featuredmedia":[{"embeddable":true,"href":"https:\/\/emotionguitars.com\/en\/wp-json\/wp\/v2\/media\/4102"}],"wp:attachment":[{"href":"https:\/\/emotionguitars.com\/en\/wp-json\/wp\/v2\/media?parent=4101"}],"wp:term":[{"taxonomy":"product_cat","embeddable":true,"href":"https:\/\/emotionguitars.com\/en\/wp-json\/wp\/v2\/product_cat?post=4101"},{"taxonomy":"product_tag","embeddable":true,"href":"https:\/\/emotionguitars.com\/en\/wp-json\/wp\/v2\/product_tag?post=4101"}],"curies":[{"name":"wp","href":"https:\/\/api.w.org\/{rel}","templated":true}]}}