{"id":4107,"date":"2023-06-07T13:04:56","date_gmt":"2023-06-07T06:04:56","guid":{"rendered":"https:\/\/emotionguitars.com\/?post_type=product&#038;p=4107"},"modified":"2025-04-21T21:13:27","modified_gmt":"2025-04-21T14:13:27","slug":"zen-on-zg-300-very-good","status":"publish","type":"product","link":"https:\/\/emotionguitars.com\/en\/product\/zen-on-zg-300-very-good\/","title":{"rendered":"Zen-on ZG 300 (very good)"},"content":{"rendered":"<p>M\u1ed9t c\u00e2y \u0111\u00e0n c\u1ee7a h\u00e3ng \u0111\u00e0n ph\u1ed5 th\u00f4ng truy\u1ec1n th\u1ed1ng Zen-on. C\u00e2y \u0111\u00e0n c\u00f3 gi\u00e1 xu\u1ea5t x\u01b0\u1edfng l\u00e0 30.000\u00a5 Nh\u1eadt c\u00e1ch \u0111\u00e2y kho\u1ea3ng 40 n\u0103m tr\u01b0\u1edbc.<\/p>\n<p>H\u00ecnh th\u1ee9c \u0111\u1eb9p, g\u1ed7 \u0111\u00e0n \u0111\u01b0\u1ee3c x\u1eed l\u00fd r\u1ea5t t\u1ed1t c\u00f9ng c\u00e1c v\u1ecb tr\u00ed tr\u00ean \u0111\u00e0n v\u1eabn chu\u1ea9n x\u00e1c, t\u1ea1o n\u00ean m\u1ed9t c\u00e2y \u0111\u00e0n ph\u1ed5 th\u00f4ng d\u01b0\u1edbi 10 tri\u1ec7u kh\u00f3 c\u00f3 th\u1ec3 t\u1ed1t h\u01a1n.<\/p>","protected":false},"excerpt":{"rendered":"<p>M\u1ed9t c\u00e2y \u0111\u00e0n c\u1ee7a h\u00e3ng \u0111\u00e0n ph\u1ed5 th\u00f4ng truy\u1ec1n th\u1ed1ng Zen-on. C\u00e2y \u0111\u00e0n c\u00f3 gi\u00e1 xu\u1ea5t x\u01b0\u1edfng l\u00e0 30.000\u00a5 Nh\u1eadt c\u00e1ch \u0111\u00e2y kho\u1ea3ng 40 n\u0103m tr\u01b0\u1edbc. H\u00ecnh th\u1ee9c \u0111\u1eb9p, g\u1ed7 \u0111\u00e0n \u0111\u01b0\u1ee3c x\u1eed l\u00fd r\u1ea5t t\u1ed1t c\u00f9ng c\u00e1c v\u1ecb tr\u00ed tr\u00ean \u0111\u00e0n v\u1eabn chu\u1ea9n x\u00e1c, t\u1ea1o n\u00ean m\u1ed9t c\u00e2y \u0111\u00e0n ph\u1ed5 th\u00f4ng d\u01b0\u1edbi 10 tri\u1ec7u&#8230;<\/p>","protected":false},"featured_media":4108,"template":"","meta":[],"product_cat":[20,37],"product_tag":[192,691],"class_list":["post-4107","product","type-product","status-publish","has-post-thumbnail","hentry","product_cat-dan-guitar","product_cat-nhat-cu","product_tag-guitar-nhat-bai","product_tag-zenon-guitar"],"_links":{"self":[{"href":"https:\/\/emotionguitars.com\/en\/wp-json\/wp\/v2\/product\/4107","targetHints":{"allow":["GET"]}}],"collection":[{"href":"https:\/\/emotionguitars.com\/en\/wp-json\/wp\/v2\/product"}],"about":[{"href":"https:\/\/emotionguitars.com\/en\/wp-json\/wp\/v2\/types\/product"}],"wp:featuredmedia":[{"embeddable":true,"href":"https:\/\/emotionguitars.com\/en\/wp-json\/wp\/v2\/media\/4108"}],"wp:attachment":[{"href":"https:\/\/emotionguitars.com\/en\/wp-json\/wp\/v2\/media?parent=4107"}],"wp:term":[{"taxonomy":"product_cat","embeddable":true,"href":"https:\/\/emotionguitars.com\/en\/wp-json\/wp\/v2\/product_cat?post=4107"},{"taxonomy":"product_tag","embeddable":true,"href":"https:\/\/emotionguitars.com\/en\/wp-json\/wp\/v2\/product_tag?post=4107"}],"curies":[{"name":"wp","href":"https:\/\/api.w.org\/{rel}","templated":true}]}}